{"id":125353,"date":"2026-04-20T07:26:34","date_gmt":"2026-04-20T07:26:34","guid":{"rendered":"https:\/\/www.3p-gmbh.de\/?post_type=product&#038;p=125353"},"modified":"2026-04-20T07:26:35","modified_gmt":"2026-04-20T07:26:35","slug":"karcher-b-80-w-scheuersaugmaschine","status":"publish","type":"product","link":"https:\/\/www.3p-gmbh.de\/zh-hant\/produkt\/karcher-b-80-w-scheuersaugmaschine\/","title":{"rendered":"Karcher B 80 W Scheuersaugmaschine"},"content":{"rendered":"<p>Karcher B 80 W Scheuersaugmaschine &#8211; professioneller Nachl\u00e4ufer-Nassschrubbautomat mit Tellerb\u00fcrstenkopf und Fahrantrieb<br \/>\nprofessioneller Nachl\u00e4ufer-Nassschrubbautomat mit Tellerb\u00fcrstenkopf und Fahrantrieb,<\/p>\n<p>entwickelt f\u00fcr mittlere bis gro\u00dfe Fl\u00e4chen in Industrie, Geb\u00e4udereinigung und Facility Management.<\/p>\n<p>Diese Maschine wurde general\u00fcberholt \u2013 inklusive neuer B\u00fcrsten, neuer Sauglippen und neuer Batterien. Optional kann das K\u00e4rcher DOSE-Dosiersystem f\u00fcr automatische Reinigungsmittelzufuhr integriert werden. Je nach Bedarf ist die Maschine mit Walzen- oder Tellerb\u00fcrstenkopf erh\u00e4ltlich.<\/p>\n<p>Technische Daten (laut Hersteller, Modellreihe B 80 W):<br \/>\nHersteller: K\u00e4rcher<br \/>\nModell: B 80 W<br \/>\nSpannung: 24 V<br \/>\nLeistung: 2.000 W<br \/>\nArbeitsbreite B\u00fcrsten: 65\u201375 cm<br \/>\nArbeitsbreite Saugleiste: 94 cm<br \/>\nFrisch-\/Schmutzwassertank: 80 \/ 80 Liter<br \/>\nB\u00fcrstendrehzahl: 180\u20131.200 U\/min (je nach Kop<\/p>\n","protected":false},"excerpt":{"rendered":"<p>Karcher B 80 W Scheuersaugmaschine &#8211; professionel [&hellip;]<\/p>\n","protected":false},"featured_media":125354,"template":"","meta":[],"product_brand":[],"product_cat":[1505],"product_tag":[],"class_list":{"0":"post-125353","1":"product","2":"type-product","3":"status-publish","4":"has-post-thumbnail","6":"product_cat-lager-und-restbestaende","7":"pa_bezeichnung_typ-b-80-w","8":"pa_hersteller-karcher","10":"first","11":"instock","12":"taxable","13":"shipping-taxable","14":"product-type-simple"},"jetpack_sharing_enabled":true,"_links":{"self":[{"href":"https:\/\/www.3p-gmbh.de\/zh-hant\/wp-json\/wp\/v2\/product\/125353","targetHints":{"allow":["GET"]}}],"collection":[{"href":"https:\/\/www.3p-gmbh.de\/zh-hant\/wp-json\/wp\/v2\/product"}],"about":[{"href":"https:\/\/www.3p-gmbh.de\/zh-hant\/wp-json\/wp\/v2\/types\/product"}],"wp:featuredmedia":[{"embeddable":true,"href":"https:\/\/www.3p-gmbh.de\/zh-hant\/wp-json\/wp\/v2\/media\/125354"}],"wp:attachment":[{"href":"https:\/\/www.3p-gmbh.de\/zh-hant\/wp-json\/wp\/v2\/media?parent=125353"}],"wp:term":[{"taxonomy":"product_brand","embeddable":true,"href":"https:\/\/www.3p-gmbh.de\/zh-hant\/wp-json\/wp\/v2\/product_brand?post=125353"},{"taxonomy":"product_cat","embeddable":true,"href":"https:\/\/www.3p-gmbh.de\/zh-hant\/wp-json\/wp\/v2\/product_cat?post=125353"},{"taxonomy":"product_tag","embeddable":true,"href":"https:\/\/www.3p-gmbh.de\/zh-hant\/wp-json\/wp\/v2\/product_tag?post=125353"}],"curies":[{"name":"wp","href":"https:\/\/api.w.org\/{rel}","templated":true}]}}