{"id":125153,"date":"2026-03-03T07:08:18","date_gmt":"2026-03-03T07:08:18","guid":{"rendered":"https:\/\/www.3p-gmbh.de\/?post_type=product&#038;p=125153"},"modified":"2026-03-03T07:11:25","modified_gmt":"2026-03-03T07:11:25","slug":"klischeeherstellung-basf-flint-nyloprintanlage-cw-22-x-30","status":"publish","type":"product","link":"https:\/\/www.3p-gmbh.de\/zh-hant\/produkt\/klischeeherstellung-basf-flint-nyloprintanlage-cw-22-x-30\/","title":{"rendered":"Klischeeherstellung  BASF \/ Flint  Nyloprintanlage CW 22 x 30"},"content":{"rendered":"<p>Komplette Klischeeherstellungsanlage zur Herstellung von wasserauswaschbaren Nyloprintdruckformen<br \/>\n(BASF\/Flint) bis zu einem Format von 22 x 30cm<br \/>\naus 2006, Zustand wie neu<\/p>\n<p>Kombiger\u00e4t CW 22 x 30<br \/>\nbestehend aus:<br \/>\n&#8211; Belichter mit 6 UV-Lampen und Vacuumplatte mit Membranplatte<br \/>\n&#8211; Flachauswascher mit Regelung der Wassertemperatur von 20- 40\u00b0 C,<br \/>\nosszilierender Magnet-Klischeetr\u00e4ger 24x35cm, Durchflusssystem, automatischer B\u00fcrstendruckeinstellung f\u00fcr jede Materialst\u00e4rke<br \/>\n&#8211; Warmlufttrockner<\/p>\n","protected":false},"excerpt":{"rendered":"<p>Komplette Klischeeherstellungsanlage zur Herstellung vo [&hellip;]<\/p>\n","protected":false},"featured_media":125154,"template":"","meta":[],"product_brand":[],"product_cat":[343,1787],"product_tag":[],"class_list":{"0":"post-125153","1":"product","2":"type-product","3":"status-publish","4":"has-post-thumbnail","6":"product_cat-buchdruck","7":"product_cat-druckplattenverarbeitung","8":"pa_bezeichnung_typ-cw-22-x-30","9":"pa_hersteller-basf","11":"first","12":"instock","13":"taxable","14":"shipping-taxable","15":"product-type-simple"},"jetpack_sharing_enabled":true,"_links":{"self":[{"href":"https:\/\/www.3p-gmbh.de\/zh-hant\/wp-json\/wp\/v2\/product\/125153","targetHints":{"allow":["GET"]}}],"collection":[{"href":"https:\/\/www.3p-gmbh.de\/zh-hant\/wp-json\/wp\/v2\/product"}],"about":[{"href":"https:\/\/www.3p-gmbh.de\/zh-hant\/wp-json\/wp\/v2\/types\/product"}],"wp:featuredmedia":[{"embeddable":true,"href":"https:\/\/www.3p-gmbh.de\/zh-hant\/wp-json\/wp\/v2\/media\/125154"}],"wp:attachment":[{"href":"https:\/\/www.3p-gmbh.de\/zh-hant\/wp-json\/wp\/v2\/media?parent=125153"}],"wp:term":[{"taxonomy":"product_brand","embeddable":true,"href":"https:\/\/www.3p-gmbh.de\/zh-hant\/wp-json\/wp\/v2\/product_brand?post=125153"},{"taxonomy":"product_cat","embeddable":true,"href":"https:\/\/www.3p-gmbh.de\/zh-hant\/wp-json\/wp\/v2\/product_cat?post=125153"},{"taxonomy":"product_tag","embeddable":true,"href":"https:\/\/www.3p-gmbh.de\/zh-hant\/wp-json\/wp\/v2\/product_tag?post=125153"}],"curies":[{"name":"wp","href":"https:\/\/api.w.org\/{rel}","templated":true}]}}