{"id":125123,"date":"2026-02-26T07:36:43","date_gmt":"2026-02-26T07:36:43","guid":{"rendered":"https:\/\/www.3p-gmbh.de\/?post_type=product&#038;p=125123"},"modified":"2026-02-26T07:37:36","modified_gmt":"2026-02-26T07:37:36","slug":"zaehlwaage-polar-mohr-fuer-plattformgroesse-ruettler-polar-mohr-ra-4-oder-auch-halbformat-ra-2","status":"publish","type":"product","link":"https:\/\/www.3p-gmbh.de\/zh-hant\/produkt\/zaehlwaage-polar-mohr-fuer-plattformgroesse-ruettler-polar-mohr-ra-4-oder-auch-halbformat-ra-2\/","title":{"rendered":"Z\u00e4hlwaage Polar Mohr f\u00fcr Plattformgr\u00f6\u00dfe R\u00fcttler Polar Mohr RA-4 oder auch Halbformat RA-2"},"content":{"rendered":"<p>Z\u00e4hlwaage Polar Mohr f\u00fcr Plattformgr\u00f6\u00dfe R\u00fcttler Polar Mohr RA-4 oder auch Halbformat RA-2<br \/>\naus 2018<br \/>\nzum erstellen von mengengenauen Schneidlagen<\/p>\n","protected":false},"excerpt":{"rendered":"<p>Z\u00e4hlwaage Polar Mohr f\u00fcr Plattformgr\u00f6\u00dfe R\u00fcttler Polar M [&hellip;]<\/p>\n","protected":false},"featured_media":125124,"template":"","meta":[],"product_brand":[],"product_cat":[788],"product_tag":[],"class_list":{"0":"post-125123","1":"product","2":"type-product","3":"status-publish","4":"has-post-thumbnail","6":"product_cat-schneidemaschinen","7":"pa_hersteller-polar-mohr","9":"first","10":"instock","11":"taxable","12":"shipping-taxable","13":"product-type-simple"},"jetpack_sharing_enabled":true,"_links":{"self":[{"href":"https:\/\/www.3p-gmbh.de\/zh-hant\/wp-json\/wp\/v2\/product\/125123","targetHints":{"allow":["GET"]}}],"collection":[{"href":"https:\/\/www.3p-gmbh.de\/zh-hant\/wp-json\/wp\/v2\/product"}],"about":[{"href":"https:\/\/www.3p-gmbh.de\/zh-hant\/wp-json\/wp\/v2\/types\/product"}],"wp:featuredmedia":[{"embeddable":true,"href":"https:\/\/www.3p-gmbh.de\/zh-hant\/wp-json\/wp\/v2\/media\/125124"}],"wp:attachment":[{"href":"https:\/\/www.3p-gmbh.de\/zh-hant\/wp-json\/wp\/v2\/media?parent=125123"}],"wp:term":[{"taxonomy":"product_brand","embeddable":true,"href":"https:\/\/www.3p-gmbh.de\/zh-hant\/wp-json\/wp\/v2\/product_brand?post=125123"},{"taxonomy":"product_cat","embeddable":true,"href":"https:\/\/www.3p-gmbh.de\/zh-hant\/wp-json\/wp\/v2\/product_cat?post=125123"},{"taxonomy":"product_tag","embeddable":true,"href":"https:\/\/www.3p-gmbh.de\/zh-hant\/wp-json\/wp\/v2\/product_tag?post=125123"}],"curies":[{"name":"wp","href":"https:\/\/api.w.org\/{rel}","templated":true}]}}