{"id":125110,"date":"2026-02-16T14:06:16","date_gmt":"2026-02-16T14:06:16","guid":{"rendered":"https:\/\/www.3p-gmbh.de\/?post_type=product&#038;p=125110"},"modified":"2026-02-16T14:06:16","modified_gmt":"2026-02-16T14:06:16","slug":"torre-minipack-mailbag","status":"publish","type":"product","link":"https:\/\/www.3p-gmbh.de\/zh-hant\/produkt\/torre-minipack-mailbag\/","title":{"rendered":"Torre MiniPack Mailbag"},"content":{"rendered":"<p>Torre MiniPack Mailbag<br \/>\naus 2006<\/p>\n<p>die automatische Vertikal-Verpackungsmaschine, ideal f\u00fcr Zeitschriften, Mitteilungsbl\u00e4ttern, Katalogen und Ver\u00f6ffentlichungen.<\/p>\n<p>Die Folienspule steckt bei dieser Maschine auf einer motorisierten Rolle. Eine Falzvorrichtung biegt die Folie zu einem geschlossenen Beutel, der das Produkt enth\u00e4lt. Am Ende des Verfahrens wird das Produkt automatisch ausgestossen.<\/p>\n","protected":false},"excerpt":{"rendered":"<p>Torre MiniPack Mailbag aus 2006 die automatische Vertik [&hellip;]<\/p>\n","protected":false},"featured_media":125111,"template":"","meta":[],"product_brand":[],"product_cat":[4129],"product_tag":[],"class_list":{"0":"post-125110","1":"product","2":"type-product","3":"status-publish","4":"has-post-thumbnail","6":"product_cat-verpackungstechnik","7":"pa_hersteller-torre","8":"pa_typ-mailbag","10":"first","11":"instock","12":"taxable","13":"shipping-taxable","14":"product-type-simple"},"jetpack_sharing_enabled":true,"_links":{"self":[{"href":"https:\/\/www.3p-gmbh.de\/zh-hant\/wp-json\/wp\/v2\/product\/125110","targetHints":{"allow":["GET"]}}],"collection":[{"href":"https:\/\/www.3p-gmbh.de\/zh-hant\/wp-json\/wp\/v2\/product"}],"about":[{"href":"https:\/\/www.3p-gmbh.de\/zh-hant\/wp-json\/wp\/v2\/types\/product"}],"wp:featuredmedia":[{"embeddable":true,"href":"https:\/\/www.3p-gmbh.de\/zh-hant\/wp-json\/wp\/v2\/media\/125111"}],"wp:attachment":[{"href":"https:\/\/www.3p-gmbh.de\/zh-hant\/wp-json\/wp\/v2\/media?parent=125110"}],"wp:term":[{"taxonomy":"product_brand","embeddable":true,"href":"https:\/\/www.3p-gmbh.de\/zh-hant\/wp-json\/wp\/v2\/product_brand?post=125110"},{"taxonomy":"product_cat","embeddable":true,"href":"https:\/\/www.3p-gmbh.de\/zh-hant\/wp-json\/wp\/v2\/product_cat?post=125110"},{"taxonomy":"product_tag","embeddable":true,"href":"https:\/\/www.3p-gmbh.de\/zh-hant\/wp-json\/wp\/v2\/product_tag?post=125110"}],"curies":[{"name":"wp","href":"https:\/\/api.w.org\/{rel}","templated":true}]}}