{"id":125049,"date":"2026-02-09T08:31:47","date_gmt":"2026-02-09T08:31:47","guid":{"rendered":"https:\/\/www.3p-gmbh.de\/?post_type=product&#038;p=125049"},"modified":"2026-02-09T08:31:48","modified_gmt":"2026-02-09T08:31:48","slug":"buersten-passend-fuer-sammelhefter-mueller-martini-235-und-335","status":"publish","type":"product","link":"https:\/\/www.3p-gmbh.de\/zh-hant\/produkt\/buersten-passend-fuer-sammelhefter-mueller-martini-235-und-335\/","title":{"rendered":"B\u00fcrsten passend f\u00fcr Sammelhefter M\u00fcller Martini 235 und 335"},"content":{"rendered":"<p>B\u00fcrsten passend f\u00fcr Sammelhefter M\u00fcller Martini 235 und 335<\/p>\n","protected":false},"excerpt":{"rendered":"<p>B\u00fcrsten passend f\u00fcr Sammelhefter M\u00fcller Martini 235 und [&hellip;]<\/p>\n","protected":false},"featured_media":125051,"template":"","meta":[],"product_brand":[],"product_cat":[86],"product_tag":[],"class_list":{"0":"post-125049","1":"product","2":"type-product","3":"status-publish","4":"has-post-thumbnail","6":"product_cat-sammelhefter","8":"first","9":"instock","10":"taxable","11":"shipping-taxable","12":"product-type-simple"},"jetpack_sharing_enabled":true,"_links":{"self":[{"href":"https:\/\/www.3p-gmbh.de\/zh-hant\/wp-json\/wp\/v2\/product\/125049","targetHints":{"allow":["GET"]}}],"collection":[{"href":"https:\/\/www.3p-gmbh.de\/zh-hant\/wp-json\/wp\/v2\/product"}],"about":[{"href":"https:\/\/www.3p-gmbh.de\/zh-hant\/wp-json\/wp\/v2\/types\/product"}],"wp:featuredmedia":[{"embeddable":true,"href":"https:\/\/www.3p-gmbh.de\/zh-hant\/wp-json\/wp\/v2\/media\/125051"}],"wp:attachment":[{"href":"https:\/\/www.3p-gmbh.de\/zh-hant\/wp-json\/wp\/v2\/media?parent=125049"}],"wp:term":[{"taxonomy":"product_brand","embeddable":true,"href":"https:\/\/www.3p-gmbh.de\/zh-hant\/wp-json\/wp\/v2\/product_brand?post=125049"},{"taxonomy":"product_cat","embeddable":true,"href":"https:\/\/www.3p-gmbh.de\/zh-hant\/wp-json\/wp\/v2\/product_cat?post=125049"},{"taxonomy":"product_tag","embeddable":true,"href":"https:\/\/www.3p-gmbh.de\/zh-hant\/wp-json\/wp\/v2\/product_tag?post=125049"}],"curies":[{"name":"wp","href":"https:\/\/api.w.org\/{rel}","templated":true}]}}