{"id":124516,"date":"2026-01-22T08:26:35","date_gmt":"2026-01-22T08:26:35","guid":{"rendered":"https:\/\/www.3p-gmbh.de\/?post_type=product&#038;p=124516"},"modified":"2026-01-22T08:31:19","modified_gmt":"2026-01-22T08:31:19","slug":"renz-punch-500-stanzwerkzeug-teilung-41-oval-loch-ca-3-5-x-5mm-fuer-spiralfoermige-bindung","status":"publish","type":"product","link":"https:\/\/www.3p-gmbh.de\/zh-hant\/produkt\/renz-punch-500-stanzwerkzeug-teilung-41-oval-loch-ca-3-5-x-5mm-fuer-spiralfoermige-bindung\/","title":{"rendered":"Renz Punch 500 Stanzwerkzeug Teilung 4:1, oval Loch ca. 3.5 x 5mm f\u00fcr Spiralf\u00f6rmige Bindung"},"content":{"rendered":"<p>Renz Punch 500 Stanzwerkzeug Teilung 4:1, oval Loch ca. 3.5 x 5mm f\u00fcr Spiralf\u00f6rmige Bindung<\/p>\n","protected":false},"excerpt":{"rendered":"<p>Renz Punch 500 Stanzwerkzeug Teilung 4:1, oval Loch ca. [&hellip;]<\/p>\n","protected":false},"featured_media":124517,"template":"","meta":[],"product_brand":[],"product_cat":[1760],"product_tag":[],"class_list":{"0":"post-124516","1":"product","2":"type-product","3":"status-publish","4":"has-post-thumbnail","6":"product_cat-stanzen","7":"pa_bezeichnung_typ-punch-500","8":"pa_hersteller-renz","10":"first","11":"instock","12":"taxable","13":"shipping-taxable","14":"product-type-simple"},"jetpack_sharing_enabled":true,"_links":{"self":[{"href":"https:\/\/www.3p-gmbh.de\/zh-hant\/wp-json\/wp\/v2\/product\/124516","targetHints":{"allow":["GET"]}}],"collection":[{"href":"https:\/\/www.3p-gmbh.de\/zh-hant\/wp-json\/wp\/v2\/product"}],"about":[{"href":"https:\/\/www.3p-gmbh.de\/zh-hant\/wp-json\/wp\/v2\/types\/product"}],"wp:featuredmedia":[{"embeddable":true,"href":"https:\/\/www.3p-gmbh.de\/zh-hant\/wp-json\/wp\/v2\/media\/124517"}],"wp:attachment":[{"href":"https:\/\/www.3p-gmbh.de\/zh-hant\/wp-json\/wp\/v2\/media?parent=124516"}],"wp:term":[{"taxonomy":"product_brand","embeddable":true,"href":"https:\/\/www.3p-gmbh.de\/zh-hant\/wp-json\/wp\/v2\/product_brand?post=124516"},{"taxonomy":"product_cat","embeddable":true,"href":"https:\/\/www.3p-gmbh.de\/zh-hant\/wp-json\/wp\/v2\/product_cat?post=124516"},{"taxonomy":"product_tag","embeddable":true,"href":"https:\/\/www.3p-gmbh.de\/zh-hant\/wp-json\/wp\/v2\/product_tag?post=124516"}],"curies":[{"name":"wp","href":"https:\/\/api.w.org\/{rel}","templated":true}]}}