{"id":120993,"date":"2024-12-12T10:25:09","date_gmt":"2024-12-12T10:25:09","guid":{"rendered":"https:\/\/www.3p-gmbh.de\/?post_type=product&#038;p=120993"},"modified":"2024-12-12T10:25:09","modified_gmt":"2024-12-12T10:25:09","slug":"sigloch-pulltester-pt-1","status":"publish","type":"product","link":"https:\/\/www.3p-gmbh.de\/zh-hant\/produkt\/sigloch-pulltester-pt-1\/","title":{"rendered":"Sigloch Pulltester PT-1"},"content":{"rendered":"<p><span style=\"color: #0000ff;\"><strong>Sigloch Pulltester PT-1<\/strong><\/span><\/p>\n<div><span style=\"color: #ff0000;\"><strong>aus 2002<\/strong><\/span><\/div>\n<div>max. Einlegebreite 66cm<\/div>\n<div>Messergebnisanzeige in Newtonmeter<\/div>\n<div>Stromanschluss 220Volt<\/div>\n<div>Der Pulltest ist die Pr\u00fcfung der Blattausrei\u00dffestigkeit eines klebegebundenen Buch- oder Broschurenblocks.<\/div>\n<div>Dazu wird das Blatt in eine Vorrichtung eingespannt und mit einer gleichm\u00e4\u00dfigen Kraft belastet.<\/div>\n<div>Dabei kommt es zum Blattausriss aus dem Klebstofffilm am R\u00fccken des Blocks.<\/div>\n<div>Die daf\u00fcr notwendige Kraft wird durch die R\u00fcckenl\u00e4nge geteilt, sodass am Ende der Messwert in N\/cm vorliegt.<\/div>\n<div>Ein Riss des Inhaltspapiers zeigt, dass die Festigkeit des Klebstofffilms h\u00f6her als die Materialfestigkeit ist.<\/div>\n<div>Wenn ein Riss im Material oder eine Kombination aus Materialriss und Ausriss aus dem Klebstofffilm auftritt,<\/div>\n<div>wird der dabei gewonnene Messwert nicht zur Ermittlung herangezogen und ist zu verwerfen.<\/div>\n<div><\/div>\n<div>\nSeitens des Bundesverbands Druck und Medien e. V. (bvdm) wurden Sollwerte f\u00fcr den Pulltest ver\u00f6ffentlicht.<\/div>\n<div>Sie unterscheiden sich nach Hei\u00dfschmelz- und Dispersionsklebstoffen.<\/div>\n<div>\nDispersionsklebstoff\u00a0\u00a0\u00a0\u00a0\u00a0\u00a0\u00a0 Rangstufen\u00a0\u00a0\u00a0\u00a0\u00a0\u00a0\u00a0\u00a0\u00a0\u00a0\u00a0\u00a0\u00a0\u00a0\u00a0\u00a0\u00a0\u00a0\u00a0\u00a0\u00a0\u00a0\u00a0\u00a0\u00a0\u00a0\u00a0\u00a0\u00a0\u00a0\u00a0\u00a0\u00a0\u00a0\u00a0\u00a0\u00a0 Hei\u00dfschmelzklebstoff<\/div>\n<div>\n&lt; 5,5 N\/cm\u00a0\u00a0\u00a0\u00a0\u00a0\u00a0\u00a0\u00a0\u00a0\u00a0\u00a0\u00a0\u00a0\u00a0\u00a0\u00a0\u00a0\u00a0\u00a0 \u00a0schlechte Bindefestigkeit\u00a0\u00a0\u00a0\u00a0\u00a0\u00a0\u00a0\u00a0\u00a0\u00a0\u00a0\u00a0\u00a0\u00a0\u00a0\u00a0\u00a0 &lt; 4,5 N\/cm<br \/>\n5,5 \u2026 6,5 N\/cm\u00a0\u00a0\u00a0\u00a0\u00a0\u00a0\u00a0\u00a0\u00a0\u00a0\u00a0\u00a0\u00a0 ausreichende Bindefestigkeit\u00a0\u00a0\u00a0\u00a0\u00a0\u00a0\u00a0\u00a0\u00a0\u00a0\u00a0\u00a0 4,5 \u2026 6,2 N\/cm<br \/>\n6,5 \u2026 7,5 N\/cm\u00a0\u00a0\u00a0\u00a0\u00a0\u00a0\u00a0\u00a0\u00a0\u00a0\u00a0\u00a0\u00a0 gute Bindefestigkeit\u00a0\u00a0\u00a0\u00a0\u00a0\u00a0\u00a0\u00a0\u00a0\u00a0\u00a0\u00a0\u00a0\u00a0\u00a0\u00a0\u00a0\u00a0\u00a0\u00a0\u00a0\u00a0\u00a0\u00a0\u00a0 6,2 \u2026 7,2 N\/cm<br \/>\n&gt; 7,5 N\/cm\u00a0\u00a0\u00a0\u00a0\u00a0\u00a0\u00a0\u00a0\u00a0\u00a0\u00a0\u00a0\u00a0\u00a0\u00a0\u00a0\u00a0\u00a0\u00a0 sehr gute Bindefestigkeit\u00a0\u00a0\u00a0\u00a0\u00a0\u00a0\u00a0\u00a0\u00a0\u00a0\u00a0\u00a0\u00a0\u00a0\u00a0\u00a0\u00a0\u00a0 &gt; 7,2 N\/cm<\/div>\n<div><\/div>\n","protected":false},"excerpt":{"rendered":"<p>Sigloch Pulltester PT-1 aus 2002 max. Einlegebreite 66c [&hellip;]<\/p>\n","protected":false},"featured_media":120994,"template":"","meta":[],"product_brand":[],"product_cat":[1751],"product_tag":[],"class_list":{"0":"post-120993","1":"product","2":"type-product","3":"status-publish","4":"has-post-thumbnail","6":"product_cat-klebebinder","8":"first","9":"instock","10":"taxable","11":"shipping-taxable","12":"product-type-simple"},"jetpack_sharing_enabled":true,"_links":{"self":[{"href":"https:\/\/www.3p-gmbh.de\/zh-hant\/wp-json\/wp\/v2\/product\/120993","targetHints":{"allow":["GET"]}}],"collection":[{"href":"https:\/\/www.3p-gmbh.de\/zh-hant\/wp-json\/wp\/v2\/product"}],"about":[{"href":"https:\/\/www.3p-gmbh.de\/zh-hant\/wp-json\/wp\/v2\/types\/product"}],"wp:featuredmedia":[{"embeddable":true,"href":"https:\/\/www.3p-gmbh.de\/zh-hant\/wp-json\/wp\/v2\/media\/120994"}],"wp:attachment":[{"href":"https:\/\/www.3p-gmbh.de\/zh-hant\/wp-json\/wp\/v2\/media?parent=120993"}],"wp:term":[{"taxonomy":"product_brand","embeddable":true,"href":"https:\/\/www.3p-gmbh.de\/zh-hant\/wp-json\/wp\/v2\/product_brand?post=120993"},{"taxonomy":"product_cat","embeddable":true,"href":"https:\/\/www.3p-gmbh.de\/zh-hant\/wp-json\/wp\/v2\/product_cat?post=120993"},{"taxonomy":"product_tag","embeddable":true,"href":"https:\/\/www.3p-gmbh.de\/zh-hant\/wp-json\/wp\/v2\/product_tag?post=120993"}],"curies":[{"name":"wp","href":"https:\/\/api.w.org\/{rel}","templated":true}]}}