{"id":117334,"date":"2024-08-19T09:24:18","date_gmt":"2024-08-19T09:24:18","guid":{"rendered":"https:\/\/www.3p-gmbh.de\/?post_type=product&#038;p=117334"},"modified":"2026-01-26T13:36:13","modified_gmt":"2026-01-26T13:36:13","slug":"mobiler-steckbarer-werkstattkran-mks-750","status":"publish","type":"product","link":"https:\/\/www.3p-gmbh.de\/zh-hant\/produkt\/mobiler-steckbarer-werkstattkran-mks-750\/","title":{"rendered":"Mobiler, steckbarer Werkstattkran MKS 750"},"content":{"rendered":"<div><span style=\"color: #0000ff;\">Mobiler, steckbarer Werkstattkran MKS 750<\/span><\/div>\n<div><\/div>\n<div>ein idealer Helfer in Autowerkst\u00e4tten, der Industrie und im landwirtschaftlichen Bereich.<br \/>\nDie klappbaren Ausleger erm\u00f6glichen eine platzsparende Unterbringung.<br \/>\nEine \u00fcberdimensionierte Hydraulik sowie stabile Profile stehen f\u00fcr ein sicheres Heben.Doppelt wirkende Hydraulikpumpe zum schnelleren Heben<br \/>\nFahrwerk zusammenklappbar &#8211; leichtes, platzsparendes Verstauen des Werkstattkranes<br \/>\nIdeal zum Ein- und Ausbauen von Motoren<br \/>\nKranausleger mit 4 Verstellm\u00f6glichkeiten<br \/>\nrobuste Hydraulik \/ Senkgeschwindigkeit fein regulierbar Hydraulik mit Sicherheits-R\u00fcckstellfeder<br \/>\nKugelgelagerte Lenkr\u00e4der<br \/>\nGro\u00dfe Laufr\u00e4der zum leichten Rangieren<br \/>\nAlle R\u00e4der mit Fu\u00dfschutz<br \/>\nAlle Krane mit CE<\/p>\n<p>er wurde kompakter ausgef\u00fchrt (St\u00fctzbeine gek\u00fcrzt und Zusatzgewichte montiert und ist deshalb\u00a0 ausgelegt bis 250 kg!<br \/>\ngut auf den Bildern zu sehen!<\/p>\n<\/div>\n","protected":false},"excerpt":{"rendered":"<p>Mobiler, steckbarer Werkstattkran MKS 750 ein idealer H [&hellip;]<\/p>\n","protected":false},"featured_media":117380,"template":"","meta":[],"product_brand":[],"product_cat":[2140],"product_tag":[],"class_list":{"0":"post-117334","1":"product","2":"type-product","3":"status-publish","4":"has-post-thumbnail","6":"product_cat-werkstattausruestung","8":"first","9":"instock","10":"taxable","11":"shipping-taxable","12":"product-type-simple"},"jetpack_sharing_enabled":true,"_links":{"self":[{"href":"https:\/\/www.3p-gmbh.de\/zh-hant\/wp-json\/wp\/v2\/product\/117334","targetHints":{"allow":["GET"]}}],"collection":[{"href":"https:\/\/www.3p-gmbh.de\/zh-hant\/wp-json\/wp\/v2\/product"}],"about":[{"href":"https:\/\/www.3p-gmbh.de\/zh-hant\/wp-json\/wp\/v2\/types\/product"}],"wp:featuredmedia":[{"embeddable":true,"href":"https:\/\/www.3p-gmbh.de\/zh-hant\/wp-json\/wp\/v2\/media\/117380"}],"wp:attachment":[{"href":"https:\/\/www.3p-gmbh.de\/zh-hant\/wp-json\/wp\/v2\/media?parent=117334"}],"wp:term":[{"taxonomy":"product_brand","embeddable":true,"href":"https:\/\/www.3p-gmbh.de\/zh-hant\/wp-json\/wp\/v2\/product_brand?post=117334"},{"taxonomy":"product_cat","embeddable":true,"href":"https:\/\/www.3p-gmbh.de\/zh-hant\/wp-json\/wp\/v2\/product_cat?post=117334"},{"taxonomy":"product_tag","embeddable":true,"href":"https:\/\/www.3p-gmbh.de\/zh-hant\/wp-json\/wp\/v2\/product_tag?post=117334"}],"curies":[{"name":"wp","href":"https:\/\/api.w.org\/{rel}","templated":true}]}}