{"id":95303,"date":"2022-08-03T11:01:15","date_gmt":"2022-08-03T11:01:15","guid":{"rendered":"https:\/\/www.3p-gmbh.de\/produkt\/konings-koenings-ktw-1303-e-mit-stacker-32up-thermischer-ctp-belichter-fuer-toray-wasserlose-offsetplatten\/"},"modified":"2024-07-10T05:28:51","modified_gmt":"2024-07-10T05:28:51","slug":"konings-koenings-ktw-1303-e-mit-stapler-32up-thermischer-ctp-prozessor-fuer-toray-wasserlose-versatzplatten","status":"publish","type":"product","link":"https:\/\/www.3p-gmbh.de\/uk\/produkt\/konings-koenings-ktw-1303-e-mit-stapler-32up-thermischer-ctp-prozessor-fuer-toray-wasserlose-versatzplatten\/","title":{"rendered":"Konings \/ K\u00f6nings KTW 1303-E mit Stacker 32up thermischer CTP Belichter f\u00fcr toray wasserlose Offsetplatten"},"content":{"rendered":"<p><strong>Konings \/ K\u00f6nings KTW 1303-E mit Stacker 32up thermischer CTP Belichter f\u00fcr toray wasserlose Offsetplatten<br \/>\n<\/strong>Baujahr 2004<\/p>\n<p>3 B\u00e4der<br \/>\nEinlauf 1300mm<\/p>\n","protected":false},"excerpt":{"rendered":"<p>Konings \/ K\u00f6nings KTW 1303-E mit Stacker 32up thermischer CTP Belichter f\u00fcr toray wasserlose Offsetplatten Baujahr 2004 3 B\u00e4der Einlauf 1300mm<\/p>\n","protected":false},"featured_media":44826,"template":"","meta":[],"product_brand":[],"product_cat":[2753,15],"product_tag":[],"class_list":{"0":"post-95303","1":"product","2":"type-product","3":"status-publish","4":"has-post-thumbnail","6":"product_cat-druckplattenverarbeitung-2","7":"product_cat-unkategorisiert","8":"pa_hersteller-koenings","9":"pa_typ-ktw-1303-e","11":"first","12":"instock","13":"taxable","14":"shipping-taxable","15":"product-type-simple"},"jetpack_sharing_enabled":true,"_links":{"self":[{"href":"https:\/\/www.3p-gmbh.de\/uk\/wp-json\/wp\/v2\/product\/95303","targetHints":{"allow":["GET"]}}],"collection":[{"href":"https:\/\/www.3p-gmbh.de\/uk\/wp-json\/wp\/v2\/product"}],"about":[{"href":"https:\/\/www.3p-gmbh.de\/uk\/wp-json\/wp\/v2\/types\/product"}],"wp:featuredmedia":[{"embeddable":true,"href":"https:\/\/www.3p-gmbh.de\/uk\/wp-json\/wp\/v2\/media\/44826"}],"wp:attachment":[{"href":"https:\/\/www.3p-gmbh.de\/uk\/wp-json\/wp\/v2\/media?parent=95303"}],"wp:term":[{"taxonomy":"product_brand","embeddable":true,"href":"https:\/\/www.3p-gmbh.de\/uk\/wp-json\/wp\/v2\/product_brand?post=95303"},{"taxonomy":"product_cat","embeddable":true,"href":"https:\/\/www.3p-gmbh.de\/uk\/wp-json\/wp\/v2\/product_cat?post=95303"},{"taxonomy":"product_tag","embeddable":true,"href":"https:\/\/www.3p-gmbh.de\/uk\/wp-json\/wp\/v2\/product_tag?post=95303"}],"curies":[{"name":"wp","href":"https:\/\/api.w.org\/{rel}","templated":true}]}}