{"id":94673,"date":"2021-01-11T18:27:28","date_gmt":"2021-01-11T18:27:28","guid":{"rendered":"https:\/\/www.3p-gmbh.de\/produkt\/vlf-luescher-xpose-260-uv-ctp-anlage-mit-tiff-shooter\/"},"modified":"2023-09-25T00:04:40","modified_gmt":"2023-09-25T00:04:40","slug":"vlf-luescher-xpose-260-uv-ctp-system-mit-tiff-shooter","status":"publish","type":"product","link":"https:\/\/www.3p-gmbh.de\/uk\/produkt\/vlf-luescher-xpose-260-uv-ctp-system-mit-tiff-shooter\/","title":{"rendered":"VLF L\u00fcscher Xpose! 260 UV CTP-Anlage mit Tiff-Shooter"},"content":{"rendered":"<div><strong><span style=\"color: #0000ff;\">VLF L\u00fcscher Xpose! 260 UV CtP-Anlage mit Tiff-Shooter<\/span><\/strong><\/div>\n<div><span style=\"color: #0000ff;\"><strong>Baujahr 2008<\/strong><\/span><\/div>\n<div><strong><span style=\"color: #0000ff;\">UV mit 128 Nichia-Dioden 120mW bei 405 nm<\/span><\/strong><\/div>\n<div><strong><span style=\"color: #0000ff;\">Lasertime 15936<\/span><\/strong><\/div>\n<div><strong><span style=\"color: #0000ff;\">Schleifringaufl\u00f6sung 65%<\/span><\/strong><\/div>\n<div><\/div>\n<div>&#8211; max. Plattengr\u00f6\u00dfe 1680 x 1370 mm<\/div>\n<div>&#8211; Plattenst\u00e4rke f\u00fcr Metallplatten 0,25 &#8211; 0,5 mm<\/div>\n<div>&#8211; Aufl\u00f6sung 2400dpi<\/div>\n<div><\/div>\n<div><a href=\"https:\/\/www.3p-gmbh.de\/wp-content\/uploads\/2021\/01\/06_XPose-UV_EN.pdf\">06_XPose! UV_DE<\/a><\/div>\n","protected":false},"excerpt":{"rendered":"<p>VLF L\u00fcscher Xpose! 260 UV CtP-Anlage mit Tiff-Shooter Baujahr 2008 UV mit 128 Nichia-Dioden 120mW bei 405 nm Lasertime 15936 Schleifringaufl\u00f6sung 65% &#8211; max. Plattengr\u00f6\u00dfe 1680 x 1370 mm &#8211; Plattenst\u00e4rke f\u00fcr Metallplatten 0,25 &#8211; 0,5 mm &#8211; Aufl\u00f6sung 2400dpi 06_XPose! UV_DE<\/p>\n","protected":false},"featured_media":35671,"template":"","meta":[],"product_brand":[],"product_cat":[82,15],"product_tag":[],"class_list":{"0":"post-94673","1":"product","2":"type-product","3":"status-publish","4":"has-post-thumbnail","6":"product_cat-computer-to-plate-systeme","7":"product_cat-unkategorisiert","8":"pa_hersteller-luescher-2","9":"pa_typ-xpose-260-uv","11":"first","12":"instock","13":"taxable","14":"shipping-taxable","15":"product-type-simple"},"jetpack_sharing_enabled":true,"_links":{"self":[{"href":"https:\/\/www.3p-gmbh.de\/uk\/wp-json\/wp\/v2\/product\/94673","targetHints":{"allow":["GET"]}}],"collection":[{"href":"https:\/\/www.3p-gmbh.de\/uk\/wp-json\/wp\/v2\/product"}],"about":[{"href":"https:\/\/www.3p-gmbh.de\/uk\/wp-json\/wp\/v2\/types\/product"}],"wp:featuredmedia":[{"embeddable":true,"href":"https:\/\/www.3p-gmbh.de\/uk\/wp-json\/wp\/v2\/media\/35671"}],"wp:attachment":[{"href":"https:\/\/www.3p-gmbh.de\/uk\/wp-json\/wp\/v2\/media?parent=94673"}],"wp:term":[{"taxonomy":"product_brand","embeddable":true,"href":"https:\/\/www.3p-gmbh.de\/uk\/wp-json\/wp\/v2\/product_brand?post=94673"},{"taxonomy":"product_cat","embeddable":true,"href":"https:\/\/www.3p-gmbh.de\/uk\/wp-json\/wp\/v2\/product_cat?post=94673"},{"taxonomy":"product_tag","embeddable":true,"href":"https:\/\/www.3p-gmbh.de\/uk\/wp-json\/wp\/v2\/product_tag?post=94673"}],"curies":[{"name":"wp","href":"https:\/\/api.w.org\/{rel}","templated":true}]}}