{"id":125356,"date":"2026-04-20T10:54:33","date_gmt":"2026-04-20T10:54:33","guid":{"rendered":"https:\/\/www.3p-gmbh.de\/?post_type=product&#038;p=125356"},"modified":"2026-04-20T10:54:33","modified_gmt":"2026-04-20T10:54:33","slug":"2018-polar-ruettelautomat-ra-4-mit-luftausstreichwalze-und-pneumatischen-klappanschlaegen","status":"publish","type":"product","link":"https:\/\/www.3p-gmbh.de\/uk\/produkt\/2018-polar-ruettelautomat-ra-4-mit-luftausstreichwalze-und-pneumatischen-klappanschlaegen\/","title":{"rendered":"2018 Polar R\u00fcttelautomat RA-4 mit Luftausstreichwalze und pneumatischen Klappanschl\u00e4gen"},"content":{"rendered":"<p>2018 Polar R\u00fcttelautomat RA-4 mit Luftausstreichwalze und pneumatischen Klappanschl\u00e4gen<br \/>\naus 2018<\/p>\n<div id=\"tobit_rforig281c\">\n<div><span style=\"font-size: large;\">Nach abgeschlossenem R\u00fcttelvorgang wird die Luft aus der Schneidlage gepresst.<br \/>\nSie k\u00f6nnen 1- oder 2-mal ausstreichen, wobei der Pressdruck des ersten Ausstreichvorganges einstellbar ist und bei geneigtem Tisch auch \u201ezwischendurch ausstreichen\u201c<br \/>\n<\/span><\/div>\n<\/div>\n<div id=\"tobit_rforig281c\">\n<div><span style=\"font-size: large;\">Tischgr\u00f6\u00dfe 900x1150mm Edelstahl-Plattiert\u00a0(alle Funktionen f\u00fcr m\u00f6gliche Greiferzangen rechts haben wir mit Blindstecker stillgelegt, bei Druckluft schlie\u00dft sich die Oberfl\u00e4che vollst\u00e4ndig )<br \/>\nLagenh\u00f6he min. 30 mm<br \/>\nLagenh\u00f6he man. 165 mm<br \/>\nTischh\u00f6he 860 &#8211; 950 mm<br \/>\nDruckluftbedarf bei 6 &#8211; 8 bar \u00a0ca. 2L\/min<\/span><\/div>\n<\/div>\n","protected":false},"excerpt":{"rendered":"<p>2018 Polar R\u00fcttelautomat RA-4 mit Luftausstreichwalze und pneumatischen Klappanschl\u00e4gen aus 2018 Nach abgeschlossenem R\u00fcttelvorgang wird die Luft aus der Schneidlage gepresst. Sie k\u00f6nnen 1- oder 2-mal ausstreichen, wobei der Pressdruck des ersten Ausstreichvorganges einstellbar ist und bei geneigtem Tisch auch \u201ezwischendurch ausstreichen\u201c Tischgr\u00f6\u00dfe 900x1150mm Edelstahl-Plattiert\u00a0(alle Funktionen f\u00fcr m\u00f6gliche Greiferzangen rechts haben wir mit Blindstecker stillgelegt, [&hellip;]<\/p>\n","protected":false},"featured_media":125359,"template":"","meta":[],"product_brand":[],"product_cat":[4123],"product_tag":[],"class_list":{"0":"post-125356","1":"product","2":"type-product","3":"status-publish","4":"has-post-thumbnail","6":"product_cat-ruettler","7":"pa_bezeichnung_typ-ra-4","8":"pa_hersteller-polar-mohr","10":"first","11":"instock","12":"taxable","13":"shipping-taxable","14":"product-type-simple"},"jetpack_sharing_enabled":true,"_links":{"self":[{"href":"https:\/\/www.3p-gmbh.de\/uk\/wp-json\/wp\/v2\/product\/125356","targetHints":{"allow":["GET"]}}],"collection":[{"href":"https:\/\/www.3p-gmbh.de\/uk\/wp-json\/wp\/v2\/product"}],"about":[{"href":"https:\/\/www.3p-gmbh.de\/uk\/wp-json\/wp\/v2\/types\/product"}],"wp:featuredmedia":[{"embeddable":true,"href":"https:\/\/www.3p-gmbh.de\/uk\/wp-json\/wp\/v2\/media\/125359"}],"wp:attachment":[{"href":"https:\/\/www.3p-gmbh.de\/uk\/wp-json\/wp\/v2\/media?parent=125356"}],"wp:term":[{"taxonomy":"product_brand","embeddable":true,"href":"https:\/\/www.3p-gmbh.de\/uk\/wp-json\/wp\/v2\/product_brand?post=125356"},{"taxonomy":"product_cat","embeddable":true,"href":"https:\/\/www.3p-gmbh.de\/uk\/wp-json\/wp\/v2\/product_cat?post=125356"},{"taxonomy":"product_tag","embeddable":true,"href":"https:\/\/www.3p-gmbh.de\/uk\/wp-json\/wp\/v2\/product_tag?post=125356"}],"curies":[{"name":"wp","href":"https:\/\/api.w.org\/{rel}","templated":true}]}}