{"id":125100,"date":"2026-02-16T14:01:54","date_gmt":"2026-02-16T14:01:54","guid":{"rendered":"https:\/\/www.3p-gmbh.de\/?post_type=product&#038;p=125100"},"modified":"2026-02-16T14:01:54","modified_gmt":"2026-02-16T14:01:54","slug":"graphic-wizard-creasemaster-plus-pneumatische-rillmaschine","status":"publish","type":"product","link":"https:\/\/www.3p-gmbh.de\/uk\/produkt\/graphic-wizard-creasemaster-plus-pneumatische-rillmaschine\/","title":{"rendered":"Graphic Wizard CreaseMaster Plus pneumatische Rillmaschine"},"content":{"rendered":"<p>Graphic Wizard CreaseMaster Plus pneumatische Rillmaschine<br \/>\naus 2008<\/p>\n<p>Der Graphic Whizard Creasemaster Plus ist ideal f\u00fcr Anwender mit mittlerem bis hohem Volumen und gew\u00e4hrleistet ein professionelles Finish f\u00fcr jeden Auftrag. Dieses pneumatische* Modell ist in zwei Produktionsgeschwindigkeiten erh\u00e4ltlich: 3.600 sph oder 4.600 sph. Beide bieten mehrere Falzungen pro Bogen, einen Auftragsspeicher sowie Optionen wie Strike Perforation und Impact Perforation. Das System verf\u00fcgt \u00fcber einen benutzerfreundlichen Touchscreen, der eine einfache Einrichtung und Programmierung erm\u00f6glicht. Au\u00dferdem k\u00f6nnen Auftr\u00e4ge gespeichert und f\u00fcr die sp\u00e4tere Verwendung schnell abgerufen werden.<\/p>\n<p>Vorteile auf einen Blick<br \/>\nDie Schlagrille reduziert das Rei\u00dfen von digital bedruckten Substraten w\u00e4hrend des Veredelungsprozesses erheblich.<br \/>\nUmgekehrte und normale Rillung in einem Durchgang.<br \/>\nBis zu 10 Rillen pro Bogen.<br \/>\nBis zu 20 Auftr\u00e4ge k\u00f6nnen im Speicher abgelegt werden.<br \/>\nEinfach zu bedienende Programmierung. Einrichtung in wenigen Minuten.<br \/>\nRotationsperforationen (am Einlauf der Maschine f\u00fcr Genauigkeit; kein Tail Whip) sind vom Typ Amboss und erzeugen ein \u201egratfreies\u201d Finish. Mikroperforationen sind ebenfalls verf\u00fcgbar.<br \/>\nOptionaler Strike-Perf-Aufsatz und Impact-Perf f\u00fcr \u201eBox\u201d- oder \u201eT\u201d-Perforationen verf\u00fcgbar.<br \/>\n* Die Maschinen sind pneumatisch und ben\u00f6tigen zum Betrieb Druckluft (Kompressor nicht im Lieferumfang enthalten).<\/p>\n","protected":false},"excerpt":{"rendered":"<p>Graphic Wizard CreaseMaster Plus pneumatische Rillmaschine aus 2008 Der Graphic Whizard Creasemaster Plus ist ideal f\u00fcr Anwender mit mittlerem bis hohem Volumen und gew\u00e4hrleistet ein professionelles Finish f\u00fcr jeden Auftrag. Dieses pneumatische* Modell ist in zwei Produktionsgeschwindigkeiten erh\u00e4ltlich: 3.600 sph oder 4.600 sph. Beide bieten mehrere Falzungen pro Bogen, einen Auftragsspeicher sowie Optionen wie Strike [&hellip;]<\/p>\n","protected":false},"featured_media":125107,"template":"","meta":[],"product_brand":[],"product_cat":[4134],"product_tag":[],"class_list":{"0":"post-125100","1":"product","2":"type-product","3":"status-publish","4":"has-post-thumbnail","6":"product_cat-perforiermaschine","7":"pa_bezeichnung_typ-creasemaster-plus","8":"pa_hersteller-graphic-whizard","10":"first","11":"instock","12":"taxable","13":"shipping-taxable","14":"product-type-simple"},"jetpack_sharing_enabled":true,"_links":{"self":[{"href":"https:\/\/www.3p-gmbh.de\/uk\/wp-json\/wp\/v2\/product\/125100","targetHints":{"allow":["GET"]}}],"collection":[{"href":"https:\/\/www.3p-gmbh.de\/uk\/wp-json\/wp\/v2\/product"}],"about":[{"href":"https:\/\/www.3p-gmbh.de\/uk\/wp-json\/wp\/v2\/types\/product"}],"wp:featuredmedia":[{"embeddable":true,"href":"https:\/\/www.3p-gmbh.de\/uk\/wp-json\/wp\/v2\/media\/125107"}],"wp:attachment":[{"href":"https:\/\/www.3p-gmbh.de\/uk\/wp-json\/wp\/v2\/media?parent=125100"}],"wp:term":[{"taxonomy":"product_brand","embeddable":true,"href":"https:\/\/www.3p-gmbh.de\/uk\/wp-json\/wp\/v2\/product_brand?post=125100"},{"taxonomy":"product_cat","embeddable":true,"href":"https:\/\/www.3p-gmbh.de\/uk\/wp-json\/wp\/v2\/product_cat?post=125100"},{"taxonomy":"product_tag","embeddable":true,"href":"https:\/\/www.3p-gmbh.de\/uk\/wp-json\/wp\/v2\/product_tag?post=125100"}],"curies":[{"name":"wp","href":"https:\/\/api.w.org\/{rel}","templated":true}]}}