{"id":124849,"date":"2026-01-30T14:05:21","date_gmt":"2026-01-30T14:05:21","guid":{"rendered":"https:\/\/www.3p-gmbh.de\/?post_type=product&#038;p=124849"},"modified":"2026-01-30T14:05:21","modified_gmt":"2026-01-30T14:05:21","slug":"kaeser-schraubenkompressor-mit-riemenantrieb-und-kaeltetrockner-modell-kaeser-sk-25-11-t-mit-option-k1_t2-c48","status":"publish","type":"product","link":"https:\/\/www.3p-gmbh.de\/uk\/produkt\/kaeser-schraubenkompressor-mit-riemenantrieb-und-kaeltetrockner-modell-kaeser-sk-25-11-t-mit-option-k1_t2-c48\/","title":{"rendered":"KAESER Schraubenkompressor mit Riemenantrieb und K\u00e4ltetrockner Modell Kaeser SK 25-11 T mit Option K1_T2-C48"},"content":{"rendered":"<p>aus 02\/2021<\/p>\n<div>Volumenstrom bei \u00dcberdruck: 2,12 l\/min<br \/>\nH\u00f6chst\u00fcberdruck: 11 bar<br \/>\nNennleistung Antriebsmotor: 15 KW<\/div>\n<div>Drehzahl 2960 U\/min.<br \/>\nElektrischer Anschluss: 400 V \/ 3 Ph \/ 50 Hz<br \/>\nAusstattung<\/p>\n<p>Gesamtanlage<br \/>\n&#8211; Sofort betriebsbereit, vollautomatisch, superschallged\u00e4mpft, schwingungsisoliert, Verkleidungsteile pulverbeschichtet; einsetzbar bei Umgebungstemperaturen bis +45 \u00b0C.<br \/>\n&#8211; Einfacher Zugang zu allen Wartungsstellen durch abnehmbare linke Geh\u00e4usehaube.<\/p>\n<p>Elektromotor<br \/>\n&#8211; Premium Efficiency IE2, deutsches Qualit\u00e4tsfabrikat, IP 54.Schraubenkompressorblock<br \/>\n&#8211; SIGMA-PROFIL-Rotoren ben\u00f6tigen im Vergleich zu herk\u00f6mmlichen Profilen bei gleicher Druckluftleistung ca. 1 bis 2 % weniger Energie.<\/p>\n<p>Hochwirksame K\u00fchlung<br \/>\n&#8211; Zweiflutiger L\u00fcfter und getrennte, speziell gef\u00fchrte K\u00fchlluftstr\u00f6me f\u00fcr Motor, Fluid-\/Druckluftk\u00fchler und Schaltschrank.<br \/>\n&#8211; K\u00fchlfluid- und Luftkreislauf: Wabenf\u00f6rmiger Ansaugfilter, pneumatisches Einlass- und Entl\u00fcftungsventil, K\u00fchlfluid-Abscheidebeh\u00e4lter mit Dreifach-Abscheidesystem; Sicherheitsventil, Mindestdruck-R\u00fcckschlagventil, Thermoventil und Fluidfilter im K\u00fchlfluidkreislauf, Fluid-\/Druckluft Kombik\u00fchler.<\/p>\n<p>Elektrische Komponenten<br \/>\nSchaltschrank IP 54, Schaltschrankbel\u00fcftung, automatische Stern-Dreieck-Sch\u00fctz-Kombination, \u00dcberlastrelais, Steuertransformator.<\/p>\n<p>Kompressorsteuerung SIGMA CONTROL 2<br \/>\nDie Kommandozentrale<\/p>\n<p>Die nach Industriestandard gefertigte Bedieneinheit ist mit einem \u00fcbersichtlichen Display und robusten Tasten ausgestattet. Alle relevanten Informationen sind auf einen Blick erkennbar. Die klare Men\u00fc-Struktur in Verbindung mit 3 ausw\u00e4hlbaren Sprachen unterstreicht die einfache Bedienung.<\/p>\n<p>Sicherheit mit RFID<\/p>\n<p>SIGMA CONTROL 2 bietet hohe Sicherheit dank der integrierten RFID-Funktionalit\u00e4t (Radio Frequency Identification, Identifikation der Funkwellen). Sie dient dem sicheren Einloggen von Anwender und\/oder KAESER-Servicetechniker und bietet im Sinne der Betreiberhaftung die Gew\u00e4hr, dass kein Unbefugter die Anlage bedient oder ihre Einstellungen manipuliert.<\/p>\n<p>Kommunikation<br \/>\nSIGMA CONTROL 2 kommuniziert intern mit dem Kompressor \u00fcber Eing\u00e4nge und Ausg\u00e4nge. Durch die serienm\u00e4\u00dfige Ethernet-Schnittstelle ist die Einbindung in das SIGMA NETWORK m\u00f6glich. Der Anschluss an ein Netzwerk erm\u00f6glicht eine Fern\u00fcberwachung. Durch den eingebauten Webserver kann so das Bedienfeld, die Men\u00fcstruktur, Betriebsparameter und die Meldehistorie dargestellt werden.<\/p>\n<p>Aktualisierung und speichern<\/p>\n<p>\u00dcber den SD-Kartenschacht lassen sich Software-Updates und Betriebsparameter schnell und einfach aufspielen beziehungsweise \u00fcbertragen. Das spart Servicekosten. Dar\u00fcber hinaus l\u00e4sst sich die SD-Karte zum (Langzeit-) Speichern wichtiger Betriebsdaten nutzen.<\/p>\n<p>Option \u201eAnbindung an Leittechnik vorbereitet\u201c<\/p>\n<p>Optionale (steckbare) Bus-Kommunikationsmodule (Profibus DP, Modbus-TCP, Profinet, Devicenet) erm\u00f6glichen die externe Kommunikation mit Haus- und Leittechniksystemen zur Fernsteuerung und Fern\u00fcberwachung des Kompressors. \u00dcber die Bedieneinheit festlegbare digitale und analoge Eing\u00e4nge sowie digitale Ausg\u00e4nge erm\u00f6glichen die Einbindung von externen Sensoren und Aktoren.<\/p><\/div>\n","protected":false},"excerpt":{"rendered":"<p>aus 02\/2021 Volumenstrom bei \u00dcberdruck: 2,12 l\/min H\u00f6chst\u00fcberdruck: 11 bar Nennleistung Antriebsmotor: 15 KW Drehzahl 2960 U\/min. Elektrischer Anschluss: 400 V \/ 3 Ph \/ 50 Hz Ausstattung Gesamtanlage &#8211; Sofort betriebsbereit, vollautomatisch, superschallged\u00e4mpft, schwingungsisoliert, Verkleidungsteile pulverbeschichtet; einsetzbar bei Umgebungstemperaturen bis +45 \u00b0C. &#8211; Einfacher Zugang zu allen Wartungsstellen durch abnehmbare linke Geh\u00e4usehaube. Elektromotor &#8211; [&hellip;]<\/p>\n","protected":false},"featured_media":124851,"template":"","meta":[],"product_brand":[],"product_cat":[15],"product_tag":[],"class_list":{"0":"post-124849","1":"product","2":"type-product","3":"status-publish","4":"has-post-thumbnail","6":"product_cat-unkategorisiert","7":"pa_baujahr-4173","8":"pa_bezeichnung_typ-k1_t2-c48","9":"pa_bezeichnung_typ-sk-25-11-t","10":"pa_hersteller-kaeser","12":"first","13":"instock","14":"taxable","15":"shipping-taxable","16":"product-type-simple"},"jetpack_sharing_enabled":true,"_links":{"self":[{"href":"https:\/\/www.3p-gmbh.de\/uk\/wp-json\/wp\/v2\/product\/124849","targetHints":{"allow":["GET"]}}],"collection":[{"href":"https:\/\/www.3p-gmbh.de\/uk\/wp-json\/wp\/v2\/product"}],"about":[{"href":"https:\/\/www.3p-gmbh.de\/uk\/wp-json\/wp\/v2\/types\/product"}],"wp:featuredmedia":[{"embeddable":true,"href":"https:\/\/www.3p-gmbh.de\/uk\/wp-json\/wp\/v2\/media\/124851"}],"wp:attachment":[{"href":"https:\/\/www.3p-gmbh.de\/uk\/wp-json\/wp\/v2\/media?parent=124849"}],"wp:term":[{"taxonomy":"product_brand","embeddable":true,"href":"https:\/\/www.3p-gmbh.de\/uk\/wp-json\/wp\/v2\/product_brand?post=124849"},{"taxonomy":"product_cat","embeddable":true,"href":"https:\/\/www.3p-gmbh.de\/uk\/wp-json\/wp\/v2\/product_cat?post=124849"},{"taxonomy":"product_tag","embeddable":true,"href":"https:\/\/www.3p-gmbh.de\/uk\/wp-json\/wp\/v2\/product_tag?post=124849"}],"curies":[{"name":"wp","href":"https:\/\/api.w.org\/{rel}","templated":true}]}}