{"id":124765,"date":"2026-01-27T12:15:13","date_gmt":"2026-01-27T12:15:13","guid":{"rendered":"https:\/\/www.3p-gmbh.de\/?post_type=product&#038;p=124765"},"modified":"2026-01-27T12:15:13","modified_gmt":"2026-01-27T12:15:13","slug":"technotrans-alpha-c-feucht-und-kuehlmittel-pumpenmodul-fuer-zentrale-wasserkuehlung-an-klein-und-mittelformat-druckmaschinen","status":"publish","type":"product","link":"https:\/\/www.3p-gmbh.de\/uk\/produkt\/technotrans-alpha-c-feucht-und-kuehlmittel-pumpenmodul-fuer-zentrale-wasserkuehlung-an-klein-und-mittelformat-druckmaschinen\/","title":{"rendered":"Technotrans alpha.c Feucht- und K\u00fchlmittel Pumpenmodul f\u00fcr zentrale Wasserk\u00fchlung an Klein- und Mittelformat Druckmaschinen"},"content":{"rendered":"<div>Technotrans alpha.c<\/div>\n<div>Feucht- und K\u00fchlmittel Pumpenmodul f\u00fcr zentrale Wasserk\u00fchlung an Klein- und Mittelformat Druckmaschinen<\/div>\n<div><\/div>\n<div>Vorteile<\/div>\n<div>\u2013 K\u00fchlluftf\u00fchrung von vorne nach oben<\/div>\n","protected":false},"excerpt":{"rendered":"<p>Technotrans alpha.c Feucht- und K\u00fchlmittel Pumpenmodul f\u00fcr zentrale Wasserk\u00fchlung an Klein- und Mittelformat Druckmaschinen Vorteile \u2013 K\u00fchlluftf\u00fchrung von vorne nach oben<\/p>\n","protected":false},"featured_media":124766,"template":"","meta":[],"product_brand":[],"product_cat":[4053],"product_tag":[],"class_list":{"0":"post-124765","1":"product","2":"type-product","3":"status-publish","4":"has-post-thumbnail","6":"product_cat-offsetdruck","7":"pa_bezeichnung_typ-alpha-c","8":"pa_hersteller-technotrans","10":"first","11":"instock","12":"taxable","13":"shipping-taxable","14":"product-type-simple"},"jetpack_sharing_enabled":true,"_links":{"self":[{"href":"https:\/\/www.3p-gmbh.de\/uk\/wp-json\/wp\/v2\/product\/124765","targetHints":{"allow":["GET"]}}],"collection":[{"href":"https:\/\/www.3p-gmbh.de\/uk\/wp-json\/wp\/v2\/product"}],"about":[{"href":"https:\/\/www.3p-gmbh.de\/uk\/wp-json\/wp\/v2\/types\/product"}],"wp:featuredmedia":[{"embeddable":true,"href":"https:\/\/www.3p-gmbh.de\/uk\/wp-json\/wp\/v2\/media\/124766"}],"wp:attachment":[{"href":"https:\/\/www.3p-gmbh.de\/uk\/wp-json\/wp\/v2\/media?parent=124765"}],"wp:term":[{"taxonomy":"product_brand","embeddable":true,"href":"https:\/\/www.3p-gmbh.de\/uk\/wp-json\/wp\/v2\/product_brand?post=124765"},{"taxonomy":"product_cat","embeddable":true,"href":"https:\/\/www.3p-gmbh.de\/uk\/wp-json\/wp\/v2\/product_cat?post=124765"},{"taxonomy":"product_tag","embeddable":true,"href":"https:\/\/www.3p-gmbh.de\/uk\/wp-json\/wp\/v2\/product_tag?post=124765"}],"curies":[{"name":"wp","href":"https:\/\/api.w.org\/{rel}","templated":true}]}}