{"id":124676,"date":"2026-01-27T09:30:47","date_gmt":"2026-01-27T09:30:47","guid":{"rendered":"https:\/\/www.3p-gmbh.de\/?post_type=product&#038;p=124676"},"modified":"2026-01-30T07:30:03","modified_gmt":"2026-01-30T07:30:03","slug":"pri-super-blue-blue-glass-anti-marking-films","status":"publish","type":"product","link":"https:\/\/www.3p-gmbh.de\/uk\/produkt\/pri-super-blue-blue-glass-anti-marking-films\/","title":{"rendered":"PRI SUPER BLUE Blue Glass Anti-Marking Films"},"content":{"rendered":"<div>\n<p>BG LB Jacket SM 74<\/p>\n<p>T-S\/C-R THN<\/p>\n<\/div>\n<div><\/div>\n<div>Die mikroskopisch kleinen Glasperlen in den BLUE GLASS-Antimarkierungsfolien wurden mit exakten Toleranzen entwickelt und sind speziell darauf ausgelegt,<\/div>\n<div>den Oberfl\u00e4chenkontakt mit dem frisch bedruckten Bogen zu reduzieren.<br \/>\nDie Konsistenz der Perlen erm\u00f6glicht l\u00e4ngere Auflagen und weniger Waschintervalle.Die gleichm\u00e4\u00dfige Oberfl\u00e4che der BLUE GLASS-Antimarkierungsfolie bietet eine gleichm\u00e4\u00dfige Unterst\u00fctzung \u00fcber das gesamte Substrat. Die Folie ist bemerkenswert flexibel und beh\u00e4lt die Perlenhaftung auch unter den intensivsten Bedingungen bei.<\/p>\n<\/div>\n","protected":false},"excerpt":{"rendered":"<p>BG LB Jacket SM 74 T-S\/C-R THN Die mikroskopisch kleinen Glasperlen in den BLUE GLASS-Antimarkierungsfolien wurden mit exakten Toleranzen entwickelt und sind speziell darauf ausgelegt, den Oberfl\u00e4chenkontakt mit dem frisch bedruckten Bogen zu reduzieren. Die Konsistenz der Perlen erm\u00f6glicht l\u00e4ngere Auflagen und weniger Waschintervalle.Die gleichm\u00e4\u00dfige Oberfl\u00e4che der BLUE GLASS-Antimarkierungsfolie bietet eine gleichm\u00e4\u00dfige Unterst\u00fctzung \u00fcber das [&hellip;]<\/p>\n","protected":false},"featured_media":124678,"template":"","meta":[],"product_brand":[],"product_cat":[418,15],"product_tag":[],"class_list":{"0":"post-124676","1":"product","2":"type-product","3":"status-publish","4":"has-post-thumbnail","6":"product_cat-druckmaschinenzubehoer-und-ersatzteile","7":"product_cat-unkategorisiert","8":"pa_bezeichnung_typ-sm-74","9":"pa_hersteller-pri-super-blue","11":"first","12":"instock","13":"taxable","14":"shipping-taxable","15":"product-type-simple"},"jetpack_sharing_enabled":true,"_links":{"self":[{"href":"https:\/\/www.3p-gmbh.de\/uk\/wp-json\/wp\/v2\/product\/124676","targetHints":{"allow":["GET"]}}],"collection":[{"href":"https:\/\/www.3p-gmbh.de\/uk\/wp-json\/wp\/v2\/product"}],"about":[{"href":"https:\/\/www.3p-gmbh.de\/uk\/wp-json\/wp\/v2\/types\/product"}],"wp:featuredmedia":[{"embeddable":true,"href":"https:\/\/www.3p-gmbh.de\/uk\/wp-json\/wp\/v2\/media\/124678"}],"wp:attachment":[{"href":"https:\/\/www.3p-gmbh.de\/uk\/wp-json\/wp\/v2\/media?parent=124676"}],"wp:term":[{"taxonomy":"product_brand","embeddable":true,"href":"https:\/\/www.3p-gmbh.de\/uk\/wp-json\/wp\/v2\/product_brand?post=124676"},{"taxonomy":"product_cat","embeddable":true,"href":"https:\/\/www.3p-gmbh.de\/uk\/wp-json\/wp\/v2\/product_cat?post=124676"},{"taxonomy":"product_tag","embeddable":true,"href":"https:\/\/www.3p-gmbh.de\/uk\/wp-json\/wp\/v2\/product_tag?post=124676"}],"curies":[{"name":"wp","href":"https:\/\/api.w.org\/{rel}","templated":true}]}}