{"id":117149,"date":"2024-08-09T05:42:33","date_gmt":"2024-08-09T05:42:33","guid":{"rendered":"https:\/\/www.3p-gmbh.de\/?post_type=product&#038;p=117149"},"modified":"2024-08-09T05:42:33","modified_gmt":"2024-08-09T05:42:33","slug":"grossformat-umschlagfalzanleger-mueller-martini-1529-0416","status":"publish","type":"product","link":"https:\/\/www.3p-gmbh.de\/uk\/produkt\/grossformat-umschlagfalzanleger-mueller-martini-1529-0416\/","title":{"rendered":"Gro\u00dfformat Umschlagfalzanleger M\u00dcLLER MARTINI 1529 .0416"},"content":{"rendered":"<p><span style=\"color: #0000ff;\">Gro\u00dfformat Umschlagfalzanleger M\u00dcLLER MARTINI 1529 .0416<\/span><\/p>\n<p>f\u00fcr Sammelhefter M\u00fcller Martini Bravo , Presto und Prima<\/p>\n<p>ab 2002<br \/>\nMaschinennummer NH 12191<br \/>\nmax. Format 635x482cm<\/p>\n","protected":false},"excerpt":{"rendered":"<p>Gro\u00dfformat Umschlagfalzanleger M\u00dcLLER MARTINI 1529 .0416 f\u00fcr Sammelhefter M\u00fcller Martini Bravo , Presto und Prima ab 2002 Maschinennummer NH 12191 max. Format 635x482cm<\/p>\n","protected":false},"featured_media":117150,"template":"","meta":[],"product_brand":[],"product_cat":[86],"product_tag":[],"class_list":{"0":"post-117149","1":"product","2":"type-product","3":"status-publish","4":"has-post-thumbnail","6":"product_cat-sammelhefter","7":"pa_hersteller-mueller-martini-2","9":"first","10":"instock","11":"taxable","12":"shipping-taxable","13":"product-type-simple"},"jetpack_sharing_enabled":true,"_links":{"self":[{"href":"https:\/\/www.3p-gmbh.de\/uk\/wp-json\/wp\/v2\/product\/117149","targetHints":{"allow":["GET"]}}],"collection":[{"href":"https:\/\/www.3p-gmbh.de\/uk\/wp-json\/wp\/v2\/product"}],"about":[{"href":"https:\/\/www.3p-gmbh.de\/uk\/wp-json\/wp\/v2\/types\/product"}],"wp:featuredmedia":[{"embeddable":true,"href":"https:\/\/www.3p-gmbh.de\/uk\/wp-json\/wp\/v2\/media\/117150"}],"wp:attachment":[{"href":"https:\/\/www.3p-gmbh.de\/uk\/wp-json\/wp\/v2\/media?parent=117149"}],"wp:term":[{"taxonomy":"product_brand","embeddable":true,"href":"https:\/\/www.3p-gmbh.de\/uk\/wp-json\/wp\/v2\/product_brand?post=117149"},{"taxonomy":"product_cat","embeddable":true,"href":"https:\/\/www.3p-gmbh.de\/uk\/wp-json\/wp\/v2\/product_cat?post=117149"},{"taxonomy":"product_tag","embeddable":true,"href":"https:\/\/www.3p-gmbh.de\/uk\/wp-json\/wp\/v2\/product_tag?post=117149"}],"curies":[{"name":"wp","href":"https:\/\/api.w.org\/{rel}","templated":true}]}}