{"id":117041,"date":"2024-08-08T10:05:58","date_gmt":"2024-08-08T10:05:58","guid":{"rendered":"https:\/\/www.3p-gmbh.de\/?post_type=product&#038;p=117041"},"modified":"2024-10-02T09:53:58","modified_gmt":"2024-10-02T09:53:58","slug":"b-matic-tab-in-bogenzaehler-mit-streifeneinschuss-mit-optischem-sensor-inkl-11-rollen-streifenpapier-gelb","status":"publish","type":"product","link":"https:\/\/www.3p-gmbh.de\/uk\/produkt\/b-matic-tab-in-bogenzaehler-mit-streifeneinschuss-mit-optischem-sensor-inkl-11-rollen-streifenpapier-gelb\/","title":{"rendered":"B-matic TAB-IN  Bogenz\u00e4hler mit Streifeneinschu\u00df mit optischem Sensor inkl.11 Rollen Streifenpapier gelb"},"content":{"rendered":"<p><span style=\"color: #0000ff;\">B-matic TAB-IN\u00a0 Bogenz\u00e4hler mit Streifeneinschu\u00df mit optischem Sensor inkl.11 Rollen Streifenpapier\u00a0gelb<\/span><br \/>\n<span style=\"color: #0000ff;\">Komplettpaket f\u00fcr Druckmaschinen<\/span><\/p>\n<p>Diese Version enth\u00e4lt alles, was Sie f\u00fcr eine Druckmaschinenanwendung ben\u00f6tigen.<br \/>\nEinfach, kompakt, robust, mit einem Sockel, der sich schnell von einer Maschine zur anderen verschieben l\u00e4sst.<br \/>\nEinfache Einstellung dank der Steuereinheit mit taktiler Membran und neuen Mikroelektroden an der Druckmaschine<br \/>\nAuslaufzahlen bis zu 25.000 cph.<\/p>\n<p>Mit Tabulatorl\u00e4ngeneinstellung, Schnittverz\u00f6gerung und Bogenabzugstaste (Subtramat)<\/p>\n","protected":false},"excerpt":{"rendered":"<p>B-matic TAB-IN\u00a0 Bogenz\u00e4hler mit Streifeneinschu\u00df mit optischem Sensor inkl.11 Rollen Streifenpapier\u00a0gelb Komplettpaket f\u00fcr Druckmaschinen Diese Version enth\u00e4lt alles, was Sie f\u00fcr eine Druckmaschinenanwendung ben\u00f6tigen. Einfach, kompakt, robust, mit einem Sockel, der sich schnell von einer Maschine zur anderen verschieben l\u00e4sst. Einfache Einstellung dank der Steuereinheit mit taktiler Membran und neuen Mikroelektroden an der Druckmaschine Auslaufzahlen [&hellip;]<\/p>\n","protected":false},"featured_media":117072,"template":"","meta":[],"product_brand":[],"product_cat":[1758],"product_tag":[],"class_list":{"0":"post-117041","1":"product","2":"type-product","3":"status-publish","4":"has-post-thumbnail","6":"product_cat-papierzaehlmaschinen","8":"first","9":"instock","10":"taxable","11":"shipping-taxable","12":"product-type-simple"},"jetpack_sharing_enabled":true,"_links":{"self":[{"href":"https:\/\/www.3p-gmbh.de\/uk\/wp-json\/wp\/v2\/product\/117041","targetHints":{"allow":["GET"]}}],"collection":[{"href":"https:\/\/www.3p-gmbh.de\/uk\/wp-json\/wp\/v2\/product"}],"about":[{"href":"https:\/\/www.3p-gmbh.de\/uk\/wp-json\/wp\/v2\/types\/product"}],"wp:featuredmedia":[{"embeddable":true,"href":"https:\/\/www.3p-gmbh.de\/uk\/wp-json\/wp\/v2\/media\/117072"}],"wp:attachment":[{"href":"https:\/\/www.3p-gmbh.de\/uk\/wp-json\/wp\/v2\/media?parent=117041"}],"wp:term":[{"taxonomy":"product_brand","embeddable":true,"href":"https:\/\/www.3p-gmbh.de\/uk\/wp-json\/wp\/v2\/product_brand?post=117041"},{"taxonomy":"product_cat","embeddable":true,"href":"https:\/\/www.3p-gmbh.de\/uk\/wp-json\/wp\/v2\/product_cat?post=117041"},{"taxonomy":"product_tag","embeddable":true,"href":"https:\/\/www.3p-gmbh.de\/uk\/wp-json\/wp\/v2\/product_tag?post=117041"}],"curies":[{"name":"wp","href":"https:\/\/api.w.org\/{rel}","templated":true}]}}