{"id":125279,"date":"2026-04-09T06:46:56","date_gmt":"2026-04-09T06:46:56","guid":{"rendered":"https:\/\/www.3p-gmbh.de\/?post_type=product&#038;p=125279"},"modified":"2026-04-09T08:22:53","modified_gmt":"2026-04-09T08:22:53","slug":"bograma-bsm-450-multi-servo-inline-stanzmaschine-und-bograma-sab-550-stapler","status":"publish","type":"product","link":"https:\/\/www.3p-gmbh.de\/ru\/produkt\/bograma-bsm-450-multi-servo-inline-stanzmaschine-und-bograma-sab-550-stapler\/","title":{"rendered":"Bograma BSM 450 Multi Servo inline Hubstanzmaschine und Bograma SAB 550 Schuppenbandauslage"},"content":{"rendered":"<p>Bograma BSM 450 Multi Servo inline Hubstanzmaschine und Bograma SAB 550 Schuppenbandauslage<br \/>\naus 2016\/ 2017<\/p>\n<p>kaum benutzt, \u00a0Konturenstanzen mit Bandstahlwerkzeug<br \/>\nf\u00fcr kosteng\u00fcnstige Produktion von kreativen und auff\u00e4lligen Werbebeilagen.<\/p>\n<p>f\u00fcr Materialst\u00e4rken bis zu 2 mm<br \/>\nLeistung: \u00a0 \u00a0 \u00a0 \u00a0 Max. 10500 AT\/h<\/p>\n<p>mit Bograma SAB 550 Schuppenbandauslage<\/p>\n<p>wird bei Mehrfachnutzenproduktionen verwendet.<\/p>\n<p>Formate von A3 bis Minimum 35 x 35 mm k\u00f6nnen damit im Schuppenstrom ausgelegt werden.<br \/>\nRundriemenzuf\u00fchrung f\u00fcr optimierte Produkte-\u00dcbernahme<br \/>\nAngetriebene Oberb\u00e4nder mit formatunabh\u00e4ngigem Transportteppich<br \/>\nVorwahl- und Summenz\u00e4hler<br \/>\nMotorische H\u00f6henverstellung<\/p>\n","protected":false},"excerpt":{"rendered":"<p>Bograma BSM 450 Multi Servo inline Hubstanzmaschine und Bograma SAB 550 Schuppenbandauslage aus 2016\/ 2017 kaum benutzt, \u00a0Konturenstanzen mit Bandstahlwerkzeug f\u00fcr kosteng\u00fcnstige Produktion von kreativen und auff\u00e4lligen Werbebeilagen. f\u00fcr Materialst\u00e4rken bis zu 2 mm Leistung: \u00a0 \u00a0 \u00a0 \u00a0 Max. 10500 AT\/h mit Bograma SAB 550 Schuppenbandauslage wird bei Mehrfachnutzenproduktionen verwendet. Formate von A3 bis [&hellip;]<\/p>\n","protected":false},"featured_media":125280,"template":"","meta":[],"product_brand":[],"product_cat":[1760,1761],"product_tag":[],"class_list":{"0":"post-125279","1":"product","2":"type-product","3":"status-publish","4":"has-post-thumbnail","6":"product_cat-stanzen","7":"product_cat-stapelheber-stapellifte","8":"pa_baujahr-118","9":"pa_baujahr-711","10":"pa_bezeichnung_typ-bsm-450","11":"pa_bezeichnung_typ-sab-550","12":"pa_hersteller-bograma","14":"first","15":"instock","16":"taxable","17":"shipping-taxable","18":"product-type-simple"},"jetpack_sharing_enabled":true,"_links":{"self":[{"href":"https:\/\/www.3p-gmbh.de\/ru\/wp-json\/wp\/v2\/product\/125279","targetHints":{"allow":["GET"]}}],"collection":[{"href":"https:\/\/www.3p-gmbh.de\/ru\/wp-json\/wp\/v2\/product"}],"about":[{"href":"https:\/\/www.3p-gmbh.de\/ru\/wp-json\/wp\/v2\/types\/product"}],"wp:featuredmedia":[{"embeddable":true,"href":"https:\/\/www.3p-gmbh.de\/ru\/wp-json\/wp\/v2\/media\/125280"}],"wp:attachment":[{"href":"https:\/\/www.3p-gmbh.de\/ru\/wp-json\/wp\/v2\/media?parent=125279"}],"wp:term":[{"taxonomy":"product_brand","embeddable":true,"href":"https:\/\/www.3p-gmbh.de\/ru\/wp-json\/wp\/v2\/product_brand?post=125279"},{"taxonomy":"product_cat","embeddable":true,"href":"https:\/\/www.3p-gmbh.de\/ru\/wp-json\/wp\/v2\/product_cat?post=125279"},{"taxonomy":"product_tag","embeddable":true,"href":"https:\/\/www.3p-gmbh.de\/ru\/wp-json\/wp\/v2\/product_tag?post=125279"}],"curies":[{"name":"wp","href":"https:\/\/api.w.org\/{rel}","templated":true}]}}