{"id":125222,"date":"2026-03-16T10:08:27","date_gmt":"2026-03-16T10:08:27","guid":{"rendered":"https:\/\/www.3p-gmbh.de\/?post_type=product&#038;p=125222"},"modified":"2026-03-16T10:08:27","modified_gmt":"2026-03-16T10:08:27","slug":"einfarben-offsetdruckmaschine-heidelberg-kord-64-graues-modell","status":"publish","type":"product","link":"https:\/\/www.3p-gmbh.de\/ru\/produkt\/einfarben-offsetdruckmaschine-heidelberg-kord-64-graues-modell\/","title":{"rendered":"Einfarben Offsetdruckmaschine Heidelberg Kord 64 Graues Modell"},"content":{"rendered":"<p>Einfarben Offsetdruckmaschine Heidelberg Kord 64 Graues Modell<br \/>\naus 1970<br \/>\nSN 357352<\/p>\n<p>Standardausstattung<br \/>\nGr\u00f6\u00dfe 46 \u00d7 64 cm<br \/>\nMaximale Gr\u00f6\u00dfe: 460 \u00d7 640 mm<br \/>\nMinimale Gr\u00f6\u00dfe: 140 \u00d7 180 mm<\/p>\n","protected":false},"excerpt":{"rendered":"<p>Einfarben Offsetdruckmaschine Heidelberg Kord 64 Graues Modell aus 1970 SN 357352 Standardausstattung Gr\u00f6\u00dfe 46 \u00d7 64 cm Maximale Gr\u00f6\u00dfe: 460 \u00d7 640 mm Minimale Gr\u00f6\u00dfe: 140 \u00d7 180 mm<\/p>\n","protected":false},"featured_media":125223,"template":"","meta":[],"product_brand":[],"product_cat":[4053],"product_tag":[],"class_list":{"0":"post-125222","1":"product","2":"type-product","3":"status-publish","4":"has-post-thumbnail","6":"product_cat-offsetdruck","7":"pa_bezeichnung_typ-kord-64","8":"pa_hersteller-heidelberg","10":"first","11":"instock","12":"taxable","13":"shipping-taxable","14":"product-type-simple"},"jetpack_sharing_enabled":true,"_links":{"self":[{"href":"https:\/\/www.3p-gmbh.de\/ru\/wp-json\/wp\/v2\/product\/125222","targetHints":{"allow":["GET"]}}],"collection":[{"href":"https:\/\/www.3p-gmbh.de\/ru\/wp-json\/wp\/v2\/product"}],"about":[{"href":"https:\/\/www.3p-gmbh.de\/ru\/wp-json\/wp\/v2\/types\/product"}],"wp:featuredmedia":[{"embeddable":true,"href":"https:\/\/www.3p-gmbh.de\/ru\/wp-json\/wp\/v2\/media\/125223"}],"wp:attachment":[{"href":"https:\/\/www.3p-gmbh.de\/ru\/wp-json\/wp\/v2\/media?parent=125222"}],"wp:term":[{"taxonomy":"product_brand","embeddable":true,"href":"https:\/\/www.3p-gmbh.de\/ru\/wp-json\/wp\/v2\/product_brand?post=125222"},{"taxonomy":"product_cat","embeddable":true,"href":"https:\/\/www.3p-gmbh.de\/ru\/wp-json\/wp\/v2\/product_cat?post=125222"},{"taxonomy":"product_tag","embeddable":true,"href":"https:\/\/www.3p-gmbh.de\/ru\/wp-json\/wp\/v2\/product_tag?post=125222"}],"curies":[{"name":"wp","href":"https:\/\/api.w.org\/{rel}","templated":true}]}}