{"id":124593,"date":"2026-01-23T10:16:10","date_gmt":"2026-01-23T10:16:10","guid":{"rendered":"https:\/\/www.3p-gmbh.de\/?post_type=product&#038;p=124593"},"modified":"2026-01-23T11:04:13","modified_gmt":"2026-01-23T11:04:13","slug":"baeuerle-flachstapelanleger-fl-2-mit-hinterkopftrennung-bacciotini-pitstop-balken-rillmaschine-af-speed-baeuerle-ausrichtetisch-art-52-und-motorisch-einstellbares-viertaschenfalzwerk-prestige-foldn","status":"publish","type":"product","link":"https:\/\/www.3p-gmbh.de\/ru\/produkt\/baeuerle-flachstapelanleger-fl-2-mit-hinterkopftrennung-bacciotini-pitstop-balken-rillmaschine-af-speed-baeuerle-ausrichtetisch-art-52-und-motorisch-einstellbares-viertaschenfalzwerk-prestige-foldn\/","title":{"rendered":"Flachstapelanlege, Rillmaschine, Ausrichtetisch, Viertaschenfalzwerk"},"content":{"rendered":"<p>B\u00e4uerle Flachstapelanleger FL-2 mit Hinterkopftrennung, Bacciotini PitStop Balken- Rillmaschine AF Speed, B\u00e4uerle Ausrichtetisch ART-52 und motorisch einstellbares Viertaschenfalzwerk Prestige FOLDnet 52-4 mit eingh\u00e4ngbarem \u00dcberleittisch und mobiler Schuppenauslage<\/p>\n<p>2010<\/p>\n","protected":false},"excerpt":{"rendered":"<p>B\u00e4uerle Flachstapelanleger FL-2 mit Hinterkopftrennung, Bacciotini PitStop Balken- Rillmaschine AF Speed, B\u00e4uerle Ausrichtetisch ART-52 und motorisch einstellbares Viertaschenfalzwerk Prestige FOLDnet 52-4 mit eingh\u00e4ngbarem \u00dcberleittisch und mobiler Schuppenauslage 2010<\/p>\n","protected":false},"featured_media":124594,"template":"","meta":[],"product_brand":[],"product_cat":[1814,1842],"product_tag":[],"class_list":{"0":"post-124593","1":"product","2":"type-product","3":"status-publish","4":"has-post-thumbnail","6":"product_cat-anleger","7":"product_cat-falzwerke","8":"pa_bezeichnung_typ-52-4-40","9":"pa_bezeichnung_typ-af-speed","10":"pa_bezeichnung_typ-art-52","11":"pa_bezeichnung_typ-fl-2","12":"pa_hersteller-bacciotini","13":"pa_hersteller-mathias-baeuerle","15":"first","16":"instock","17":"downloadable","18":"taxable","19":"shipping-taxable","20":"product-type-simple"},"jetpack_sharing_enabled":true,"_links":{"self":[{"href":"https:\/\/www.3p-gmbh.de\/ru\/wp-json\/wp\/v2\/product\/124593","targetHints":{"allow":["GET"]}}],"collection":[{"href":"https:\/\/www.3p-gmbh.de\/ru\/wp-json\/wp\/v2\/product"}],"about":[{"href":"https:\/\/www.3p-gmbh.de\/ru\/wp-json\/wp\/v2\/types\/product"}],"wp:featuredmedia":[{"embeddable":true,"href":"https:\/\/www.3p-gmbh.de\/ru\/wp-json\/wp\/v2\/media\/124594"}],"wp:attachment":[{"href":"https:\/\/www.3p-gmbh.de\/ru\/wp-json\/wp\/v2\/media?parent=124593"}],"wp:term":[{"taxonomy":"product_brand","embeddable":true,"href":"https:\/\/www.3p-gmbh.de\/ru\/wp-json\/wp\/v2\/product_brand?post=124593"},{"taxonomy":"product_cat","embeddable":true,"href":"https:\/\/www.3p-gmbh.de\/ru\/wp-json\/wp\/v2\/product_cat?post=124593"},{"taxonomy":"product_tag","embeddable":true,"href":"https:\/\/www.3p-gmbh.de\/ru\/wp-json\/wp\/v2\/product_tag?post=124593"}],"curies":[{"name":"wp","href":"https:\/\/api.w.org\/{rel}","templated":true}]}}