{"id":119947,"date":"2024-11-12T13:04:26","date_gmt":"2024-11-12T13:04:26","guid":{"rendered":"https:\/\/www.3p-gmbh.de\/?post_type=product&#038;p=119947"},"modified":"2024-11-12T13:04:26","modified_gmt":"2024-11-12T13:04:26","slug":"elektronischer-nass-klebestreifengeber-hade-vario-555ema","status":"publish","type":"product","link":"https:\/\/www.3p-gmbh.de\/ru\/produkt\/elektronischer-nass-klebestreifengeber-hade-vario-555ema\/","title":{"rendered":"Elektronischer Nass-Klebestreifengeber HADE VARIO 555eMA"},"content":{"rendered":"<p><span style=\"color: #0000ff;\"><strong>Elektronischer Nass-Klebestreifengeber HADE VARIO 555eMA<\/strong><\/span><\/p>\n<div><span style=\"font-family: Arial;\"><span style=\"color: #0000ff;\"><strong>incl. 2 Verpackungseinheiten mit je 12 Rollen<br \/>\ngebraucht neuwertig<\/strong><\/span><\/span><\/div>\n<div><span style=\"font-family: Arial;\">28 vorgegebene L\u00e4ngen von 15 \u2013 290 cm<br \/>\nzuschaltbare Spendeautomatik<br \/>\n2 gro\u00dfe \u201eREPEAT\u201c-Tasten f\u00fcr immer gleiche L\u00e4ngen<\/span><\/div>\n<div><\/div>\n<div><span style=\"font-family: Arial;\">Nassklebeband BG 60<br \/>\nf\u00fcr Klebestreifengeber Hade 555e<br \/>\nGarantiert umweltfreundlich<\/p>\n<p>Um Ihre Kartonagen absolut sicher zu verschlie\u00dfen, ist dieses Nassklebeband in Standardqualit\u00e4t ideal.<br \/>\nDer Kleber wird beim Anfeuchten aktiviert und verbindet sich sofort mit der Oberfl\u00e4che der Kartonage.<br \/>\nDies gew\u00e4hrt eine optimale Dauerhaftung auf Kartonagen jeder Qualit\u00e4t, sowie auf recyclingmaterial und staubigen Oberfl\u00e4chen.<br \/>\nBeim Entfernen des Nassklebebandes wird die Oberfl\u00e4che besch\u00e4digt und unbefugter Zugriff ist somit sofort erkennbar.<br \/>\nZur Verarbeitung des Nassklebebandes ist ein Klebestreifengeber f\u00fcr Nassklebeband erforderlich.<\/p>\n<p>Nassklebeband BG 60<br \/>\nQualit\u00e4t g\/m\u00b2 :70<br \/>\nFarbe :braun<br \/>\nL\u00e4nge m :200<br \/>\nBreite mm :60<\/p>\n<p>Tr\u00e4germaterial: Papier<br \/>\nKleber: Pflanzenleim<br \/>\nAus 80% recyceltem Material hergestellt<br \/>\nTemperatur- und Feuchtigkeitsbest\u00e4ndig (nach Verarbeitung bei Raumtemperatur)<\/span><\/div>\n","protected":false},"excerpt":{"rendered":"<p>Elektronischer Nass-Klebestreifengeber HADE VARIO 555eMA incl. 2 Verpackungseinheiten mit je 12 Rollen gebraucht neuwertig 28 vorgegebene L\u00e4ngen von 15 \u2013 290 cm zuschaltbare Spendeautomatik 2 gro\u00dfe \u201eREPEAT\u201c-Tasten f\u00fcr immer gleiche L\u00e4ngen Nassklebeband BG 60 f\u00fcr Klebestreifengeber Hade 555e Garantiert umweltfreundlich Um Ihre Kartonagen absolut sicher zu verschlie\u00dfen, ist dieses Nassklebeband in Standardqualit\u00e4t ideal. Der Kleber [&hellip;]<\/p>\n","protected":false},"featured_media":120023,"template":"","meta":[],"product_brand":[],"product_cat":[119],"product_tag":[],"class_list":{"0":"post-119947","1":"product","2":"type-product","3":"status-publish","4":"has-post-thumbnail","6":"product_cat-etikettierer","8":"first","9":"instock","10":"taxable","11":"shipping-taxable","12":"product-type-simple"},"jetpack_sharing_enabled":true,"_links":{"self":[{"href":"https:\/\/www.3p-gmbh.de\/ru\/wp-json\/wp\/v2\/product\/119947","targetHints":{"allow":["GET"]}}],"collection":[{"href":"https:\/\/www.3p-gmbh.de\/ru\/wp-json\/wp\/v2\/product"}],"about":[{"href":"https:\/\/www.3p-gmbh.de\/ru\/wp-json\/wp\/v2\/types\/product"}],"wp:featuredmedia":[{"embeddable":true,"href":"https:\/\/www.3p-gmbh.de\/ru\/wp-json\/wp\/v2\/media\/120023"}],"wp:attachment":[{"href":"https:\/\/www.3p-gmbh.de\/ru\/wp-json\/wp\/v2\/media?parent=119947"}],"wp:term":[{"taxonomy":"product_brand","embeddable":true,"href":"https:\/\/www.3p-gmbh.de\/ru\/wp-json\/wp\/v2\/product_brand?post=119947"},{"taxonomy":"product_cat","embeddable":true,"href":"https:\/\/www.3p-gmbh.de\/ru\/wp-json\/wp\/v2\/product_cat?post=119947"},{"taxonomy":"product_tag","embeddable":true,"href":"https:\/\/www.3p-gmbh.de\/ru\/wp-json\/wp\/v2\/product_tag?post=119947"}],"curies":[{"name":"wp","href":"https:\/\/api.w.org\/{rel}","templated":true}]}}