{"id":96175,"date":"2023-11-12T23:46:21","date_gmt":"2023-11-12T23:46:21","guid":{"rendered":"https:\/\/www.3p-gmbh.de\/produkt\/maquina-de-cintar-pp-movel-e-com-altura-ajustavel-ti-535\/"},"modified":"2023-11-12T23:46:21","modified_gmt":"2023-11-12T23:46:21","slug":"maquina-de-amarracao-de-pacotes-pp-ajustavel-em-altura-movel-ti-535","status":"publish","type":"product","link":"https:\/\/www.3p-gmbh.de\/pt-br\/produkt\/maquina-de-amarracao-de-pacotes-pp-ajustavel-em-altura-movel-ti-535\/","title":{"rendered":"M\u00e1quina de cintar PP m\u00f3vel e com altura ajust\u00e1vel Ti 535"},"content":{"rendered":"<p><strong>M\u00e1quina de cintar semiautom\u00e1tica m\u00f3vel e com altura ajust\u00e1vel Ti 535  <\/strong><\/p>\n<p>Ideal para pacotes de diferentes dimens\u00f5es, ou seja, pacotes de qualquer formato, tamanho e composi\u00e7\u00e3o<\/p>\n<p>Essa m\u00e1quina de cintar n\u00e3o requer uma estrutura de guia de cinta, de modo que o pacote deve ser colocado manualmente pelo usu\u00e1rio na cintagem fornecida no canal de transporte.<br \/>\nUma vez feito isso, o processo de cintagem pode ser acionado por meio de um pedal ou interruptor manual, por meio do qual a m\u00e1quina de cintagem cinta a embalagem em uma \u00fanica opera\u00e7\u00e3o, sela as extremidades soltas da cinta e aciona a nova alimenta\u00e7\u00e3o.<\/p>\n<p>O tampo articulado de a\u00e7o inoxid\u00e1vel, um regulador de tens\u00e3o externo mec\u00e2nico, um tampo de mesa com altura ajust\u00e1vel e o interruptor de seguran\u00e7a embaixo garantem um design bem pensado e seguro.<\/p>\n<p>Largura da faixa 12 mm<br \/>\nPr\u00e9-sele\u00e7\u00e3o autom\u00e1tica do comprimento da correia<\/p>\n","protected":false},"excerpt":{"rendered":"<p>M\u00e1quina de cintar semiautom\u00e1tica m\u00f3vel e com altura ajust\u00e1vel Ti 535 Ideal para pacotes de diferentes dimens\u00f5es, ou seja, pacotes de qualquer formato, tamanho e composi\u00e7\u00e3o Essa m\u00e1quina de cintar n\u00e3o requer uma estrutura de guia de cinta, de modo que o pacote deve ser colocado manualmente pelo usu\u00e1rio na cintagem fornecida no canal de [&hellip;]<\/p>\n","protected":false},"featured_media":94919,"template":"","meta":[],"product_brand":[],"product_cat":[2859],"product_tag":[],"class_list":{"0":"post-96175","1":"product","2":"type-product","3":"status-publish","4":"has-post-thumbnail","6":"product_cat-maquinas-de-banderoling","7":"pa_bezeichnung_typ-ti-535","9":"first","10":"instock","11":"taxable","12":"shipping-taxable","13":"product-type-simple"},"jetpack_sharing_enabled":true,"_links":{"self":[{"href":"https:\/\/www.3p-gmbh.de\/pt-br\/wp-json\/wp\/v2\/product\/96175","targetHints":{"allow":["GET"]}}],"collection":[{"href":"https:\/\/www.3p-gmbh.de\/pt-br\/wp-json\/wp\/v2\/product"}],"about":[{"href":"https:\/\/www.3p-gmbh.de\/pt-br\/wp-json\/wp\/v2\/types\/product"}],"wp:featuredmedia":[{"embeddable":true,"href":"https:\/\/www.3p-gmbh.de\/pt-br\/wp-json\/wp\/v2\/media\/94919"}],"wp:attachment":[{"href":"https:\/\/www.3p-gmbh.de\/pt-br\/wp-json\/wp\/v2\/media?parent=96175"}],"wp:term":[{"taxonomy":"product_brand","embeddable":true,"href":"https:\/\/www.3p-gmbh.de\/pt-br\/wp-json\/wp\/v2\/product_brand?post=96175"},{"taxonomy":"product_cat","embeddable":true,"href":"https:\/\/www.3p-gmbh.de\/pt-br\/wp-json\/wp\/v2\/product_cat?post=96175"},{"taxonomy":"product_tag","embeddable":true,"href":"https:\/\/www.3p-gmbh.de\/pt-br\/wp-json\/wp\/v2\/product_tag?post=96175"}],"curies":[{"name":"wp","href":"https:\/\/api.w.org\/{rel}","templated":true}]}}