{"id":96000,"date":"2023-11-28T16:13:24","date_gmt":"2023-11-28T16:13:24","guid":{"rendered":"https:\/\/www.3p-gmbh.de\/produkt\/konica-minolta-bizhub-pro-c1060\/"},"modified":"2023-11-28T16:13:24","modified_gmt":"2023-11-28T16:13:24","slug":"konica-minolta-bizhub-pro-c1060","status":"publish","type":"product","link":"https:\/\/www.3p-gmbh.de\/pt-br\/produkt\/konica-minolta-bizhub-pro-c1060\/","title":{"rendered":"Konica Minolta bizhub PRO C1060"},"content":{"rendered":"<p><strong>Konica bizhub PRO C1060<\/strong><br \/>\n*Dispositivo usado<br \/>\nN\u00famero da m\u00e1quina: 1819287410<br \/>\nLeitura do medidor em 02\/11\/2022: 00942571<br \/>\n<strong>de 12 a 2015<\/strong><\/p>\n<p>Op\u00e7\u00e3o de controlador<br \/>\nVI-507 Kit de interface para EFI Fiery IC-308 \/ IC-415<br \/>\nProcessamento de impress\u00e3o<br \/>\nControlador de impress\u00e3o integrado IC-415 EFI Fiery<br \/>\nbizhub Modem GPRS incl. SIM (KPN)<br \/>\nInterface com o sistema de manuten\u00e7\u00e3o remota via r\u00e1dio m\u00f3vel, com modem inclu\u00eddo. Cart\u00e3o SIM f<br \/>\nDF-626 Alimentador autom\u00e1tico de documentos<br \/>\nEntrada de papel<br \/>\nPF-707 Magazine de grande capacidade com tecnologia de sistema de suc\u00e7\u00e3o<br \/>\nProcessamento final<br \/>\nM\u00f3dulo de acabamento multifuncional FS-532<br \/>\nRU-509 Unidade de resfriamento\/alisamento<\/p>\n<p><a href=\"https:\/\/www.3p-gmbh.de\/wp-content\/uploads\/2023\/11\/Konica-bizhub-Pro-C1060-tech-Daten.pdf\">Dados t\u00e9cnicos da Konica bizhub Pro C1060<\/a><\/p>\n","protected":false},"excerpt":{"rendered":"<p>Konica bizhub PRO C1060 *Dispositivo usado N\u00famero da m\u00e1quina: 1819287410 Leitura do medidor em 02\/11\/2022: 00942571 de 12 a 2015 Op\u00e7\u00e3o de controlador VI-507 Kit de interface para EFI Fiery IC-308 \/ IC-415 Processamento de impress\u00e3o Controlador de impress\u00e3o integrado IC-415 EFI Fiery bizhub Modem GPRS incl. SIM (KPN) Interface com o sistema de manuten\u00e7\u00e3o [&hellip;]<\/p>\n","protected":false},"featured_media":95092,"template":"","meta":[],"product_brand":[],"product_cat":[15],"product_tag":[],"class_list":{"0":"post-96000","1":"product","2":"type-product","3":"status-publish","4":"has-post-thumbnail","6":"product_cat-unkategorisiert","7":"pa_bezeichnung_typ-bizhub-pro-c1060","8":"pa_hersteller-konica-minolta","10":"first","11":"instock","12":"taxable","13":"shipping-taxable","14":"product-type-simple"},"jetpack_sharing_enabled":true,"_links":{"self":[{"href":"https:\/\/www.3p-gmbh.de\/pt-br\/wp-json\/wp\/v2\/product\/96000","targetHints":{"allow":["GET"]}}],"collection":[{"href":"https:\/\/www.3p-gmbh.de\/pt-br\/wp-json\/wp\/v2\/product"}],"about":[{"href":"https:\/\/www.3p-gmbh.de\/pt-br\/wp-json\/wp\/v2\/types\/product"}],"wp:featuredmedia":[{"embeddable":true,"href":"https:\/\/www.3p-gmbh.de\/pt-br\/wp-json\/wp\/v2\/media\/95092"}],"wp:attachment":[{"href":"https:\/\/www.3p-gmbh.de\/pt-br\/wp-json\/wp\/v2\/media?parent=96000"}],"wp:term":[{"taxonomy":"product_brand","embeddable":true,"href":"https:\/\/www.3p-gmbh.de\/pt-br\/wp-json\/wp\/v2\/product_brand?post=96000"},{"taxonomy":"product_cat","embeddable":true,"href":"https:\/\/www.3p-gmbh.de\/pt-br\/wp-json\/wp\/v2\/product_cat?post=96000"},{"taxonomy":"product_tag","embeddable":true,"href":"https:\/\/www.3p-gmbh.de\/pt-br\/wp-json\/wp\/v2\/product_tag?post=96000"}],"curies":[{"name":"wp","href":"https:\/\/api.w.org\/{rel}","templated":true}]}}