{"id":95947,"date":"2023-11-30T14:21:29","date_gmt":"2023-11-30T14:21:29","guid":{"rendered":"https:\/\/www.3p-gmbh.de\/produkt\/siri-lavadora-de-rotor-bochonow-rw-850-lavadora-de-tela-automatica\/"},"modified":"2023-11-30T14:21:29","modified_gmt":"2023-11-30T14:21:29","slug":"siri-rotor-washing-system-bochonow-rw-850-automatic-screen-washing-system","status":"publish","type":"product","link":"https:\/\/www.3p-gmbh.de\/pt-br\/produkt\/siri-rotor-washing-system-bochonow-rw-850-automatic-screen-washing-system\/","title":{"rendered":"SIRI Lavadora de rotor BOCHONOW RW 850 &#8211; Lavadora de tela autom\u00e1tica"},"content":{"rendered":"<p><strong>SIRI Lavadora de rotor BOCHONOW RW 850 &#8211; Lavadora de tela autom\u00e1tica<\/strong><br \/>\n<strong>do ano. 2018 t\u00e3o bom quanto novo<br \/>\n<\/strong><br \/>\nO sistema de lavagem de rotores RW atende a todos os requisitos de seguran\u00e7a e foi projetado de acordo com as especifica\u00e7\u00f5es da ATEX, em particular.<\/p>\n<p>Tamanho m\u00e1ximo da peneira. 85 x 85 x 230 Dimens\u00f5es (AxLxP) cm<\/p>\n<p>Os bicos de jato plano especialmente dispostos lavam as formas de serigrafia posicionadas verticalmente de ambos os lados no sistema de lavagem do rotor RW com barras de bicos rotativas.<br \/>\nO processo de lavagem segue o comprovado &#8220;princ\u00edpio de alto volume&#8221; do BOCHONOW \u00ae.<br \/>\nO di\u00e2metro do bocal de mais de tr\u00eas mil\u00edmetros (!) garante um efeito de limpeza ideal e uma opera\u00e7\u00e3o de baixa manuten\u00e7\u00e3o.<br \/>\nO meio de limpeza \u00e9 bombeado para o circuito a partir de um grande tanque sob a c\u00e2mara de lavagem usando uma bomba centr\u00edfuga potente.<br \/>\nA alta taxa de fluxo da bomba permite o uso de bicos com grandes se\u00e7\u00f5es transversais que n\u00e3o s\u00e3o sens\u00edveis a bloqueios e t\u00eam um alto efeito de limpeza.<br \/>\nO limpador de peneira com um ponto de fulgor de &gt; 55\u00b0 C e uma condutividade de &gt; 10-9 S\/m \u00e9 usado como meio de limpeza.<br \/>\nAp\u00f3s a lavagem, a peneira \u00e9 transferida manualmente para a c\u00e2mara de secagem.<\/p>\n<p>A c\u00e2mara de secagem \u00e9 robusta, f\u00e1cil de manter e simples de controlar.<br \/>\nOs controles s\u00e3o facilmente acess\u00edveis na parte frontal. O gabinete de controle est\u00e1 montado no sistema, pronto para ser conectado.<br \/>\nOs tempos de lavagem e drenagem podem ser programados individualmente.<br \/>\nO enx\u00e1gue com solvente limpo tamb\u00e9m \u00e9 poss\u00edvel com os acess\u00f3rios apropriados<\/p>\n","protected":false},"excerpt":{"rendered":"<p>SIRI Lavadora de rotor BOCHONOW RW 850 &#8211; Lavadora de tela autom\u00e1tica do ano. 2018 t\u00e3o bom quanto novo O sistema de lavagem de rotores RW atende a todos os requisitos de seguran\u00e7a e foi projetado de acordo com as especifica\u00e7\u00f5es da ATEX, em particular. Tamanho m\u00e1ximo da peneira. 85 x 85 x 230 Dimens\u00f5es [&hellip;]<\/p>\n","protected":false},"featured_media":95346,"template":"","meta":[],"product_brand":[],"product_cat":[3085],"product_tag":[],"class_list":{"0":"post-95947","1":"product","2":"type-product","3":"status-publish","4":"has-post-thumbnail","6":"product_cat-serigrafia-flexografia-e-rotogravura","7":"pa_hersteller-bochonow","8":"pa_typ-rw-850","10":"first","11":"instock","12":"taxable","13":"shipping-taxable","14":"product-type-simple"},"jetpack_sharing_enabled":true,"_links":{"self":[{"href":"https:\/\/www.3p-gmbh.de\/pt-br\/wp-json\/wp\/v2\/product\/95947","targetHints":{"allow":["GET"]}}],"collection":[{"href":"https:\/\/www.3p-gmbh.de\/pt-br\/wp-json\/wp\/v2\/product"}],"about":[{"href":"https:\/\/www.3p-gmbh.de\/pt-br\/wp-json\/wp\/v2\/types\/product"}],"wp:featuredmedia":[{"embeddable":true,"href":"https:\/\/www.3p-gmbh.de\/pt-br\/wp-json\/wp\/v2\/media\/95346"}],"wp:attachment":[{"href":"https:\/\/www.3p-gmbh.de\/pt-br\/wp-json\/wp\/v2\/media?parent=95947"}],"wp:term":[{"taxonomy":"product_brand","embeddable":true,"href":"https:\/\/www.3p-gmbh.de\/pt-br\/wp-json\/wp\/v2\/product_brand?post=95947"},{"taxonomy":"product_cat","embeddable":true,"href":"https:\/\/www.3p-gmbh.de\/pt-br\/wp-json\/wp\/v2\/product_cat?post=95947"},{"taxonomy":"product_tag","embeddable":true,"href":"https:\/\/www.3p-gmbh.de\/pt-br\/wp-json\/wp\/v2\/product_tag?post=95947"}],"curies":[{"name":"wp","href":"https:\/\/api.w.org\/{rel}","templated":true}]}}