{"id":95845,"date":"2023-11-30T14:37:54","date_gmt":"2023-11-30T14:37:54","guid":{"rendered":"https:\/\/www.3p-gmbh.de\/produkt\/maquina-de-corte-vlf-wohlenberg-185-mcs-2tv\/"},"modified":"2023-11-30T14:37:54","modified_gmt":"2023-11-30T14:37:54","slug":"maquina-de-corte-vlf-wohlenberg-185-mcs-2tv","status":"publish","type":"product","link":"https:\/\/www.3p-gmbh.de\/pt-br\/produkt\/maquina-de-corte-vlf-wohlenberg-185-mcs-2tv\/","title":{"rendered":"M\u00e1quina de corte VLF WOHLENBERG 185 MCS-2TV"},"content":{"rendered":"<p><strong>M\u00e1quina de corte VLF WOHLENBERG 185 MCS-2TV<\/strong><br \/>\n<strong>desde aproximadamente 1993<\/strong><\/p>\n<p>Largura de trabalho 185 mm<br \/>\n2 facas<br \/>\nMesas de ar \u00e0 esquerda, ao centro e \u00e0 direita<br \/>\nTela de TV modificada com programas<br \/>\nSensores de seguran\u00e7a<br \/>\nAprova\u00e7\u00e3o CE<\/p>\n<p>A m\u00e1quina ainda est\u00e1 em produ\u00e7\u00e3o, em boas condi\u00e7\u00f5es<br \/>\nDispon\u00edvel IMEDIATAMENTE<\/p>\n","protected":false},"excerpt":{"rendered":"<p>M\u00e1quina de corte VLF WOHLENBERG 185 MCS-2TV desde aproximadamente 1993 Largura de trabalho 185 mm 2 facas Mesas de ar \u00e0 esquerda, ao centro e \u00e0 direita Tela de TV modificada com programas Sensores de seguran\u00e7a Aprova\u00e7\u00e3o CE A m\u00e1quina ainda est\u00e1 em produ\u00e7\u00e3o, em boas condi\u00e7\u00f5es Dispon\u00edvel IMEDIATAMENTE<\/p>\n","protected":false},"featured_media":95420,"template":"","meta":[],"product_brand":[],"product_cat":[3017],"product_tag":[],"class_list":{"0":"post-95845","1":"product","2":"type-product","3":"status-publish","4":"has-post-thumbnail","6":"product_cat-maquinas-de-corte","7":"pa_hersteller-wohlenberg","8":"pa_typ-185-mcs-2tv","10":"first","11":"instock","12":"taxable","13":"shipping-taxable","14":"product-type-simple"},"jetpack_sharing_enabled":true,"_links":{"self":[{"href":"https:\/\/www.3p-gmbh.de\/pt-br\/wp-json\/wp\/v2\/product\/95845","targetHints":{"allow":["GET"]}}],"collection":[{"href":"https:\/\/www.3p-gmbh.de\/pt-br\/wp-json\/wp\/v2\/product"}],"about":[{"href":"https:\/\/www.3p-gmbh.de\/pt-br\/wp-json\/wp\/v2\/types\/product"}],"wp:featuredmedia":[{"embeddable":true,"href":"https:\/\/www.3p-gmbh.de\/pt-br\/wp-json\/wp\/v2\/media\/95420"}],"wp:attachment":[{"href":"https:\/\/www.3p-gmbh.de\/pt-br\/wp-json\/wp\/v2\/media?parent=95845"}],"wp:term":[{"taxonomy":"product_brand","embeddable":true,"href":"https:\/\/www.3p-gmbh.de\/pt-br\/wp-json\/wp\/v2\/product_brand?post=95845"},{"taxonomy":"product_cat","embeddable":true,"href":"https:\/\/www.3p-gmbh.de\/pt-br\/wp-json\/wp\/v2\/product_cat?post=95845"},{"taxonomy":"product_tag","embeddable":true,"href":"https:\/\/www.3p-gmbh.de\/pt-br\/wp-json\/wp\/v2\/product_tag?post=95845"}],"curies":[{"name":"wp","href":"https:\/\/api.w.org\/{rel}","templated":true}]}}