{"id":95802,"date":"2023-11-30T15:05:51","date_gmt":"2023-11-30T15:05:51","guid":{"rendered":"https:\/\/www.3p-gmbh.de\/produkt\/maquina-de-perfuracao-original-heidelberg-ohz-sbd\/"},"modified":"2023-12-18T08:36:33","modified_gmt":"2023-12-18T08:36:33","slug":"original-heidelberg-ohz-punching-machine-sbd","status":"publish","type":"product","link":"https:\/\/www.3p-gmbh.de\/pt-br\/produkt\/original-heidelberg-ohz-punching-machine-sbd\/","title":{"rendered":"M\u00e1quina de perfura\u00e7\u00e3o original Heidelberg OHZ &#8211; SBD"},"content":{"rendered":"<p><strong>M\u00e1quina de perfura\u00e7\u00e3o original Heidelberg OHZ &#8211; SBD<\/strong><br \/>\n<strong>Ano de constru\u00e7\u00e3o 1969  <\/strong><br \/>\n<strong>N\/P: 34542<\/strong><\/p>\n<p><strong><em>Equipamento:<\/em><\/strong><br \/>\nAcess\u00f3rios padr\u00e3o somente para perfura\u00e7\u00e3o<br \/>\n2 Quadro<\/p>\n<p>Tamanho m\u00e1ximo da folha. 640 x 900 mm<br \/>\nTamanho m\u00ednimo da folha. 290 x 400 mm<br \/>\nVelocidade m\u00e1x. \/h: 4000<br \/>\nComprimento: 370 cm<br \/>\nLargura: 245 cm<br \/>\nAltura: 145 cm<br \/>\nPeso: 6000 kg<br \/>\nConsumo de energia: 10,8 kW<\/p>\n<p><strong>Em muito bom estado<\/strong><\/p>\n<p>V\u00eddeo em <a href=\"https:\/\/youtu.be\/OAB3yqei830\">https:\/\/youtu.be\/OAB3yqei830<\/a><\/p>\n","protected":false},"excerpt":{"rendered":"<p>M\u00e1quina de perfura\u00e7\u00e3o original Heidelberg OHZ &#8211; SBD Ano de constru\u00e7\u00e3o 1969 N\/P: 34542 Equipamento: Acess\u00f3rios padr\u00e3o somente para perfura\u00e7\u00e3o 2 Quadro Tamanho m\u00e1ximo da folha. 640 x 900 mm Tamanho m\u00ednimo da folha. 290 x 400 mm Velocidade m\u00e1x. \/h: 4000 Comprimento: 370 cm Largura: 245 cm Altura: 145 cm Peso: 6000 kg Consumo [&hellip;]<\/p>\n","protected":false},"featured_media":95486,"template":"","meta":[],"product_brand":[],"product_cat":[2906],"product_tag":[],"class_list":{"0":"post-95802","1":"product","2":"type-product","3":"status-publish","4":"has-post-thumbnail","6":"product_cat-perfuracao","7":"pa_hersteller-heidelberg","8":"pa_typ-ohz-sbd","10":"first","11":"instock","12":"taxable","13":"shipping-taxable","14":"product-type-simple"},"jetpack_sharing_enabled":true,"_links":{"self":[{"href":"https:\/\/www.3p-gmbh.de\/pt-br\/wp-json\/wp\/v2\/product\/95802","targetHints":{"allow":["GET"]}}],"collection":[{"href":"https:\/\/www.3p-gmbh.de\/pt-br\/wp-json\/wp\/v2\/product"}],"about":[{"href":"https:\/\/www.3p-gmbh.de\/pt-br\/wp-json\/wp\/v2\/types\/product"}],"wp:featuredmedia":[{"embeddable":true,"href":"https:\/\/www.3p-gmbh.de\/pt-br\/wp-json\/wp\/v2\/media\/95486"}],"wp:attachment":[{"href":"https:\/\/www.3p-gmbh.de\/pt-br\/wp-json\/wp\/v2\/media?parent=95802"}],"wp:term":[{"taxonomy":"product_brand","embeddable":true,"href":"https:\/\/www.3p-gmbh.de\/pt-br\/wp-json\/wp\/v2\/product_brand?post=95802"},{"taxonomy":"product_cat","embeddable":true,"href":"https:\/\/www.3p-gmbh.de\/pt-br\/wp-json\/wp\/v2\/product_cat?post=95802"},{"taxonomy":"product_tag","embeddable":true,"href":"https:\/\/www.3p-gmbh.de\/pt-br\/wp-json\/wp\/v2\/product_tag?post=95802"}],"curies":[{"name":"wp","href":"https:\/\/api.w.org\/{rel}","templated":true}]}}