{"id":94233,"date":"2021-01-11T18:51:58","date_gmt":"2021-01-11T18:51:58","guid":{"rendered":"https:\/\/www.3p-gmbh.de\/produkt\/mesa-de-agrupamento-busch-tb-24-ii-da-bj-2002\/"},"modified":"2021-01-11T18:51:58","modified_gmt":"2021-01-11T18:51:58","slug":"tischbuendler-busch-tb-24-ii-aus-bj-2002","status":"publish","type":"product","link":"https:\/\/www.3p-gmbh.de\/pt-br\/produkt\/tischbuendler-busch-tb-24-ii-aus-bj-2002\/","title":{"rendered":"Mesa de agrupamento Busch TB 24-II da Bj. 2002"},"content":{"rendered":"<div><span style=\"color: #000000; font-family: Arial;\"><span style=\"color: #0000ff;\"><strong>Agrupador de mesas Busch TB 24-II<\/strong><\/span><\/span><\/div>\n<div><span style=\"color: #0000ff; font-family: Arial;\"><br \/>\n  <strong>Ano de fabrico 2002 \u00e0s 3p <\/strong><br \/>\n<\/span><span style=\"font-family: Arial;\"><br \/>\n  <span style=\"color: #ff0000;\"><br \/>\n    <span style=\"color: #0000ff;\"><br \/>\n      <strong>Revis\u00e3o da oficina<\/strong><br \/>\n    <\/span><br \/>\n  <\/span><br \/>\n<\/span><\/div>\n<div><\/div>\n<div><span style=\"color: #000000; font-family: Arial;\">O material do pacote \u00e9 papel kraft revestido (castanho ou branco) ou pel\u00edcula de polipropileno transparente.<br \/>\nEquipado com visor digital, visor de erros e controlo eletr\u00f3nico da temperatura.<\/p>\n<p>Op\u00e7\u00f5es de funcionamento:<br \/>\n&#8211; Desbloqueio de ciclo \u00fanico atrav\u00e9s de bot\u00e3o de press\u00e3o<br \/>\n&#8211; Desbloqueio de ciclo \u00fanico atrav\u00e9s de pedal<br \/>\n&#8211; Acionamento autom\u00e1tico atrav\u00e9s de sensor<\/p>\n<p>Material da embalagem: Papel kraft revestido, pel\u00edcula de polipropileno (PP)<br \/>\n<span style=\"color: #0000ff;\"><strong>Largura de banda 40<\/strong><\/span><\/span><\/div>\n<div><span style=\"color: #000000; font-family: Arial;\">Comprimento do rolo: papel kraft 150 \/ folha 200 m<br \/>\nRendimento da m\u00e1quina: 20 \/ 25 ciclos\/min.<br \/>\nM\u00e1ximo. Dimens\u00f5es dos produtos agrupados: 240 mm de largura para o agrupamento de papel e 180 mm para o agrupamento de pel\u00edcula, altura 150 mm, comprimento ilimitado<br \/>\n<\/span><\/div>\n","protected":false},"excerpt":{"rendered":"<p>Agrupador de mesas Busch TB 24-II Ano de fabrico 2002 \u00e0s 3p Revis\u00e3o da oficina O material do pacote \u00e9 papel kraft revestido (castanho ou branco) ou pel\u00edcula de polipropileno transparente. Equipado com visor digital, visor de erros e controlo eletr\u00f3nico da temperatura. Op\u00e7\u00f5es de funcionamento: &#8211; Desbloqueio de ciclo \u00fanico atrav\u00e9s de bot\u00e3o de [&hellip;]<\/p>\n","protected":false},"featured_media":78948,"template":"","meta":[],"product_brand":[],"product_cat":[2859],"product_tag":[],"class_list":{"0":"post-94233","1":"product","2":"type-product","3":"status-publish","4":"has-post-thumbnail","6":"product_cat-maquinas-de-banderoling","7":"pa_hersteller-busch","8":"pa_typ-tb-24-ii","10":"first","11":"instock","12":"taxable","13":"shipping-taxable","14":"product-type-simple"},"jetpack_sharing_enabled":true,"_links":{"self":[{"href":"https:\/\/www.3p-gmbh.de\/pt-br\/wp-json\/wp\/v2\/product\/94233","targetHints":{"allow":["GET"]}}],"collection":[{"href":"https:\/\/www.3p-gmbh.de\/pt-br\/wp-json\/wp\/v2\/product"}],"about":[{"href":"https:\/\/www.3p-gmbh.de\/pt-br\/wp-json\/wp\/v2\/types\/product"}],"wp:featuredmedia":[{"embeddable":true,"href":"https:\/\/www.3p-gmbh.de\/pt-br\/wp-json\/wp\/v2\/media\/78948"}],"wp:attachment":[{"href":"https:\/\/www.3p-gmbh.de\/pt-br\/wp-json\/wp\/v2\/media?parent=94233"}],"wp:term":[{"taxonomy":"product_brand","embeddable":true,"href":"https:\/\/www.3p-gmbh.de\/pt-br\/wp-json\/wp\/v2\/product_brand?post=94233"},{"taxonomy":"product_cat","embeddable":true,"href":"https:\/\/www.3p-gmbh.de\/pt-br\/wp-json\/wp\/v2\/product_cat?post=94233"},{"taxonomy":"product_tag","embeddable":true,"href":"https:\/\/www.3p-gmbh.de\/pt-br\/wp-json\/wp\/v2\/product_tag?post=94233"}],"curies":[{"name":"wp","href":"https:\/\/api.w.org\/{rel}","templated":true}]}}