{"id":94224,"date":"2021-01-12T13:48:31","date_gmt":"2021-01-12T13:48:31","guid":{"rendered":"https:\/\/www.3p-gmbh.de\/produkt\/sistema-de-marcacao-para-marcacao-industrial-com-printolux-modelo-printolux-fb-30-plus\/"},"modified":"2021-01-12T13:48:31","modified_gmt":"2021-01-12T13:48:31","slug":"sistema-de-marcacao-para-marcacao-industrial-com-modelo-printolux-printolux-fb-30-plus","status":"publish","type":"product","link":"https:\/\/www.3p-gmbh.de\/pt-br\/produkt\/sistema-de-marcacao-para-marcacao-industrial-com-modelo-printolux-printolux-fb-30-plus\/","title":{"rendered":"Sistema de marca\u00e7\u00e3o para marca\u00e7\u00e3o industrial com PrintoLUX\u00ae Modelo PrintoLUX FB-30-Plus"},"content":{"rendered":"<div><strong>Sistema de marca\u00e7\u00e3o PrintoLUX FB-30-Plus<\/strong><\/div>\n<div>\nRegula\u00e7\u00e3o manual da altura at\u00e9 30 mm<br \/>\n\u00c1rea de impress\u00e3o ativa at\u00e9 um m\u00e1ximo de 320 x 540 mm<br \/>\nSuporta um peso at\u00e9 ao m\u00e1ximo. 10 kg. Elevada qualidade de impress\u00e3o devido \u00e0 mesa de impress\u00e3o fixa e \u00e0 unidade de impress\u00e3o m\u00f3vel<br \/>\nResultados de impress\u00e3o melhorados: Realiza\u00e7\u00e3o de larguras de linha at\u00e9 0,05 mm<\/div>\n","protected":false},"excerpt":{"rendered":"<p>Sistema de marca\u00e7\u00e3o PrintoLUX FB-30-Plus Regula\u00e7\u00e3o manual da altura at\u00e9 30 mm \u00c1rea de impress\u00e3o ativa at\u00e9 um m\u00e1ximo de 320 x 540 mm Suporta um peso at\u00e9 ao m\u00e1ximo. 10 kg. Elevada qualidade de impress\u00e3o devido \u00e0 mesa de impress\u00e3o fixa e \u00e0 unidade de impress\u00e3o m\u00f3vel Resultados de impress\u00e3o melhorados: Realiza\u00e7\u00e3o de larguras [&hellip;]<\/p>\n","protected":false},"featured_media":78993,"template":"","meta":[],"product_brand":[],"product_cat":[2974],"product_tag":[],"class_list":{"0":"post-94224","1":"product","2":"type-product","3":"status-publish","4":"has-post-thumbnail","6":"product_cat-impressao-digital","7":"pa_hersteller-printolux","8":"pa_typ-fb-30-plus","10":"first","11":"instock","12":"taxable","13":"shipping-taxable","14":"product-type-simple"},"jetpack_sharing_enabled":true,"_links":{"self":[{"href":"https:\/\/www.3p-gmbh.de\/pt-br\/wp-json\/wp\/v2\/product\/94224","targetHints":{"allow":["GET"]}}],"collection":[{"href":"https:\/\/www.3p-gmbh.de\/pt-br\/wp-json\/wp\/v2\/product"}],"about":[{"href":"https:\/\/www.3p-gmbh.de\/pt-br\/wp-json\/wp\/v2\/types\/product"}],"wp:featuredmedia":[{"embeddable":true,"href":"https:\/\/www.3p-gmbh.de\/pt-br\/wp-json\/wp\/v2\/media\/78993"}],"wp:attachment":[{"href":"https:\/\/www.3p-gmbh.de\/pt-br\/wp-json\/wp\/v2\/media?parent=94224"}],"wp:term":[{"taxonomy":"product_brand","embeddable":true,"href":"https:\/\/www.3p-gmbh.de\/pt-br\/wp-json\/wp\/v2\/product_brand?post=94224"},{"taxonomy":"product_cat","embeddable":true,"href":"https:\/\/www.3p-gmbh.de\/pt-br\/wp-json\/wp\/v2\/product_cat?post=94224"},{"taxonomy":"product_tag","embeddable":true,"href":"https:\/\/www.3p-gmbh.de\/pt-br\/wp-json\/wp\/v2\/product_tag?post=94224"}],"curies":[{"name":"wp","href":"https:\/\/api.w.org\/{rel}","templated":true}]}}