{"id":94220,"date":"2021-01-12T13:54:31","date_gmt":"2021-01-12T13:54:31","guid":{"rendered":"https:\/\/www.3p-gmbh.de\/produkt\/maquina-de-fecho-electrica-renz-ecl-500-para-encadernacoes-em-favo-de-arame\/"},"modified":"2021-01-12T13:54:31","modified_gmt":"2021-01-12T13:54:31","slug":"renz-ecl-500-maquina-electrica-de-bloqueio-para-cordas-de-pente","status":"publish","type":"product","link":"https:\/\/www.3p-gmbh.de\/pt-br\/produkt\/renz-ecl-500-maquina-electrica-de-bloqueio-para-cordas-de-pente\/","title":{"rendered":"M\u00e1quina de fecho el\u00e9ctrica Renz ECL 500 para encaderna\u00e7\u00f5es em favo de arame"},"content":{"rendered":"<p><strong>M\u00e1quina de fecho el\u00e9ctrica Renz ECL 500 para encaderna\u00e7\u00f5es em favo de arame<\/strong><br \/>\n<strong>do ano. 2004<br \/>\n<\/strong><br \/>\n&#8211; Largura de trabalho at\u00e9 500 mm<br \/>\n&#8211; Dispositivo de seguran\u00e7a contra ferimentos<br \/>\n&#8211; Di\u00e2metros a processar: 3\/16 &#8211; 1 1\/2<br \/>\n&#8211; N\u00e3o \u00e9 necess\u00e1rio mudar de ferramenta<br \/>\n&#8211; Desempenho do fecho mec\u00e2nico: 2.000 ciclos\/h*.<br \/>\n&#8211; Liga\u00e7\u00e3o: 230\/ 50 Hz<br \/>\n&#8211; Peso: 38 kg<\/p>\n<p>* O desempenho real da encaderna\u00e7\u00e3o depende de v\u00e1rios factores, sendo os mais importantes os seguintes<br \/>\n&#8211; Encaderna\u00e7\u00e3o de blocos ou calend\u00e1rios (2 elementos de arame + cabide)<br \/>\n&#8211; Compet\u00eancia do operador<\/p>\n<p>A sua vantagem:<br \/>\nAo utilizar um dispositivo de bloqueio el\u00e9trico, garante sempre um resultado de bloqueio consistente e perfeito!<br \/>\nAl\u00e9m disso, tem ambas as m\u00e3os dispon\u00edveis para fixar o material de encaderna\u00e7\u00e3o com uma m\u00e1quina de fecho da s\u00e9rie ECL (o mecanismo de fecho \u00e9 acionado por um interrutor de p\u00e9), o que torna o manuseamento muito f\u00e1cil.<\/p>\n","protected":false},"excerpt":{"rendered":"<p>M\u00e1quina de fecho el\u00e9ctrica Renz ECL 500 para encaderna\u00e7\u00f5es em favo de arame do ano. 2004 &#8211; Largura de trabalho at\u00e9 500 mm &#8211; Dispositivo de seguran\u00e7a contra ferimentos &#8211; Di\u00e2metros a processar: 3\/16 &#8211; 1 1\/2 &#8211; N\u00e3o \u00e9 necess\u00e1rio mudar de ferramenta &#8211; Desempenho do fecho mec\u00e2nico: 2.000 ciclos\/h*. &#8211; Liga\u00e7\u00e3o: 230\/ 50 [&hellip;]<\/p>\n","protected":false},"featured_media":78999,"template":"","meta":[],"product_brand":[],"product_cat":[2856],"product_tag":[],"class_list":{"0":"post-94220","1":"product","2":"type-product","3":"status-publish","4":"has-post-thumbnail","6":"product_cat-maquinas-de-encadernacao-de-fios","7":"pa_hersteller-renz","8":"pa_typ-ecl-500","10":"first","11":"instock","12":"taxable","13":"shipping-taxable","14":"product-type-simple"},"jetpack_sharing_enabled":true,"_links":{"self":[{"href":"https:\/\/www.3p-gmbh.de\/pt-br\/wp-json\/wp\/v2\/product\/94220","targetHints":{"allow":["GET"]}}],"collection":[{"href":"https:\/\/www.3p-gmbh.de\/pt-br\/wp-json\/wp\/v2\/product"}],"about":[{"href":"https:\/\/www.3p-gmbh.de\/pt-br\/wp-json\/wp\/v2\/types\/product"}],"wp:featuredmedia":[{"embeddable":true,"href":"https:\/\/www.3p-gmbh.de\/pt-br\/wp-json\/wp\/v2\/media\/78999"}],"wp:attachment":[{"href":"https:\/\/www.3p-gmbh.de\/pt-br\/wp-json\/wp\/v2\/media?parent=94220"}],"wp:term":[{"taxonomy":"product_brand","embeddable":true,"href":"https:\/\/www.3p-gmbh.de\/pt-br\/wp-json\/wp\/v2\/product_brand?post=94220"},{"taxonomy":"product_cat","embeddable":true,"href":"https:\/\/www.3p-gmbh.de\/pt-br\/wp-json\/wp\/v2\/product_cat?post=94220"},{"taxonomy":"product_tag","embeddable":true,"href":"https:\/\/www.3p-gmbh.de\/pt-br\/wp-json\/wp\/v2\/product_tag?post=94220"}],"curies":[{"name":"wp","href":"https:\/\/api.w.org\/{rel}","templated":true}]}}