{"id":94189,"date":"2019-07-11T13:56:29","date_gmt":"2019-07-11T13:56:29","guid":{"rendered":"https:\/\/www.3p-gmbh.de\/produkt\/maquina-de-dobragem-mais-pequena-heidelberg-stahl-t-36-4\/"},"modified":"2019-07-11T13:56:29","modified_gmt":"2019-07-11T13:56:29","slug":"maquina-de-dobrar-mais-pequena","status":"publish","type":"product","link":"https:\/\/www.3p-gmbh.de\/pt-br\/produkt\/maquina-de-dobrar-mais-pequena\/","title":{"rendered":"M\u00e1quina de dobragem mais pequena Heidelberg Stahl T 36-4"},"content":{"rendered":"<ul>\n<li>Dobradeira de chapa com fivela combinada para dobras muito pequenas A\u00e7o T 36-4-KB-F-SA<\/li>\n<li>Ideal para dobras muito pequenas, por exemplo, embalagens ou folhetos farmac\u00eauticos a partir de 20 mm<\/li>\n<li>Alimentador de estacas planas e contador de pr\u00e9-sele\u00e7\u00e3o EVZ 11<\/li>\n<li>FW 1 com 4 bolsas, largura de alimenta\u00e7\u00e3o de 36 cm, veio cortador a jusante, prote\u00e7\u00e3o anti-ru\u00eddo<\/li>\n<li>Unidade de dobragem de espada de gancho KB-36 com uma faca<\/li>\n<li>Entrega de telheiro com dobradi\u00e7as<\/li>\n<\/ul>\n","protected":false},"excerpt":{"rendered":"<p>Dobradeira de chapa com fivela combinada para dobras muito pequenas A\u00e7o T 36-4-KB-F-SA Ideal para dobras muito pequenas, por exemplo, embalagens ou folhetos farmac\u00eauticos a partir de 20 mm Alimentador de estacas planas e contador de pr\u00e9-sele\u00e7\u00e3o EVZ 11 FW 1 com 4 bolsas, largura de alimenta\u00e7\u00e3o de 36 cm, veio cortador a jusante, prote\u00e7\u00e3o [&hellip;]<\/p>\n","protected":false},"featured_media":67377,"template":"","meta":[],"product_brand":[],"product_cat":[2979],"product_tag":[],"class_list":{"0":"post-94189","1":"product","2":"type-product","3":"status-publish","4":"has-post-thumbnail","6":"product_cat-maquinas-de-dobrar","7":"pa_baujahr-272","8":"pa_hersteller-stahl-ludwigsburg","9":"pa_typ-stahlfolder-t-36-4-kb-f2-sa","11":"first","12":"instock","13":"sold-individually","14":"taxable","15":"shipping-taxable","16":"purchasable","17":"product-type-simple"},"jetpack_sharing_enabled":true,"_links":{"self":[{"href":"https:\/\/www.3p-gmbh.de\/pt-br\/wp-json\/wp\/v2\/product\/94189","targetHints":{"allow":["GET"]}}],"collection":[{"href":"https:\/\/www.3p-gmbh.de\/pt-br\/wp-json\/wp\/v2\/product"}],"about":[{"href":"https:\/\/www.3p-gmbh.de\/pt-br\/wp-json\/wp\/v2\/types\/product"}],"wp:featuredmedia":[{"embeddable":true,"href":"https:\/\/www.3p-gmbh.de\/pt-br\/wp-json\/wp\/v2\/media\/67377"}],"wp:attachment":[{"href":"https:\/\/www.3p-gmbh.de\/pt-br\/wp-json\/wp\/v2\/media?parent=94189"}],"wp:term":[{"taxonomy":"product_brand","embeddable":true,"href":"https:\/\/www.3p-gmbh.de\/pt-br\/wp-json\/wp\/v2\/product_brand?post=94189"},{"taxonomy":"product_cat","embeddable":true,"href":"https:\/\/www.3p-gmbh.de\/pt-br\/wp-json\/wp\/v2\/product_cat?post=94189"},{"taxonomy":"product_tag","embeddable":true,"href":"https:\/\/www.3p-gmbh.de\/pt-br\/wp-json\/wp\/v2\/product_tag?post=94189"}],"curies":[{"name":"wp","href":"https:\/\/api.w.org\/{rel}","templated":true}]}}