{"id":94185,"date":"2019-07-11T13:56:29","date_gmt":"2019-07-11T13:56:29","guid":{"rendered":"https:\/\/www.3p-gmbh.de\/produkt\/dobrador-de-chapa-de-fivela-de-aco-heidelberg-td-78-4-2-rd\/"},"modified":"2019-07-11T13:56:29","modified_gmt":"2019-07-11T13:56:29","slug":"maquina-de-dobrar-bolsas-25","status":"publish","type":"product","link":"https:\/\/www.3p-gmbh.de\/pt-br\/produkt\/maquina-de-dobrar-bolsas-25\/","title":{"rendered":"Dobrador de chapa de fivela de a\u00e7o Heidelberg TD 78-4-2-RD"},"content":{"rendered":"<ul>\n<li>Topline TD 78-4-4-2-RD com VSA 66.D<\/li>\n<li>Ano de fabrico 2000<\/li>\n<li>Rolos de dobragem renovados em 2014\/2015<\/li>\n<li>Alimentador de estacas redondas com controlo DCT<\/li>\n<li>1 FW. 4 bolsas 78cm, cabe\u00e7a de corte a jusante<\/li>\n<li>2 FW. 4 bolsas 66cm, cabe\u00e7a de corte a jusante<\/li>\n<li>3 FW. 2 bolsas 56cm, cabe\u00e7a de corte a jusante<\/li>\n<li>Prensa vertical de estacas VSA 66.D MKE<\/li>\n<\/ul>\n","protected":false},"excerpt":{"rendered":"<p>Topline TD 78-4-4-2-RD com VSA 66.D Ano de fabrico 2000 Rolos de dobragem renovados em 2014\/2015 Alimentador de estacas redondas com controlo DCT 1 FW. 4 bolsas 78cm, cabe\u00e7a de corte a jusante 2 FW. 4 bolsas 66cm, cabe\u00e7a de corte a jusante 3 FW. 2 bolsas 56cm, cabe\u00e7a de corte a jusante Prensa vertical [&hellip;]<\/p>\n","protected":false},"featured_media":67365,"template":"","meta":[],"product_brand":[],"product_cat":[2979],"product_tag":[],"class_list":{"0":"post-94185","1":"product","2":"type-product","3":"status-publish","4":"has-post-thumbnail","6":"product_cat-maquinas-de-dobrar","7":"pa_baujahr-165","8":"pa_hersteller-heidelberg-stahl","9":"pa_typ-topline-td-78-4-4-2-rd","11":"first","12":"instock","13":"sold-individually","14":"taxable","15":"shipping-taxable","16":"purchasable","17":"product-type-simple"},"jetpack_sharing_enabled":true,"_links":{"self":[{"href":"https:\/\/www.3p-gmbh.de\/pt-br\/wp-json\/wp\/v2\/product\/94185","targetHints":{"allow":["GET"]}}],"collection":[{"href":"https:\/\/www.3p-gmbh.de\/pt-br\/wp-json\/wp\/v2\/product"}],"about":[{"href":"https:\/\/www.3p-gmbh.de\/pt-br\/wp-json\/wp\/v2\/types\/product"}],"wp:featuredmedia":[{"embeddable":true,"href":"https:\/\/www.3p-gmbh.de\/pt-br\/wp-json\/wp\/v2\/media\/67365"}],"wp:attachment":[{"href":"https:\/\/www.3p-gmbh.de\/pt-br\/wp-json\/wp\/v2\/media?parent=94185"}],"wp:term":[{"taxonomy":"product_brand","embeddable":true,"href":"https:\/\/www.3p-gmbh.de\/pt-br\/wp-json\/wp\/v2\/product_brand?post=94185"},{"taxonomy":"product_cat","embeddable":true,"href":"https:\/\/www.3p-gmbh.de\/pt-br\/wp-json\/wp\/v2\/product_cat?post=94185"},{"taxonomy":"product_tag","embeddable":true,"href":"https:\/\/www.3p-gmbh.de\/pt-br\/wp-json\/wp\/v2\/product_tag?post=94185"}],"curies":[{"name":"wp","href":"https:\/\/api.w.org\/{rel}","templated":true}]}}