{"id":94183,"date":"2019-07-11T13:56:29","date_gmt":"2019-07-11T13:56:29","guid":{"rendered":"https:\/\/www.3p-gmbh.de\/produkt\/pasta-com-placa-de-fivela-de-aco-heidelberg-tf-56-4-4-f\/"},"modified":"2019-07-11T13:56:29","modified_gmt":"2019-07-11T13:56:29","slug":"maquina-de-dobrar-bolsos-24","status":"publish","type":"product","link":"https:\/\/www.3p-gmbh.de\/pt-br\/produkt\/maquina-de-dobrar-bolsos-24\/","title":{"rendered":"Pasta com placa de fivela de a\u00e7o Heidelberg TF 56-4-4-F"},"content":{"rendered":"<ul>\n<li>placa de fivela de fecho em a\u00e7o TF 56-4-4-F SAK 56<\/li>\n<li>Ano de fabrico 1996<\/li>\n<li>Formato 56 x 84cm<\/li>\n<li>Alimentador de estacas planas com Tremat e contador de pr\u00e9-sele\u00e7\u00e3o PCS 100<\/li>\n<li>1. movimento 4 bolsas 56cm e cabe\u00e7a de corte a jusante<\/li>\n<li>2. movimento 4 bolsas 56cm e cabe\u00e7a de corte a jusante<\/li>\n<li>1 entrega de pavilh\u00e3o m\u00f3vel SAK 56 com dispositivo de marca\u00e7\u00e3o<\/li>\n<li>1 bomba DV<\/li>\n<li>1 janela rebate bolso eletromagn\u00e9tico<\/li>\n<\/ul>\n","protected":false},"excerpt":{"rendered":"<p>placa de fivela de fecho em a\u00e7o TF 56-4-4-F SAK 56 Ano de fabrico 1996 Formato 56 x 84cm Alimentador de estacas planas com Tremat e contador de pr\u00e9-sele\u00e7\u00e3o PCS 100 1. movimento 4 bolsas 56cm e cabe\u00e7a de corte a jusante 2. movimento 4 bolsas 56cm e cabe\u00e7a de corte a jusante 1 entrega [&hellip;]<\/p>\n","protected":false},"featured_media":67350,"template":"","meta":[],"product_brand":[],"product_cat":[2979],"product_tag":[],"class_list":{"0":"post-94183","1":"product","2":"type-product","3":"status-publish","4":"has-post-thumbnail","6":"product_cat-maquinas-de-dobrar","7":"pa_baujahr-209","8":"pa_hersteller-heidelberg-stahlfolder","9":"pa_typ-tf-56-4-4-f-sak-56","11":"first","12":"instock","13":"sold-individually","14":"taxable","15":"shipping-taxable","16":"purchasable","17":"product-type-simple"},"jetpack_sharing_enabled":true,"_links":{"self":[{"href":"https:\/\/www.3p-gmbh.de\/pt-br\/wp-json\/wp\/v2\/product\/94183","targetHints":{"allow":["GET"]}}],"collection":[{"href":"https:\/\/www.3p-gmbh.de\/pt-br\/wp-json\/wp\/v2\/product"}],"about":[{"href":"https:\/\/www.3p-gmbh.de\/pt-br\/wp-json\/wp\/v2\/types\/product"}],"wp:featuredmedia":[{"embeddable":true,"href":"https:\/\/www.3p-gmbh.de\/pt-br\/wp-json\/wp\/v2\/media\/67350"}],"wp:attachment":[{"href":"https:\/\/www.3p-gmbh.de\/pt-br\/wp-json\/wp\/v2\/media?parent=94183"}],"wp:term":[{"taxonomy":"product_brand","embeddable":true,"href":"https:\/\/www.3p-gmbh.de\/pt-br\/wp-json\/wp\/v2\/product_brand?post=94183"},{"taxonomy":"product_cat","embeddable":true,"href":"https:\/\/www.3p-gmbh.de\/pt-br\/wp-json\/wp\/v2\/product_cat?post=94183"},{"taxonomy":"product_tag","embeddable":true,"href":"https:\/\/www.3p-gmbh.de\/pt-br\/wp-json\/wp\/v2\/product_tag?post=94183"}],"curies":[{"name":"wp","href":"https:\/\/api.w.org\/{rel}","templated":true}]}}