{"id":94180,"date":"2019-07-11T13:56:29","date_gmt":"2019-07-11T13:56:29","guid":{"rendered":"https:\/\/www.3p-gmbh.de\/produkt\/maquina-de-dobrar-combinada-heidelberg-steel-kh-78-4-ktl-rfh-82\/"},"modified":"2019-07-11T13:56:29","modified_gmt":"2019-07-11T13:56:29","slug":"maquina-de-dobrar-combinada-13","status":"publish","type":"product","link":"https:\/\/www.3p-gmbh.de\/pt-br\/produkt\/maquina-de-dobrar-combinada-13\/","title":{"rendered":"M\u00e1quina de dobrar combinada Heidelberg Steel KH 78-4-KTL-RFH 82"},"content":{"rendered":"<ul>\n<li>Ano de fabrico 2005<\/li>\n<li>Alimentador de estacas redondas RFH-82 com extens\u00e3o de mesa e sistema de controlo MCT<\/li>\n<li>Formato m\u00e1ximo 82x128cm<\/li>\n<li>bloco de corte a montante<\/li>\n<li>Unidade de dobragem de placas de fivelas BUH 1\u00aa esta\u00e7\u00e3o com 4 placas de fivelas largura de trabalho 82 cm, eixo de corte a jusante<\/li>\n<li>Unidade de dobragem cruzada BCUH em modelo de dobragem cruzada KTL (l\u00e2mina, bolso deitado, l\u00e2mina) Largura de trabalho 78 cm, eixo da l\u00e2mina a jusante<\/li>\n<li>Bomba DV com caixa ac\u00fastica e ventilador<\/li>\n<li>Fornecimento vertical de chapa de a\u00e7o SBP 66.D MKE<\/li>\n<\/ul>\n","protected":false},"excerpt":{"rendered":"<p>Ano de fabrico 2005 Alimentador de estacas redondas RFH-82 com extens\u00e3o de mesa e sistema de controlo MCT Formato m\u00e1ximo 82x128cm bloco de corte a montante Unidade de dobragem de placas de fivelas BUH 1\u00aa esta\u00e7\u00e3o com 4 placas de fivelas largura de trabalho 82 cm, eixo de corte a jusante Unidade de dobragem cruzada [&hellip;]<\/p>\n","protected":false},"featured_media":71073,"template":"","meta":[],"product_brand":[],"product_cat":[2979],"product_tag":[],"class_list":{"0":"post-94180","1":"product","2":"type-product","3":"status-publish","4":"has-post-thumbnail","6":"product_cat-maquinas-de-dobrar","7":"pa_baujahr-168","8":"pa_hersteller-heidelberg-stahl-ludwigsburg","9":"pa_typ-stahfolder-kh-78-4-ktl-rfh-82","11":"first","12":"instock","13":"sold-individually","14":"taxable","15":"shipping-taxable","16":"purchasable","17":"product-type-simple"},"jetpack_sharing_enabled":true,"_links":{"self":[{"href":"https:\/\/www.3p-gmbh.de\/pt-br\/wp-json\/wp\/v2\/product\/94180","targetHints":{"allow":["GET"]}}],"collection":[{"href":"https:\/\/www.3p-gmbh.de\/pt-br\/wp-json\/wp\/v2\/product"}],"about":[{"href":"https:\/\/www.3p-gmbh.de\/pt-br\/wp-json\/wp\/v2\/types\/product"}],"wp:featuredmedia":[{"embeddable":true,"href":"https:\/\/www.3p-gmbh.de\/pt-br\/wp-json\/wp\/v2\/media\/71073"}],"wp:attachment":[{"href":"https:\/\/www.3p-gmbh.de\/pt-br\/wp-json\/wp\/v2\/media?parent=94180"}],"wp:term":[{"taxonomy":"product_brand","embeddable":true,"href":"https:\/\/www.3p-gmbh.de\/pt-br\/wp-json\/wp\/v2\/product_brand?post=94180"},{"taxonomy":"product_cat","embeddable":true,"href":"https:\/\/www.3p-gmbh.de\/pt-br\/wp-json\/wp\/v2\/product_cat?post=94180"},{"taxonomy":"product_tag","embeddable":true,"href":"https:\/\/www.3p-gmbh.de\/pt-br\/wp-json\/wp\/v2\/product_tag?post=94180"}],"curies":[{"name":"wp","href":"https:\/\/api.w.org\/{rel}","templated":true}]}}