{"id":94152,"date":"2019-07-11T13:56:45","date_gmt":"2019-07-11T13:56:45","guid":{"rendered":"https:\/\/www.3p-gmbh.de\/produkt\/heidelberg-stahlfolder-et-43-uma-mesa-transportadora-de-canto-movel\/"},"modified":"2019-07-11T13:56:45","modified_gmt":"2019-07-11T13:56:45","slug":"mesa-transportadora-de-canto","status":"publish","type":"product","link":"https:\/\/www.3p-gmbh.de\/pt-br\/produkt\/mesa-transportadora-de-canto\/","title":{"rendered":"Heidelberg Stahlfolder ET 43 Uma mesa transportadora de canto m\u00f3vel"},"content":{"rendered":"<ul>\n<li>transportador de canto m\u00f3vel &#8211; mesa transportadora de canto &#8211; mesa de rolos<\/li>\n<li>para rota\u00e7\u00e3o horizontal de 90\u00b0 de produtos dobrados, revistas, envelopes, etc.<\/li>\n<li>at\u00e9 43 cm de largura de entrada<\/li>\n<\/ul>\n","protected":false},"excerpt":{"rendered":"<p>transportador de canto m\u00f3vel &#8211; mesa transportadora de canto &#8211; mesa de rolos para rota\u00e7\u00e3o horizontal de 90\u00b0 de produtos dobrados, revistas, envelopes, etc. at\u00e9 43 cm de largura de entrada<\/p>\n","protected":false},"featured_media":72483,"template":"","meta":[],"product_brand":[],"product_cat":[2979],"product_tag":[],"class_list":{"0":"post-94152","1":"product","2":"type-product","3":"status-publish","4":"has-post-thumbnail","6":"product_cat-maquinas-de-dobrar","7":"pa_baujahr-272","8":"pa_hersteller-stahl-ludwigsburg","9":"pa_typ-et-43-a","11":"first","12":"instock","13":"sold-individually","14":"taxable","15":"shipping-taxable","16":"purchasable","17":"product-type-simple"},"jetpack_sharing_enabled":true,"_links":{"self":[{"href":"https:\/\/www.3p-gmbh.de\/pt-br\/wp-json\/wp\/v2\/product\/94152","targetHints":{"allow":["GET"]}}],"collection":[{"href":"https:\/\/www.3p-gmbh.de\/pt-br\/wp-json\/wp\/v2\/product"}],"about":[{"href":"https:\/\/www.3p-gmbh.de\/pt-br\/wp-json\/wp\/v2\/types\/product"}],"wp:featuredmedia":[{"embeddable":true,"href":"https:\/\/www.3p-gmbh.de\/pt-br\/wp-json\/wp\/v2\/media\/72483"}],"wp:attachment":[{"href":"https:\/\/www.3p-gmbh.de\/pt-br\/wp-json\/wp\/v2\/media?parent=94152"}],"wp:term":[{"taxonomy":"product_brand","embeddable":true,"href":"https:\/\/www.3p-gmbh.de\/pt-br\/wp-json\/wp\/v2\/product_brand?post=94152"},{"taxonomy":"product_cat","embeddable":true,"href":"https:\/\/www.3p-gmbh.de\/pt-br\/wp-json\/wp\/v2\/product_cat?post=94152"},{"taxonomy":"product_tag","embeddable":true,"href":"https:\/\/www.3p-gmbh.de\/pt-br\/wp-json\/wp\/v2\/product_tag?post=94152"}],"curies":[{"name":"wp","href":"https:\/\/api.w.org\/{rel}","templated":true}]}}