{"id":94143,"date":"2019-07-11T13:56:45","date_gmt":"2019-07-11T13:56:45","guid":{"rendered":"https:\/\/www.3p-gmbh.de\/produkt\/horizon-psx-56-entrega-de-pacotes-com-prensa-de-folhas\/"},"modified":"2019-07-11T13:56:45","modified_gmt":"2019-07-11T13:56:45","slug":"apresentacao-de-pacotes-com-prensa-de-folhas","status":"publish","type":"product","link":"https:\/\/www.3p-gmbh.de\/pt-br\/produkt\/apresentacao-de-pacotes-com-prensa-de-folhas\/","title":{"rendered":"Horizon PSX-56 Entrega de pacotes com prensa de folhas"},"content":{"rendered":"<p>Com este sistema de alimenta\u00e7\u00e3o para liga\u00e7\u00e3o a m\u00e1quinas de dobrar e m\u00e1quinas de coser a arame, pode tirar o m\u00e1ximo partido do desempenho de m\u00e1quinas de funcionamento r\u00e1pido e, assim, produzir de forma ainda mais rent\u00e1vel. A PSX-56 prensa os produtos recebidos com tr\u00eas pares de rolos sob uma press\u00e3o muito elevada de at\u00e9 duas vezes 1.200 kg e empilha-os em pacotes manej\u00e1veis sem marca\u00e7\u00e3o. Os res\u00edduos s\u00e3o imediatamente detectados por um controlo eletr\u00f3nico e ejectados. Com o PSX-56, a opera\u00e7\u00e3o de dupla utiliza\u00e7\u00e3o \u00e9 poss\u00edvel como padr\u00e3o.<\/p>\n<p>As suas vantagens<\/p>\n<ul>\n<li>Empilhamento perfeito em embalagens pr\u00e1ticas<\/li>\n<li>Funcionamento autom\u00e1tico com opera\u00e7\u00e3o central e simples<\/li>\n<li>Trabalho ergon\u00f3mico com m\u00e1xima produtividade<\/li>\n<li>Tr\u00eas pares de rolos de prensagem para uma qualidade superior<\/li>\n<li>Interruptor de controlo standard para funcionamento sem paragens<\/li>\n<\/ul>\n<p>Dados t\u00e9cnicos<\/p>\n<ul>\n<li>Pot\u00eancia m\u00e1x. 900 embalagens\/h<\/li>\n<li>Altura da entrada 440 &#8211; 1.000 mm<\/li>\n<li>Altura m\u00e1xima de empilhamento. 200 mm<\/li>\n<li>Press\u00e3o de press\u00e3o 2 x 1.200 kg<\/li>\n<li>Formato m\u00e1ximo. 546 x 330 mm<\/li>\n<li>Formato min.128 x 92 mm<\/li>\n<\/ul>\n","protected":false},"excerpt":{"rendered":"<p>Com este sistema de alimenta\u00e7\u00e3o para liga\u00e7\u00e3o a m\u00e1quinas de dobrar e m\u00e1quinas de coser a arame, pode tirar o m\u00e1ximo partido do desempenho de m\u00e1quinas de funcionamento r\u00e1pido e, assim, produzir de forma ainda mais rent\u00e1vel. A PSX-56 prensa os produtos recebidos com tr\u00eas pares de rolos sob uma press\u00e3o muito elevada de at\u00e9 [&hellip;]<\/p>\n","protected":false},"featured_media":120880,"template":"","meta":[],"product_brand":[],"product_cat":[2919],"product_tag":[],"class_list":{"0":"post-94143","1":"product","2":"type-product","3":"status-publish","4":"has-post-thumbnail","6":"product_cat-despesas","7":"pa_baujahr-711","8":"pa_hersteller-horizon","9":"pa_typ-psx-56","11":"first","12":"instock","13":"sold-individually","14":"taxable","15":"shipping-taxable","16":"purchasable","17":"product-type-simple"},"jetpack_sharing_enabled":true,"_links":{"self":[{"href":"https:\/\/www.3p-gmbh.de\/pt-br\/wp-json\/wp\/v2\/product\/94143","targetHints":{"allow":["GET"]}}],"collection":[{"href":"https:\/\/www.3p-gmbh.de\/pt-br\/wp-json\/wp\/v2\/product"}],"about":[{"href":"https:\/\/www.3p-gmbh.de\/pt-br\/wp-json\/wp\/v2\/types\/product"}],"wp:featuredmedia":[{"embeddable":true,"href":"https:\/\/www.3p-gmbh.de\/pt-br\/wp-json\/wp\/v2\/media\/120880"}],"wp:attachment":[{"href":"https:\/\/www.3p-gmbh.de\/pt-br\/wp-json\/wp\/v2\/media?parent=94143"}],"wp:term":[{"taxonomy":"product_brand","embeddable":true,"href":"https:\/\/www.3p-gmbh.de\/pt-br\/wp-json\/wp\/v2\/product_brand?post=94143"},{"taxonomy":"product_cat","embeddable":true,"href":"https:\/\/www.3p-gmbh.de\/pt-br\/wp-json\/wp\/v2\/product_cat?post=94143"},{"taxonomy":"product_tag","embeddable":true,"href":"https:\/\/www.3p-gmbh.de\/pt-br\/wp-json\/wp\/v2\/product_tag?post=94143"}],"curies":[{"name":"wp","href":"https:\/\/api.w.org\/{rel}","templated":true}]}}