{"id":94139,"date":"2019-07-11T13:56:29","date_gmt":"2019-07-11T13:56:29","guid":{"rendered":"https:\/\/www.3p-gmbh.de\/produkt\/maquina-de-dobrar-combinada-mbo-k-76-6-sktl\/"},"modified":"2019-07-11T13:56:29","modified_gmt":"2019-07-11T13:56:29","slug":"maquina-de-dobrar-combinada-15","status":"publish","type":"product","link":"https:\/\/www.3p-gmbh.de\/pt-br\/produkt\/maquina-de-dobrar-combinada-15\/","title":{"rendered":"M\u00e1quina de dobrar combinada MBO K 76-6-SKTL"},"content":{"rendered":"<ul>\n<li>Formato 76 x 128 cm<\/li>\n<li>Alimentador de estacas redondas R 76 com MPC<\/li>\n<li>6 bolsas 76 cm de largura de alimenta\u00e7\u00e3o, veio cortador a jusante<\/li>\n<li>1 Espada<\/li>\n<li>1 saco deitado<\/li>\n<li>1 Espada<\/li>\n<li>1 bolso dobr\u00e1vel com janela com unidade de controlo e bolso falso<\/li>\n<li>Entrega de balan\u00e7a ou entrega de prensa vertical SBAP-72 ME<\/li>\n<\/ul>\n","protected":false},"excerpt":{"rendered":"<p>Formato 76 x 128 cm Alimentador de estacas redondas R 76 com MPC 6 bolsas 76 cm de largura de alimenta\u00e7\u00e3o, veio cortador a jusante 1 Espada 1 saco deitado 1 Espada 1 bolso dobr\u00e1vel com janela com unidade de controlo e bolso falso Entrega de balan\u00e7a ou entrega de prensa vertical SBAP-72 ME<\/p>\n","protected":false},"featured_media":71832,"template":"","meta":[],"product_brand":[],"product_cat":[2979],"product_tag":[],"class_list":{"0":"post-94139","1":"product","2":"type-product","3":"status-publish","4":"has-post-thumbnail","6":"product_cat-maquinas-de-dobrar","7":"pa_baujahr-209","8":"pa_hersteller-mbo-maschinenbau-oppenweiler-binder-gmbh","9":"pa_typ-mbo-k-76-6-sktl-r-with-sbap-72-me","11":"first","12":"instock","13":"sold-individually","14":"taxable","15":"shipping-taxable","16":"purchasable","17":"product-type-simple"},"jetpack_sharing_enabled":true,"_links":{"self":[{"href":"https:\/\/www.3p-gmbh.de\/pt-br\/wp-json\/wp\/v2\/product\/94139","targetHints":{"allow":["GET"]}}],"collection":[{"href":"https:\/\/www.3p-gmbh.de\/pt-br\/wp-json\/wp\/v2\/product"}],"about":[{"href":"https:\/\/www.3p-gmbh.de\/pt-br\/wp-json\/wp\/v2\/types\/product"}],"wp:featuredmedia":[{"embeddable":true,"href":"https:\/\/www.3p-gmbh.de\/pt-br\/wp-json\/wp\/v2\/media\/71832"}],"wp:attachment":[{"href":"https:\/\/www.3p-gmbh.de\/pt-br\/wp-json\/wp\/v2\/media?parent=94139"}],"wp:term":[{"taxonomy":"product_brand","embeddable":true,"href":"https:\/\/www.3p-gmbh.de\/pt-br\/wp-json\/wp\/v2\/product_brand?post=94139"},{"taxonomy":"product_cat","embeddable":true,"href":"https:\/\/www.3p-gmbh.de\/pt-br\/wp-json\/wp\/v2\/product_cat?post=94139"},{"taxonomy":"product_tag","embeddable":true,"href":"https:\/\/www.3p-gmbh.de\/pt-br\/wp-json\/wp\/v2\/product_tag?post=94139"}],"curies":[{"name":"wp","href":"https:\/\/api.w.org\/{rel}","templated":true}]}}