{"id":94132,"date":"2019-07-11T13:56:45","date_gmt":"2019-07-11T13:56:45","guid":{"rendered":"https:\/\/www.3p-gmbh.de\/produkt\/modulo-de-acoplamento-em-aco-dct-tf-da-heidelberg\/"},"modified":"2019-07-11T13:56:45","modified_gmt":"2019-07-11T13:56:45","slug":"modulo-de-acoplamento-para-pastas-de-aco","status":"publish","type":"product","link":"https:\/\/www.3p-gmbh.de\/pt-br\/produkt\/modulo-de-acoplamento-para-pastas-de-aco\/","title":{"rendered":"M\u00f3dulo de acoplamento em a\u00e7o DCT-TF da Heidelberg"},"content":{"rendered":"<p><strong>M\u00f3dulo de acoplamento em a\u00e7o DCT-TF da Heidelberg<\/strong><\/p>\n<ul>\n<li>M\u00f3dulo de acoplamento para m\u00e1quinas de dobragem Stahlfolder<\/li>\n<\/ul>\n","protected":false},"excerpt":{"rendered":"<p>M\u00f3dulo de acoplamento em a\u00e7o DCT-TF da Heidelberg M\u00f3dulo de acoplamento para m\u00e1quinas de dobragem Stahlfolder<\/p>\n","protected":false},"featured_media":71025,"template":"","meta":[],"product_brand":[],"product_cat":[2882],"product_tag":[],"class_list":{"0":"post-94132","1":"product","2":"type-product","3":"status-publish","4":"has-post-thumbnail","6":"product_cat-acessorios-para-maquinas-de-dobrar","7":"pa_baujahr-305","8":"pa_hersteller-heidelberg-stahl-ludwigsburg","9":"pa_typ-mct-dct-mct","11":"first","12":"instock","13":"sold-individually","14":"taxable","15":"shipping-taxable","16":"purchasable","17":"product-type-simple"},"jetpack_sharing_enabled":true,"_links":{"self":[{"href":"https:\/\/www.3p-gmbh.de\/pt-br\/wp-json\/wp\/v2\/product\/94132","targetHints":{"allow":["GET"]}}],"collection":[{"href":"https:\/\/www.3p-gmbh.de\/pt-br\/wp-json\/wp\/v2\/product"}],"about":[{"href":"https:\/\/www.3p-gmbh.de\/pt-br\/wp-json\/wp\/v2\/types\/product"}],"wp:featuredmedia":[{"embeddable":true,"href":"https:\/\/www.3p-gmbh.de\/pt-br\/wp-json\/wp\/v2\/media\/71025"}],"wp:attachment":[{"href":"https:\/\/www.3p-gmbh.de\/pt-br\/wp-json\/wp\/v2\/media?parent=94132"}],"wp:term":[{"taxonomy":"product_brand","embeddable":true,"href":"https:\/\/www.3p-gmbh.de\/pt-br\/wp-json\/wp\/v2\/product_brand?post=94132"},{"taxonomy":"product_cat","embeddable":true,"href":"https:\/\/www.3p-gmbh.de\/pt-br\/wp-json\/wp\/v2\/product_cat?post=94132"},{"taxonomy":"product_tag","embeddable":true,"href":"https:\/\/www.3p-gmbh.de\/pt-br\/wp-json\/wp\/v2\/product_tag?post=94132"}],"curies":[{"name":"wp","href":"https:\/\/api.w.org\/{rel}","templated":true}]}}