{"id":94112,"date":"2019-07-11T13:55:58","date_gmt":"2019-07-11T13:55:58","guid":{"rendered":"https:\/\/www.3p-gmbh.de\/produkt\/pasta-para-placas-de-fivela-eurofold-235-21\/"},"modified":"2019-07-11T13:55:58","modified_gmt":"2019-07-11T13:55:58","slug":"maquina-de-dobrar-bolsos-13","status":"publish","type":"product","link":"https:\/\/www.3p-gmbh.de\/pt-br\/produkt\/maquina-de-dobrar-bolsos-13\/","title":{"rendered":"Pasta para placas de fivela Eurofold 235-21"},"content":{"rendered":"<ul>\n<li>com alimentador de aspira\u00e7\u00e3o por baixo do pavimento e contador motorizado de entrega e pr\u00e9-sele\u00e7\u00e3o de galp\u00f5es<\/li>\n<li>Falsagregado 235 com dois bolsos<\/li>\n<li>Alimentador de suc\u00e7\u00e3o 35 x 65 cm<\/li>\n<li>entrega de barracas motorizadas<\/li>\n<li>Tabela de alinhamento<\/li>\n<li>Contador predefinido<\/li>\n<li>Bomba de v\u00e1cuo<\/li>\n<li>Conjunto para vincar e perfurar<\/li>\n<li>Tamanho m\u00e1ximo do papel 350 x 500(650) mm<\/li>\n<li>Gramagem do papel: 40 &#8211; 240 g\/m\u00b2.<\/li>\n<\/ul>\n","protected":false},"excerpt":{"rendered":"<p>com alimentador de aspira\u00e7\u00e3o por baixo do pavimento e contador motorizado de entrega e pr\u00e9-sele\u00e7\u00e3o de galp\u00f5es Falsagregado 235 com dois bolsos Alimentador de suc\u00e7\u00e3o 35 x 65 cm entrega de barracas motorizadas Tabela de alinhamento Contador predefinido Bomba de v\u00e1cuo Conjunto para vincar e perfurar Tamanho m\u00e1ximo do papel 350 x 500(650) mm Gramagem [&hellip;]<\/p>\n","protected":false},"featured_media":66843,"template":"","meta":[],"product_brand":[],"product_cat":[2979],"product_tag":[],"class_list":{"0":"post-94112","1":"product","2":"type-product","3":"status-publish","4":"has-post-thumbnail","6":"product_cat-maquinas-de-dobrar","7":"pa_baujahr-153","8":"pa_hersteller-schneider","9":"pa_typ-eurofold-235-121","11":"first","12":"instock","13":"sold-individually","14":"taxable","15":"shipping-taxable","16":"purchasable","17":"product-type-simple"},"jetpack_sharing_enabled":true,"_links":{"self":[{"href":"https:\/\/www.3p-gmbh.de\/pt-br\/wp-json\/wp\/v2\/product\/94112","targetHints":{"allow":["GET"]}}],"collection":[{"href":"https:\/\/www.3p-gmbh.de\/pt-br\/wp-json\/wp\/v2\/product"}],"about":[{"href":"https:\/\/www.3p-gmbh.de\/pt-br\/wp-json\/wp\/v2\/types\/product"}],"wp:featuredmedia":[{"embeddable":true,"href":"https:\/\/www.3p-gmbh.de\/pt-br\/wp-json\/wp\/v2\/media\/66843"}],"wp:attachment":[{"href":"https:\/\/www.3p-gmbh.de\/pt-br\/wp-json\/wp\/v2\/media?parent=94112"}],"wp:term":[{"taxonomy":"product_brand","embeddable":true,"href":"https:\/\/www.3p-gmbh.de\/pt-br\/wp-json\/wp\/v2\/product_brand?post=94112"},{"taxonomy":"product_cat","embeddable":true,"href":"https:\/\/www.3p-gmbh.de\/pt-br\/wp-json\/wp\/v2\/product_cat?post=94112"},{"taxonomy":"product_tag","embeddable":true,"href":"https:\/\/www.3p-gmbh.de\/pt-br\/wp-json\/wp\/v2\/product_tag?post=94112"}],"curies":[{"name":"wp","href":"https:\/\/api.w.org\/{rel}","templated":true}]}}