{"id":94108,"date":"2019-07-11T13:56:09","date_gmt":"2019-07-11T13:56:09","guid":{"rendered":"https:\/\/www.3p-gmbh.de\/produkt\/pasta-com-placa-de-fivela-heidelberg-steel-th-56-4-ffh-sak-66\/"},"modified":"2019-07-11T13:56:09","modified_gmt":"2019-07-11T13:56:09","slug":"maquina-de-dobrar-bolsos-14","status":"publish","type":"product","link":"https:\/\/www.3p-gmbh.de\/pt-br\/produkt\/maquina-de-dobrar-bolsos-14\/","title":{"rendered":"Pasta com placa de fivela Heidelberg Steel TH 56-4-FFH SAK 66"},"content":{"rendered":"<ul>\n<li>Ano de fabrico 2004<\/li>\n<li>Formato plano m\u00e1x. 56\u00d790cm<\/li>\n<li>Formato Plano min. 14\u00d718cm<\/li>\n<li>Gramagem do papel 40-250 (g\/m\u00b2)<\/li>\n<li>Altura m\u00e1xima de empilhamento. 80 cm<\/li>\n<li>Di\u00e2metro dos rolos de dobragem 44 mm<\/li>\n<li>Velocidade m\u00e1x. 230 m\/min<\/li>\n<li>Comprimento de dobra min. 6&#215;6,85cm<\/li>\n<li>Alimentador de estacas planas FFH 56 com Tremat<\/li>\n<li>1. movimento 4 placas de fivela combinadas 56cm de largura de alimenta\u00e7\u00e3o com eixo cortador a jusante<\/li>\n<li>Exposi\u00e7\u00e3o em pavilh\u00e3o SAK 66<\/li>\n<\/ul>\n","protected":false},"excerpt":{"rendered":"<p>Ano de fabrico 2004 Formato plano m\u00e1x. 56\u00d790cm Formato Plano min. 14\u00d718cm Gramagem do papel 40-250 (g\/m\u00b2) Altura m\u00e1xima de empilhamento. 80 cm Di\u00e2metro dos rolos de dobragem 44 mm Velocidade m\u00e1x. 230 m\/min Comprimento de dobra min. 6&#215;6,85cm Alimentador de estacas planas FFH 56 com Tremat 1. movimento 4 placas de fivela combinadas 56cm [&hellip;]<\/p>\n","protected":false},"featured_media":71148,"template":"","meta":[],"product_brand":[],"product_cat":[2979],"product_tag":[],"class_list":{"0":"post-94108","1":"product","2":"type-product","3":"status-publish","4":"has-post-thumbnail","6":"product_cat-maquinas-de-dobrar","7":"pa_baujahr-198","8":"pa_hersteller-heidelberg","9":"pa_typ-stahlfolder-th-56-4-ffh-mit-sak-66-h","11":"first","12":"instock","13":"sold-individually","14":"taxable","15":"shipping-taxable","16":"purchasable","17":"product-type-simple"},"jetpack_sharing_enabled":true,"_links":{"self":[{"href":"https:\/\/www.3p-gmbh.de\/pt-br\/wp-json\/wp\/v2\/product\/94108","targetHints":{"allow":["GET"]}}],"collection":[{"href":"https:\/\/www.3p-gmbh.de\/pt-br\/wp-json\/wp\/v2\/product"}],"about":[{"href":"https:\/\/www.3p-gmbh.de\/pt-br\/wp-json\/wp\/v2\/types\/product"}],"wp:featuredmedia":[{"embeddable":true,"href":"https:\/\/www.3p-gmbh.de\/pt-br\/wp-json\/wp\/v2\/media\/71148"}],"wp:attachment":[{"href":"https:\/\/www.3p-gmbh.de\/pt-br\/wp-json\/wp\/v2\/media?parent=94108"}],"wp:term":[{"taxonomy":"product_brand","embeddable":true,"href":"https:\/\/www.3p-gmbh.de\/pt-br\/wp-json\/wp\/v2\/product_brand?post=94108"},{"taxonomy":"product_cat","embeddable":true,"href":"https:\/\/www.3p-gmbh.de\/pt-br\/wp-json\/wp\/v2\/product_cat?post=94108"},{"taxonomy":"product_tag","embeddable":true,"href":"https:\/\/www.3p-gmbh.de\/pt-br\/wp-json\/wp\/v2\/product_tag?post=94108"}],"curies":[{"name":"wp","href":"https:\/\/api.w.org\/{rel}","templated":true}]}}