{"id":94104,"date":"2019-07-11T13:56:09","date_gmt":"2019-07-11T13:56:09","guid":{"rendered":"https:\/\/www.3p-gmbh.de\/produkt\/baeuerle-setmatic-cas-52-4-4-fl2-sa-maquina-de-dobrar-chapa-com-fivela\/"},"modified":"2019-07-11T13:56:09","modified_gmt":"2019-07-11T13:56:09","slug":"maquina-de-dobrar-bolsos-15","status":"publish","type":"product","link":"https:\/\/www.3p-gmbh.de\/pt-br\/produkt\/maquina-de-dobrar-bolsos-15\/","title":{"rendered":"B\u00e4uerle Setmatic CAS 52-4-4-FL2 -SA m\u00e1quina de dobrar chapa com fivela"},"content":{"rendered":"<ul>\n<li>Controlo inform\u00e1tico com regula\u00e7\u00e3o autom\u00e1tica (as r\u00e9guas e os bolsos das unidades de dobragem podem ser regulados automaticamente)<\/li>\n<li>Alimentador de estacas planas FL<\/li>\n<li>Formato: m\u00edn. 10x12cm, m\u00e1x. 52&#215;85 cm<\/li>\n<li>Gramagem do papel 40-250gr\/m\u00b2<\/li>\n<li>1.Werk 4 bolsas 52 cm com cabe\u00e7a de corte a jusante<\/li>\n<li>Quadro de excedentes<\/li>\n<li>2.Werk 4 bolsas 52cm com cabe\u00e7a de corte a jusante<\/li>\n<li>Exposi\u00e7\u00e3o de galp\u00f5es<\/li>\n<li>Contadores de circula\u00e7\u00e3o e de pr\u00e9-sele\u00e7\u00e3o<\/li>\n<li>Controlo de folha dupla<\/li>\n<li>Capotas de isolamento ac\u00fastico<\/li>\n<li>Compressor<\/li>\n<\/ul>\n","protected":false},"excerpt":{"rendered":"<p>Controlo inform\u00e1tico com regula\u00e7\u00e3o autom\u00e1tica (as r\u00e9guas e os bolsos das unidades de dobragem podem ser regulados automaticamente) Alimentador de estacas planas FL Formato: m\u00edn. 10x12cm, m\u00e1x. 52&#215;85 cm Gramagem do papel 40-250gr\/m\u00b2 1.Werk 4 bolsas 52 cm com cabe\u00e7a de corte a jusante Quadro de excedentes 2.Werk 4 bolsas 52cm com cabe\u00e7a de corte [&hellip;]<\/p>\n","protected":false},"featured_media":66846,"template":"","meta":[],"product_brand":[],"product_cat":[2979],"product_tag":[],"class_list":{"0":"post-94104","1":"product","2":"type-product","3":"status-publish","4":"has-post-thumbnail","6":"product_cat-maquinas-de-dobrar","7":"pa_baujahr-168","8":"pa_hersteller-mathias-baeuerle","9":"pa_typ-setmatic-cas-52-4-4-fl2-sa","11":"first","12":"instock","13":"sold-individually","14":"taxable","15":"shipping-taxable","16":"purchasable","17":"product-type-simple"},"jetpack_sharing_enabled":true,"_links":{"self":[{"href":"https:\/\/www.3p-gmbh.de\/pt-br\/wp-json\/wp\/v2\/product\/94104","targetHints":{"allow":["GET"]}}],"collection":[{"href":"https:\/\/www.3p-gmbh.de\/pt-br\/wp-json\/wp\/v2\/product"}],"about":[{"href":"https:\/\/www.3p-gmbh.de\/pt-br\/wp-json\/wp\/v2\/types\/product"}],"wp:featuredmedia":[{"embeddable":true,"href":"https:\/\/www.3p-gmbh.de\/pt-br\/wp-json\/wp\/v2\/media\/66846"}],"wp:attachment":[{"href":"https:\/\/www.3p-gmbh.de\/pt-br\/wp-json\/wp\/v2\/media?parent=94104"}],"wp:term":[{"taxonomy":"product_brand","embeddable":true,"href":"https:\/\/www.3p-gmbh.de\/pt-br\/wp-json\/wp\/v2\/product_brand?post=94104"},{"taxonomy":"product_cat","embeddable":true,"href":"https:\/\/www.3p-gmbh.de\/pt-br\/wp-json\/wp\/v2\/product_cat?post=94104"},{"taxonomy":"product_tag","embeddable":true,"href":"https:\/\/www.3p-gmbh.de\/pt-br\/wp-json\/wp\/v2\/product_tag?post=94104"}],"curies":[{"name":"wp","href":"https:\/\/api.w.org\/{rel}","templated":true}]}}