{"id":94099,"date":"2019-07-11T13:56:09","date_gmt":"2019-07-11T13:56:09","guid":{"rendered":"https:\/\/www.3p-gmbh.de\/produkt\/maquina-de-dobrar-combinada-heidelberg-steel-t-36-4-kb\/"},"modified":"2019-07-11T13:56:09","modified_gmt":"2019-07-11T13:56:09","slug":"maquina-de-dobrar-combinada-7","status":"publish","type":"product","link":"https:\/\/www.3p-gmbh.de\/pt-br\/produkt\/maquina-de-dobrar-combinada-7\/","title":{"rendered":"M\u00e1quina de dobrar combinada Heidelberg Steel T 36-4-KB"},"content":{"rendered":"<ul>\n<li>Alimentador de pilha plana<\/li>\n<li>Formato m\u00e1ximo. 36 x 65cm<\/li>\n<li>Formato min. 8x10cm<\/li>\n<li>4 bolsas 36 Largura de entrada<\/li>\n<li>bloco de corte a jusante<\/li>\n<li>Trav\u00e3o com gancho<\/li>\n<li>Formato m\u00e1ximo. 36 x 26cm<\/li>\n<li>Formato min. 8 x 2,5<\/li>\n<li>Contador de pr\u00e9-sele\u00e7\u00e3o EVZ 30<\/li>\n<li>entrega no gancho<\/li>\n<li>Sem prote\u00e7\u00e3o contra o ru\u00eddo!<\/li>\n<li>Sa\u00edda 40000 ciclos\/h<\/li>\n<\/ul>\n","protected":false},"excerpt":{"rendered":"<p>Alimentador de pilha plana Formato m\u00e1ximo. 36 x 65cm Formato min. 8x10cm 4 bolsas 36 Largura de entrada bloco de corte a jusante Trav\u00e3o com gancho Formato m\u00e1ximo. 36 x 26cm Formato min. 8 x 2,5 Contador de pr\u00e9-sele\u00e7\u00e3o EVZ 30 entrega no gancho Sem prote\u00e7\u00e3o contra o ru\u00eddo! Sa\u00edda 40000 ciclos\/h<\/p>\n","protected":false},"featured_media":66870,"template":"","meta":[],"product_brand":[],"product_cat":[2979],"product_tag":[],"class_list":{"0":"post-94099","1":"product","2":"type-product","3":"status-publish","4":"has-post-thumbnail","6":"product_cat-maquinas-de-dobrar","7":"pa_baujahr-196","8":"pa_hersteller-stahl","9":"pa_typ-t-36-4-kb","11":"first","12":"instock","13":"sold-individually","14":"taxable","15":"shipping-taxable","16":"purchasable","17":"product-type-simple"},"jetpack_sharing_enabled":true,"_links":{"self":[{"href":"https:\/\/www.3p-gmbh.de\/pt-br\/wp-json\/wp\/v2\/product\/94099","targetHints":{"allow":["GET"]}}],"collection":[{"href":"https:\/\/www.3p-gmbh.de\/pt-br\/wp-json\/wp\/v2\/product"}],"about":[{"href":"https:\/\/www.3p-gmbh.de\/pt-br\/wp-json\/wp\/v2\/types\/product"}],"wp:featuredmedia":[{"embeddable":true,"href":"https:\/\/www.3p-gmbh.de\/pt-br\/wp-json\/wp\/v2\/media\/66870"}],"wp:attachment":[{"href":"https:\/\/www.3p-gmbh.de\/pt-br\/wp-json\/wp\/v2\/media?parent=94099"}],"wp:term":[{"taxonomy":"product_brand","embeddable":true,"href":"https:\/\/www.3p-gmbh.de\/pt-br\/wp-json\/wp\/v2\/product_brand?post=94099"},{"taxonomy":"product_cat","embeddable":true,"href":"https:\/\/www.3p-gmbh.de\/pt-br\/wp-json\/wp\/v2\/product_cat?post=94099"},{"taxonomy":"product_tag","embeddable":true,"href":"https:\/\/www.3p-gmbh.de\/pt-br\/wp-json\/wp\/v2\/product_tag?post=94099"}],"curies":[{"name":"wp","href":"https:\/\/api.w.org\/{rel}","templated":true}]}}