{"id":94093,"date":"2019-07-11T13:56:09","date_gmt":"2019-07-11T13:56:09","guid":{"rendered":"https:\/\/www.3p-gmbh.de\/produkt\/dobrador-de-chapa-de-fivela-de-aco-heidelberg-td-52-2-4-4-r\/"},"modified":"2019-07-11T13:56:09","modified_gmt":"2019-07-11T13:56:09","slug":"maquina-de-dobrar-bolsos-16","status":"publish","type":"product","link":"https:\/\/www.3p-gmbh.de\/pt-br\/produkt\/maquina-de-dobrar-bolsos-16\/","title":{"rendered":"Dobrador de chapa de fivela de a\u00e7o Heidelberg TD 52.2-4-4-R"},"content":{"rendered":"<ul>\n<li>Formato m\u00ednimo 10 x 15 cm<\/li>\n<li>Formato m\u00e1ximo 52 x 112 cm<\/li>\n<li>Alimentador de estacas redondas<\/li>\n<li>4 sacos<\/li>\n<li>bloco de corte a jusante<\/li>\n<li>como op\u00e7\u00e3o: 3\u00aa FW 56\/4 com 4 bolsas dobr\u00e1veis combinadas<\/li>\n<\/ul>\n","protected":false},"excerpt":{"rendered":"<p>Formato m\u00ednimo 10 x 15 cm Formato m\u00e1ximo 52 x 112 cm Alimentador de estacas redondas 4 sacos bloco de corte a jusante como op\u00e7\u00e3o: 3\u00aa FW 56\/4 com 4 bolsas dobr\u00e1veis combinadas<\/p>\n","protected":false},"featured_media":66864,"template":"","meta":[],"product_brand":[],"product_cat":[2979],"product_tag":[],"class_list":{"0":"post-94093","1":"product","2":"type-product","3":"status-publish","4":"has-post-thumbnail","6":"product_cat-maquinas-de-dobrar","7":"pa_baujahr-194","8":"pa_hersteller-stahl","9":"pa_typ-td-52-2-4-4-r","11":"first","12":"instock","13":"sold-individually","14":"taxable","15":"shipping-taxable","16":"purchasable","17":"product-type-simple"},"jetpack_sharing_enabled":true,"_links":{"self":[{"href":"https:\/\/www.3p-gmbh.de\/pt-br\/wp-json\/wp\/v2\/product\/94093","targetHints":{"allow":["GET"]}}],"collection":[{"href":"https:\/\/www.3p-gmbh.de\/pt-br\/wp-json\/wp\/v2\/product"}],"about":[{"href":"https:\/\/www.3p-gmbh.de\/pt-br\/wp-json\/wp\/v2\/types\/product"}],"wp:featuredmedia":[{"embeddable":true,"href":"https:\/\/www.3p-gmbh.de\/pt-br\/wp-json\/wp\/v2\/media\/66864"}],"wp:attachment":[{"href":"https:\/\/www.3p-gmbh.de\/pt-br\/wp-json\/wp\/v2\/media?parent=94093"}],"wp:term":[{"taxonomy":"product_brand","embeddable":true,"href":"https:\/\/www.3p-gmbh.de\/pt-br\/wp-json\/wp\/v2\/product_brand?post=94093"},{"taxonomy":"product_cat","embeddable":true,"href":"https:\/\/www.3p-gmbh.de\/pt-br\/wp-json\/wp\/v2\/product_cat?post=94093"},{"taxonomy":"product_tag","embeddable":true,"href":"https:\/\/www.3p-gmbh.de\/pt-br\/wp-json\/wp\/v2\/product_tag?post=94093"}],"curies":[{"name":"wp","href":"https:\/\/api.w.org\/{rel}","templated":true}]}}