{"id":94085,"date":"2019-07-11T13:56:09","date_gmt":"2019-07-11T13:56:09","guid":{"rendered":"https:\/\/www.3p-gmbh.de\/produkt\/mbo-sbap-46-me-entrega-de-prensa-de-arco-de-pe\/"},"modified":"2019-07-11T13:56:09","modified_gmt":"2019-07-11T13:56:09","slug":"prensa-de-arco-de-pe-entrega-4","status":"publish","type":"product","link":"https:\/\/www.3p-gmbh.de\/pt-br\/produkt\/prensa-de-arco-de-pe-entrega-4\/","title":{"rendered":"MBO SBAP 46 ME entrega de prensa de arco de p\u00e9"},"content":{"rendered":"<ul>\n<li>m\u00e1ximo. Largura da entrada 46cm<\/li>\n<li>m\u00f3vel<\/li>\n<li>Controlo intr\u00ednseco<\/li>\n<li>Dispositivo de marca\u00e7\u00e3o<\/li>\n<\/ul>\n","protected":false},"excerpt":{"rendered":"<p>m\u00e1ximo. Largura da entrada 46cm m\u00f3vel Controlo intr\u00ednseco Dispositivo de marca\u00e7\u00e3o<\/p>\n","protected":false},"featured_media":66891,"template":"","meta":[],"product_brand":[],"product_cat":[2919],"product_tag":[],"class_list":{"0":"post-94085","1":"product","2":"type-product","3":"status-publish","4":"has-post-thumbnail","6":"product_cat-despesas","7":"pa_baujahr-130","8":"pa_hersteller-mbo","9":"pa_typ-sbap-46-me","11":"first","12":"instock","13":"sold-individually","14":"taxable","15":"shipping-taxable","16":"purchasable","17":"product-type-simple"},"jetpack_sharing_enabled":true,"_links":{"self":[{"href":"https:\/\/www.3p-gmbh.de\/pt-br\/wp-json\/wp\/v2\/product\/94085","targetHints":{"allow":["GET"]}}],"collection":[{"href":"https:\/\/www.3p-gmbh.de\/pt-br\/wp-json\/wp\/v2\/product"}],"about":[{"href":"https:\/\/www.3p-gmbh.de\/pt-br\/wp-json\/wp\/v2\/types\/product"}],"wp:featuredmedia":[{"embeddable":true,"href":"https:\/\/www.3p-gmbh.de\/pt-br\/wp-json\/wp\/v2\/media\/66891"}],"wp:attachment":[{"href":"https:\/\/www.3p-gmbh.de\/pt-br\/wp-json\/wp\/v2\/media?parent=94085"}],"wp:term":[{"taxonomy":"product_brand","embeddable":true,"href":"https:\/\/www.3p-gmbh.de\/pt-br\/wp-json\/wp\/v2\/product_brand?post=94085"},{"taxonomy":"product_cat","embeddable":true,"href":"https:\/\/www.3p-gmbh.de\/pt-br\/wp-json\/wp\/v2\/product_cat?post=94085"},{"taxonomy":"product_tag","embeddable":true,"href":"https:\/\/www.3p-gmbh.de\/pt-br\/wp-json\/wp\/v2\/product_tag?post=94085"}],"curies":[{"name":"wp","href":"https:\/\/api.w.org\/{rel}","templated":true}]}}