{"id":94077,"date":"2019-07-11T13:56:09","date_gmt":"2019-07-11T13:56:09","guid":{"rendered":"https:\/\/www.3p-gmbh.de\/produkt\/prensa-de-feixe-de-folhas-dobraveis-karl-traenklein-bp\/"},"modified":"2019-07-11T13:56:09","modified_gmt":"2019-07-11T13:56:09","slug":"prensa-dobradora-de-folhas","status":"publish","type":"product","link":"https:\/\/www.3p-gmbh.de\/pt-br\/produkt\/prensa-dobradora-de-folhas\/","title":{"rendered":"Prensa de feixe de folhas dobr\u00e1veis Karl Tr\u00e4nklein BP"},"content":{"rendered":"<ul>\n<li>Adequado para prensar e agrupar folhas dobradas, brochuras, blocos de livros, cart\u00e3o, etc.<\/li>\n<li>Acionamento electro-hidr\u00e1ulico, acionamento atrav\u00e9s de bot\u00e3o de press\u00e3o de seguran\u00e7a bimanual<\/li>\n<li>Desligamento autom\u00e1tico do motor hidr\u00e1ulico ap\u00f3s atingir a press\u00e3o de prensagem definida<\/li>\n<li>A press\u00e3o \u00e9 mantida at\u00e9 que o retorno seja acionado atrav\u00e9s do interrutor de press\u00e3o<\/li>\n<li>Quando a posi\u00e7\u00e3o final \u00e9 atingida, a m\u00e1quina \u00e9 desligada automaticamente, mas tamb\u00e9m pode ser parada em qualquer posi\u00e7\u00e3o atrav\u00e9s de bot\u00f5es de press\u00e3o<\/li>\n<li>Press\u00e3o de prensagem infinitamente vari\u00e1vel de 0 &#8211; 2.500 kg<\/li>\n<li>Comprimento do inserto M\u00e1x. 820 mm<\/li>\n<li>Tamanho da placa de prensagem 340 x 260 mm<\/li>\n<\/ul>\n","protected":false},"excerpt":{"rendered":"<p>Adequado para prensar e agrupar folhas dobradas, brochuras, blocos de livros, cart\u00e3o, etc. Acionamento electro-hidr\u00e1ulico, acionamento atrav\u00e9s de bot\u00e3o de press\u00e3o de seguran\u00e7a bimanual Desligamento autom\u00e1tico do motor hidr\u00e1ulico ap\u00f3s atingir a press\u00e3o de prensagem definida A press\u00e3o \u00e9 mantida at\u00e9 que o retorno seja acionado atrav\u00e9s do interrutor de press\u00e3o Quando a posi\u00e7\u00e3o final [&hellip;]<\/p>\n","protected":false},"featured_media":66921,"template":"","meta":[],"product_brand":[],"product_cat":[2979],"product_tag":[],"class_list":{"0":"post-94077","1":"product","2":"type-product","3":"status-publish","4":"has-post-thumbnail","6":"product_cat-maquinas-de-dobrar","7":"pa_baujahr-262","8":"pa_hersteller-karl-traenklein","9":"pa_typ-bp","11":"first","12":"instock","13":"sold-individually","14":"taxable","15":"shipping-taxable","16":"purchasable","17":"product-type-simple"},"jetpack_sharing_enabled":true,"_links":{"self":[{"href":"https:\/\/www.3p-gmbh.de\/pt-br\/wp-json\/wp\/v2\/product\/94077","targetHints":{"allow":["GET"]}}],"collection":[{"href":"https:\/\/www.3p-gmbh.de\/pt-br\/wp-json\/wp\/v2\/product"}],"about":[{"href":"https:\/\/www.3p-gmbh.de\/pt-br\/wp-json\/wp\/v2\/types\/product"}],"wp:featuredmedia":[{"embeddable":true,"href":"https:\/\/www.3p-gmbh.de\/pt-br\/wp-json\/wp\/v2\/media\/66921"}],"wp:attachment":[{"href":"https:\/\/www.3p-gmbh.de\/pt-br\/wp-json\/wp\/v2\/media?parent=94077"}],"wp:term":[{"taxonomy":"product_brand","embeddable":true,"href":"https:\/\/www.3p-gmbh.de\/pt-br\/wp-json\/wp\/v2\/product_brand?post=94077"},{"taxonomy":"product_cat","embeddable":true,"href":"https:\/\/www.3p-gmbh.de\/pt-br\/wp-json\/wp\/v2\/product_cat?post=94077"},{"taxonomy":"product_tag","embeddable":true,"href":"https:\/\/www.3p-gmbh.de\/pt-br\/wp-json\/wp\/v2\/product_tag?post=94077"}],"curies":[{"name":"wp","href":"https:\/\/api.w.org\/{rel}","templated":true}]}}