{"id":94070,"date":"2019-07-11T13:56:09","date_gmt":"2019-07-11T13:56:09","guid":{"rendered":"https:\/\/www.3p-gmbh.de\/produkt\/mbo-b-30-4-4-r-dobrador-de-placas-com-fivela-de-fecho\/"},"modified":"2019-07-11T13:56:09","modified_gmt":"2019-07-11T13:56:09","slug":"maquina-de-dobrar-bolsos-17","status":"publish","type":"product","link":"https:\/\/www.3p-gmbh.de\/pt-br\/produkt\/maquina-de-dobrar-bolsos-17\/","title":{"rendered":"MBO B 30-4-4-R dobrador de placas com fivela de fecho"},"content":{"rendered":"<ul>\n<li>Alimentador de estacas redondas<\/li>\n<li>Unidade de dobragem 1 com 4 bolsas 78cm, veio cortador a jusante<\/li>\n<li>Unidade dobr\u00e1vel 2 com 4 bolsos 78cm, veio cortador a jusante<\/li>\n<li>Exposi\u00e7\u00e3o de galp\u00f5es<\/li>\n<\/ul>\n","protected":false},"excerpt":{"rendered":"<p>Alimentador de estacas redondas Unidade de dobragem 1 com 4 bolsas 78cm, veio cortador a jusante Unidade dobr\u00e1vel 2 com 4 bolsos 78cm, veio cortador a jusante Exposi\u00e7\u00e3o de galp\u00f5es<\/p>\n","protected":false},"featured_media":66969,"template":"","meta":[],"product_brand":[],"product_cat":[2979],"product_tag":[],"class_list":{"0":"post-94070","1":"product","2":"type-product","3":"status-publish","4":"has-post-thumbnail","6":"product_cat-maquinas-de-dobrar","7":"pa_baujahr-123","8":"pa_hersteller-mbo","9":"pa_typ-b-30-4-4-r","11":"first","12":"instock","13":"sold-individually","14":"taxable","15":"shipping-taxable","16":"purchasable","17":"product-type-simple"},"jetpack_sharing_enabled":true,"_links":{"self":[{"href":"https:\/\/www.3p-gmbh.de\/pt-br\/wp-json\/wp\/v2\/product\/94070","targetHints":{"allow":["GET"]}}],"collection":[{"href":"https:\/\/www.3p-gmbh.de\/pt-br\/wp-json\/wp\/v2\/product"}],"about":[{"href":"https:\/\/www.3p-gmbh.de\/pt-br\/wp-json\/wp\/v2\/types\/product"}],"wp:featuredmedia":[{"embeddable":true,"href":"https:\/\/www.3p-gmbh.de\/pt-br\/wp-json\/wp\/v2\/media\/66969"}],"wp:attachment":[{"href":"https:\/\/www.3p-gmbh.de\/pt-br\/wp-json\/wp\/v2\/media?parent=94070"}],"wp:term":[{"taxonomy":"product_brand","embeddable":true,"href":"https:\/\/www.3p-gmbh.de\/pt-br\/wp-json\/wp\/v2\/product_brand?post=94070"},{"taxonomy":"product_cat","embeddable":true,"href":"https:\/\/www.3p-gmbh.de\/pt-br\/wp-json\/wp\/v2\/product_cat?post=94070"},{"taxonomy":"product_tag","embeddable":true,"href":"https:\/\/www.3p-gmbh.de\/pt-br\/wp-json\/wp\/v2\/product_tag?post=94070"}],"curies":[{"name":"wp","href":"https:\/\/api.w.org\/{rel}","templated":true}]}}