{"id":94067,"date":"2019-07-11T13:56:09","date_gmt":"2019-07-11T13:56:09","guid":{"rendered":"https:\/\/www.3p-gmbh.de\/produkt\/heidelberg-steel-vsa-66-d-entrega-de-estacas-verticais\/"},"modified":"2019-07-11T13:56:09","modified_gmt":"2019-07-11T13:56:09","slug":"entrega-em-pilha-vertical-3","status":"publish","type":"product","link":"https:\/\/www.3p-gmbh.de\/pt-br\/produkt\/entrega-em-pilha-vertical-3\/","title":{"rendered":"Heidelberg Steel VSA 66 D Entrega de estacas verticais"},"content":{"rendered":"<ul>\n<li>Sistema de entrega m\u00f3vel e particularmente compacto que conta, marca e prensa produtos dobrados ou agrafados e empilha at\u00e9 quatro pain\u00e9is de baixo para cima.<\/li>\n<li>Conta, marca, prensa e empilha at\u00e9 quatro pain\u00e9is<\/li>\n<li>Sistema de distribui\u00e7\u00e3o compacto com pouca necessidade de espa\u00e7o<\/li>\n<li>Processamento de produtos de pequeno formato em multiple-ups<\/li>\n<li>Regula\u00e7\u00e3o cont\u00ednua da altura da mesa de trabalho, da altura de alimenta\u00e7\u00e3o e da velocidade de transporte<\/li>\n<li>Controlo digital DCT<\/li>\n<li>Largura da entrada 66 cm<\/li>\n<li>com dispositivo de marca\u00e7\u00e3o<\/li>\n<\/ul>\n","protected":false},"excerpt":{"rendered":"<p>Sistema de entrega m\u00f3vel e particularmente compacto que conta, marca e prensa produtos dobrados ou agrafados e empilha at\u00e9 quatro pain\u00e9is de baixo para cima. Conta, marca, prensa e empilha at\u00e9 quatro pain\u00e9is Sistema de distribui\u00e7\u00e3o compacto com pouca necessidade de espa\u00e7o Processamento de produtos de pequeno formato em multiple-ups Regula\u00e7\u00e3o cont\u00ednua da altura da [&hellip;]<\/p>\n","protected":false},"featured_media":66954,"template":"","meta":[],"product_brand":[],"product_cat":[2919],"product_tag":[],"class_list":{"0":"post-94067","1":"product","2":"type-product","3":"status-publish","4":"has-post-thumbnail","6":"product_cat-despesas","7":"pa_baujahr-158","8":"pa_hersteller-stahl","9":"pa_typ-vsa-66-d","11":"first","12":"instock","13":"sold-individually","14":"taxable","15":"shipping-taxable","16":"purchasable","17":"product-type-simple"},"jetpack_sharing_enabled":true,"_links":{"self":[{"href":"https:\/\/www.3p-gmbh.de\/pt-br\/wp-json\/wp\/v2\/product\/94067","targetHints":{"allow":["GET"]}}],"collection":[{"href":"https:\/\/www.3p-gmbh.de\/pt-br\/wp-json\/wp\/v2\/product"}],"about":[{"href":"https:\/\/www.3p-gmbh.de\/pt-br\/wp-json\/wp\/v2\/types\/product"}],"wp:featuredmedia":[{"embeddable":true,"href":"https:\/\/www.3p-gmbh.de\/pt-br\/wp-json\/wp\/v2\/media\/66954"}],"wp:attachment":[{"href":"https:\/\/www.3p-gmbh.de\/pt-br\/wp-json\/wp\/v2\/media?parent=94067"}],"wp:term":[{"taxonomy":"product_brand","embeddable":true,"href":"https:\/\/www.3p-gmbh.de\/pt-br\/wp-json\/wp\/v2\/product_brand?post=94067"},{"taxonomy":"product_cat","embeddable":true,"href":"https:\/\/www.3p-gmbh.de\/pt-br\/wp-json\/wp\/v2\/product_cat?post=94067"},{"taxonomy":"product_tag","embeddable":true,"href":"https:\/\/www.3p-gmbh.de\/pt-br\/wp-json\/wp\/v2\/product_tag?post=94067"}],"curies":[{"name":"wp","href":"https:\/\/api.w.org\/{rel}","templated":true}]}}