{"id":94064,"date":"2019-07-11T13:56:09","date_gmt":"2019-07-11T13:56:09","guid":{"rendered":"https:\/\/www.3p-gmbh.de\/produkt\/aco-heidelberg-vfz-43-fratura-transversal\/"},"modified":"2019-07-11T13:56:09","modified_gmt":"2019-07-11T13:56:09","slug":"pausa-cruzada","status":"publish","type":"product","link":"https:\/\/www.3p-gmbh.de\/pt-br\/produkt\/pausa-cruzada\/","title":{"rendered":"A\u00e7o Heidelberg VFZ 43 Fratura transversal"},"content":{"rendered":"<ul>\n<li>Unidade m\u00f3vel de dobragem de espadas, ajust\u00e1vel em altura, para complementar as m\u00e1quinas de dobragem de chapas com fivela e combinadas<\/li>\n<li>Baixo investimento para maior versatilidade nos tipos de dobra<\/li>\n<li>como terceira esta\u00e7\u00e3o de dobragem para uma forma em U de f\u00e1cil utiliza\u00e7\u00e3o<\/li>\n<li>Ao rodar a unidade de dobragem da espada em 180 graus, a dobra quadrada internacional \u00e9 dobrada<\/li>\n<\/ul>\n","protected":false},"excerpt":{"rendered":"<p>Unidade m\u00f3vel de dobragem de espadas, ajust\u00e1vel em altura, para complementar as m\u00e1quinas de dobragem de chapas com fivela e combinadas Baixo investimento para maior versatilidade nos tipos de dobra como terceira esta\u00e7\u00e3o de dobragem para uma forma em U de f\u00e1cil utiliza\u00e7\u00e3o Ao rodar a unidade de dobragem da espada em 180 graus, a [&hellip;]<\/p>\n","protected":false},"featured_media":66936,"template":"","meta":[],"product_brand":[],"product_cat":[2912],"product_tag":[],"class_list":{"0":"post-94064","1":"product","2":"type-product","3":"status-publish","4":"has-post-thumbnail","6":"product_cat-unidades-de-dobragem","7":"pa_baujahr-262","8":"pa_hersteller-stahl","9":"pa_typ-vfz-43","11":"first","12":"instock","13":"sold-individually","14":"taxable","15":"shipping-taxable","16":"purchasable","17":"product-type-simple"},"jetpack_sharing_enabled":true,"_links":{"self":[{"href":"https:\/\/www.3p-gmbh.de\/pt-br\/wp-json\/wp\/v2\/product\/94064","targetHints":{"allow":["GET"]}}],"collection":[{"href":"https:\/\/www.3p-gmbh.de\/pt-br\/wp-json\/wp\/v2\/product"}],"about":[{"href":"https:\/\/www.3p-gmbh.de\/pt-br\/wp-json\/wp\/v2\/types\/product"}],"wp:featuredmedia":[{"embeddable":true,"href":"https:\/\/www.3p-gmbh.de\/pt-br\/wp-json\/wp\/v2\/media\/66936"}],"wp:attachment":[{"href":"https:\/\/www.3p-gmbh.de\/pt-br\/wp-json\/wp\/v2\/media?parent=94064"}],"wp:term":[{"taxonomy":"product_brand","embeddable":true,"href":"https:\/\/www.3p-gmbh.de\/pt-br\/wp-json\/wp\/v2\/product_brand?post=94064"},{"taxonomy":"product_cat","embeddable":true,"href":"https:\/\/www.3p-gmbh.de\/pt-br\/wp-json\/wp\/v2\/product_cat?post=94064"},{"taxonomy":"product_tag","embeddable":true,"href":"https:\/\/www.3p-gmbh.de\/pt-br\/wp-json\/wp\/v2\/product_tag?post=94064"}],"curies":[{"name":"wp","href":"https:\/\/api.w.org\/{rel}","templated":true}]}}