{"id":94060,"date":"2019-07-11T13:56:09","date_gmt":"2019-07-11T13:56:09","guid":{"rendered":"https:\/\/www.3p-gmbh.de\/produkt\/maquina-de-dobrar-combinada-heidelberg-steel-ti-40-4-kb-36-f\/"},"modified":"2019-07-11T13:56:09","modified_gmt":"2019-07-11T13:56:09","slug":"maquina-de-dobrar-combinada-8","status":"publish","type":"product","link":"https:\/\/www.3p-gmbh.de\/pt-br\/produkt\/maquina-de-dobrar-combinada-8\/","title":{"rendered":"M\u00e1quina de dobrar combinada Heidelberg Steel Ti 40-4-KB 36-F"},"content":{"rendered":"<ul>\n<li>Formato m\u00ednimo 10 x 15 cm<\/li>\n<li>Formato m\u00e1ximo 4 x 84 cm<\/li>\n<li>Alimentador de estacas planas Fi 40 com Tremat e Controlo DCT<\/li>\n<li>4 bolsos dobr\u00e1veis de 40 cm com prote\u00e7\u00e3o anti-ru\u00eddo<\/li>\n<li>2 Esta\u00e7\u00e3o de engate de cruzamento KB 36 i<\/li>\n<li>1 Exposi\u00e7\u00e3o do hangar SAK 56<\/li>\n<li>1 compressor de v\u00e1cuo de press\u00e3o, encapsulado contra ru\u00eddos<\/li>\n<\/ul>\n","protected":false},"excerpt":{"rendered":"<p>Formato m\u00ednimo 10 x 15 cm Formato m\u00e1ximo 4 x 84 cm Alimentador de estacas planas Fi 40 com Tremat e Controlo DCT 4 bolsos dobr\u00e1veis de 40 cm com prote\u00e7\u00e3o anti-ru\u00eddo 2 Esta\u00e7\u00e3o de engate de cruzamento KB 36 i 1 Exposi\u00e7\u00e3o do hangar SAK 56 1 compressor de v\u00e1cuo de press\u00e3o, encapsulado contra [&hellip;]<\/p>\n","protected":false},"featured_media":66978,"template":"","meta":[],"product_brand":[],"product_cat":[2979],"product_tag":[],"class_list":{"0":"post-94060","1":"product","2":"type-product","3":"status-publish","4":"has-post-thumbnail","6":"product_cat-maquinas-de-dobrar","7":"pa_baujahr-130","8":"pa_hersteller-heidelberg-stahl","9":"pa_typ-ti-40-4-kb-36-f","11":"first","12":"instock","13":"sold-individually","14":"taxable","15":"shipping-taxable","16":"purchasable","17":"product-type-simple"},"jetpack_sharing_enabled":true,"_links":{"self":[{"href":"https:\/\/www.3p-gmbh.de\/pt-br\/wp-json\/wp\/v2\/product\/94060","targetHints":{"allow":["GET"]}}],"collection":[{"href":"https:\/\/www.3p-gmbh.de\/pt-br\/wp-json\/wp\/v2\/product"}],"about":[{"href":"https:\/\/www.3p-gmbh.de\/pt-br\/wp-json\/wp\/v2\/types\/product"}],"wp:featuredmedia":[{"embeddable":true,"href":"https:\/\/www.3p-gmbh.de\/pt-br\/wp-json\/wp\/v2\/media\/66978"}],"wp:attachment":[{"href":"https:\/\/www.3p-gmbh.de\/pt-br\/wp-json\/wp\/v2\/media?parent=94060"}],"wp:term":[{"taxonomy":"product_brand","embeddable":true,"href":"https:\/\/www.3p-gmbh.de\/pt-br\/wp-json\/wp\/v2\/product_brand?post=94060"},{"taxonomy":"product_cat","embeddable":true,"href":"https:\/\/www.3p-gmbh.de\/pt-br\/wp-json\/wp\/v2\/product_cat?post=94060"},{"taxonomy":"product_tag","embeddable":true,"href":"https:\/\/www.3p-gmbh.de\/pt-br\/wp-json\/wp\/v2\/product_tag?post=94060"}],"curies":[{"name":"wp","href":"https:\/\/api.w.org\/{rel}","templated":true}]}}