{"id":94056,"date":"2019-07-11T13:56:09","date_gmt":"2019-07-11T13:56:09","guid":{"rendered":"https:\/\/www.3p-gmbh.de\/produkt\/maquina-de-dobrar-combinada-heidelberg-steel-52-4-kb-fl-sak-56-3\/"},"modified":"2019-07-11T13:56:09","modified_gmt":"2019-07-11T13:56:09","slug":"maquina-de-dobrar-combinada-9","status":"publish","type":"product","link":"https:\/\/www.3p-gmbh.de\/pt-br\/produkt\/maquina-de-dobrar-combinada-9\/","title":{"rendered":"M\u00e1quina de dobrar combinada Heidelberg Steel 52-4-KB-FL-SAK 56.3"},"content":{"rendered":"<ul>\n<li>Alimentador de pilha plana<\/li>\n<li>Contador predefinido<\/li>\n<li>el\u00e9trico. Controlo<\/li>\n<li>Isolamento ac\u00fastico<\/li>\n<li>mech. Defini\u00e7\u00e3o da espessura do papel<\/li>\n<li>4 bolsos com 52 de largura de entrada<\/li>\n<li>KB (espada)<\/li>\n<li>Exposi\u00e7\u00e3o em pavilh\u00e3o SAK 56.3<\/li>\n<\/ul>\n","protected":false},"excerpt":{"rendered":"<p>Alimentador de pilha plana Contador predefinido el\u00e9trico. Controlo Isolamento ac\u00fastico mech. Defini\u00e7\u00e3o da espessura do papel 4 bolsos com 52 de largura de entrada KB (espada) Exposi\u00e7\u00e3o em pavilh\u00e3o SAK 56.3<\/p>\n","protected":false},"featured_media":66996,"template":"","meta":[],"product_brand":[],"product_cat":[2979],"product_tag":[],"class_list":{"0":"post-94056","1":"product","2":"type-product","3":"status-publish","4":"has-post-thumbnail","6":"product_cat-maquinas-de-dobrar","7":"pa_baujahr-221","8":"pa_hersteller-heidelberg-stahl","9":"pa_typ-52-4-kb-fl-sak-56-3","11":"first","12":"instock","13":"sold-individually","14":"taxable","15":"shipping-taxable","16":"purchasable","17":"product-type-simple"},"jetpack_sharing_enabled":true,"_links":{"self":[{"href":"https:\/\/www.3p-gmbh.de\/pt-br\/wp-json\/wp\/v2\/product\/94056","targetHints":{"allow":["GET"]}}],"collection":[{"href":"https:\/\/www.3p-gmbh.de\/pt-br\/wp-json\/wp\/v2\/product"}],"about":[{"href":"https:\/\/www.3p-gmbh.de\/pt-br\/wp-json\/wp\/v2\/types\/product"}],"wp:featuredmedia":[{"embeddable":true,"href":"https:\/\/www.3p-gmbh.de\/pt-br\/wp-json\/wp\/v2\/media\/66996"}],"wp:attachment":[{"href":"https:\/\/www.3p-gmbh.de\/pt-br\/wp-json\/wp\/v2\/media?parent=94056"}],"wp:term":[{"taxonomy":"product_brand","embeddable":true,"href":"https:\/\/www.3p-gmbh.de\/pt-br\/wp-json\/wp\/v2\/product_brand?post=94056"},{"taxonomy":"product_cat","embeddable":true,"href":"https:\/\/www.3p-gmbh.de\/pt-br\/wp-json\/wp\/v2\/product_cat?post=94056"},{"taxonomy":"product_tag","embeddable":true,"href":"https:\/\/www.3p-gmbh.de\/pt-br\/wp-json\/wp\/v2\/product_tag?post=94056"}],"curies":[{"name":"wp","href":"https:\/\/api.w.org\/{rel}","templated":true}]}}