{"id":94050,"date":"2019-07-11T13:56:09","date_gmt":"2019-07-11T13:56:09","guid":{"rendered":"https:\/\/www.3p-gmbh.de\/produkt\/dobrador-de-placa-de-fivela-movel-2-tes-guk-fa-52-1-com-boewe-310\/"},"modified":"2019-07-11T13:56:09","modified_gmt":"2019-07-11T13:56:09","slug":"unidade-de-dobragem-de-bolso","status":"publish","type":"product","link":"https:\/\/www.3p-gmbh.de\/pt-br\/produkt\/unidade-de-dobragem-de-bolso\/","title":{"rendered":"dobrador de placa de fivela m\u00f3vel 2.tes GUK FA 52-1 com B\u00f6we 310"},"content":{"rendered":"<p><strong>2\u00aa unidade m\u00f3vel de dobragem GUK FA 52-4 mas s\u00f3 est\u00e1 instalada uma placa de fivela!<\/strong><br \/>\n<strong>Ano de fabrico 1987<\/strong><br \/>\nm\u00f3vel, anteriormente utilizado no cortador sem fim B\u00f6we 310<br \/>\n&#8211; dispositivo de prote\u00e7\u00e3o contra o ru\u00eddo<br \/>\n&#8211; aparelho de corte<\/p>\n<p><strong>Sistema de corte de alto desempenho B\u00f6we 310<\/strong><\/p>\n","protected":false},"excerpt":{"rendered":"<p>2\u00aa unidade m\u00f3vel de dobragem GUK FA 52-4 mas s\u00f3 est\u00e1 instalada uma placa de fivela! Ano de fabrico 1987 m\u00f3vel, anteriormente utilizado no cortador sem fim B\u00f6we 310 &#8211; dispositivo de prote\u00e7\u00e3o contra o ru\u00eddo &#8211; aparelho de corte Sistema de corte de alto desempenho B\u00f6we 310<\/p>\n","protected":false},"featured_media":83242,"template":"","meta":[],"product_brand":[],"product_cat":[2912],"product_tag":[],"class_list":{"0":"post-94050","1":"product","2":"type-product","3":"status-publish","4":"has-post-thumbnail","6":"product_cat-unidades-de-dobragem","7":"pa_baujahr-221","8":"pa_hersteller-guk-grieser-kunzmann","9":"pa_typ-fa-52-4","11":"first","12":"instock","13":"sold-individually","14":"taxable","15":"shipping-taxable","16":"purchasable","17":"product-type-simple"},"jetpack_sharing_enabled":true,"_links":{"self":[{"href":"https:\/\/www.3p-gmbh.de\/pt-br\/wp-json\/wp\/v2\/product\/94050","targetHints":{"allow":["GET"]}}],"collection":[{"href":"https:\/\/www.3p-gmbh.de\/pt-br\/wp-json\/wp\/v2\/product"}],"about":[{"href":"https:\/\/www.3p-gmbh.de\/pt-br\/wp-json\/wp\/v2\/types\/product"}],"wp:featuredmedia":[{"embeddable":true,"href":"https:\/\/www.3p-gmbh.de\/pt-br\/wp-json\/wp\/v2\/media\/83242"}],"wp:attachment":[{"href":"https:\/\/www.3p-gmbh.de\/pt-br\/wp-json\/wp\/v2\/media?parent=94050"}],"wp:term":[{"taxonomy":"product_brand","embeddable":true,"href":"https:\/\/www.3p-gmbh.de\/pt-br\/wp-json\/wp\/v2\/product_brand?post=94050"},{"taxonomy":"product_cat","embeddable":true,"href":"https:\/\/www.3p-gmbh.de\/pt-br\/wp-json\/wp\/v2\/product_cat?post=94050"},{"taxonomy":"product_tag","embeddable":true,"href":"https:\/\/www.3p-gmbh.de\/pt-br\/wp-json\/wp\/v2\/product_tag?post=94050"}],"curies":[{"name":"wp","href":"https:\/\/api.w.org\/{rel}","templated":true}]}}